{"id":22813,"date":"2024-09-17T18:38:22","date_gmt":"2024-09-17T18:38:22","guid":{"rendered":"https:\/\/www.solinst.com\/chyba-404-obsah-jiz-neexistuje\/"},"modified":"2024-09-17T18:38:22","modified_gmt":"2024-09-17T18:38:22","slug":"chyba-404-obsah-jiz-neexistuje","status":"publish","type":"page","link":"https:\/\/www.solinst.com\/cs\/chyba-404-obsah-jiz-neexistuje\/","title":{"rendered":"Chyba 404, obsah ji\u017e neexistuje"},"content":{"rendered":"<div class=\"wall\" style=\"background-color: #F2F3F7; border: 30px solid #fff; width: 90%; height: 90%; margin: 0 auto;\">\n<h1 style=\"text-align: center; font-family:'open-sans', arial; color: #444; font-size: 60px; padding: 50px;\">CHYBA 404 <br \/>&#8211;<br \/>NENALEZEN<\/h1>\n<p style=\"text-align: center; font-family:'open-sans', arial; color: #444; font-size: 40px; padding: 20px; line-height: 55px;\">  \/\/ Mo\u017en\u00e1 jste \u0161patn\u011b zadali adresu URL,<br \/> \/\/ Nebo byla str\u00e1nka odstran\u011bna,<br \/> \/\/ Vlastn\u011b tu nen\u00ed nic k vid\u011bn\u00ed&#8230;<\/p>\n<p style=\"text-align: center;\"><a style=\" font-family:'open-sans', arial; color: #444; font-size: 20px; padding: 20px; line-height: 30px; text-decoration: none;\" href=\"https:\/\/solinst.com\"><{{{wpml_tag_12}}}><\/a><\/p>\n<\/p><\/div>\n","protected":false},"excerpt":{"rendered":"<p>metaseo_404_page<\/p>\n","protected":false},"author":1,"featured_media":0,"parent":0,"menu_order":0,"comment_status":"closed","ping_status":"closed","template":"","meta":{"_et_pb_use_builder":"","_et_pb_old_content":"","_et_gb_content_width":"","footnotes":""},"folder":[126],"class_list":["post-22813","page","type-page","status-publish","hentry"],"yoast_head":"<!-- This site is optimized with the Yoast SEO Premium plugin v27.2 (Yoast SEO v27.2) - https:\/\/yoast.com\/product\/yoast-seo-premium-wordpress\/ -->\n<title>Chyba 404, obsah ji\u017e neexistuje - Solinst Groundwater and Surface Water Monitoring Instrumentation, Water Level Meters, Interface Meters, Dataloggers<\/title>\n<meta name=\"robots\" content=\"index, follow, max-snippet:-1, max-image-preview:large, max-video-preview:-1\" \/>\n<link rel=\"canonical\" href=\"https:\/\/www.solinst.com\/cs\/chyba-404-obsah-jiz-neexistuje\/\" \/>\n<meta property=\"og:locale\" content=\"cs_CZ\" \/>\n<meta property=\"og:type\" content=\"article\" \/>\n<meta property=\"og:title\" content=\"Chyba 404, obsah ji\u017e neexistuje\" \/>\n<meta property=\"og:description\" content=\"metaseo_404_page\" \/>\n<meta property=\"og:url\" content=\"https:\/\/www.solinst.com\/cs\/chyba-404-obsah-jiz-neexistuje\/\" \/>\n<meta property=\"og:site_name\" content=\"Solinst Groundwater and Surface Water Monitoring Instrumentation, Water Level Meters, Interface Meters, Dataloggers\" \/>\n<meta name=\"twitter:card\" content=\"summary_large_image\" \/>\n<script type=\"application\/ld+json\" class=\"yoast-schema-graph\">{\"@context\":\"https:\/\/schema.org\",\"@graph\":[{\"@type\":\"WebPage\",\"@id\":\"https:\/\/www.solinst.com\/cs\/chyba-404-obsah-jiz-neexistuje\/\",\"url\":\"https:\/\/www.solinst.com\/cs\/chyba-404-obsah-jiz-neexistuje\/\",\"name\":\"Chyba 404, obsah ji\u017e neexistuje - Solinst Groundwater and Surface Water Monitoring Instrumentation, Water Level Meters, Interface Meters, Dataloggers\",\"isPartOf\":{\"@id\":\"https:\/\/www.solinst.com\/cs\/#website\"},\"datePublished\":\"2024-09-17T18:38:22+00:00\",\"breadcrumb\":{\"@id\":\"https:\/\/www.solinst.com\/cs\/chyba-404-obsah-jiz-neexistuje\/#breadcrumb\"},\"inLanguage\":\"cs\",\"potentialAction\":[{\"@type\":\"ReadAction\",\"target\":[\"https:\/\/www.solinst.com\/cs\/chyba-404-obsah-jiz-neexistuje\/\"]}]},{\"@type\":\"BreadcrumbList\",\"@id\":\"https:\/\/www.solinst.com\/cs\/chyba-404-obsah-jiz-neexistuje\/#breadcrumb\",\"itemListElement\":[{\"@type\":\"ListItem\",\"position\":1,\"name\":\"Home\",\"item\":\"https:\/\/www.solinst.com\/cs\/home\/\"},{\"@type\":\"ListItem\",\"position\":2,\"name\":\"Chyba 404, obsah ji\u017e neexistuje\"}]},{\"@type\":\"WebSite\",\"@id\":\"https:\/\/www.solinst.com\/cs\/#website\",\"url\":\"https:\/\/www.solinst.com\/cs\/\",\"name\":\"Solinst Groundwater and Surface Water Monitoring Instrumentation, Water Level Meters, Interface Meters, Dataloggers\",\"description\":\"High quality groundwater monitoring instruments and surface water monitoring instruments including water level meters, interface meters, groundwater samplers, dataloggers and more!\",\"potentialAction\":[{\"@type\":\"SearchAction\",\"target\":{\"@type\":\"EntryPoint\",\"urlTemplate\":\"https:\/\/www.solinst.com\/cs\/?s={search_term_string}\"},\"query-input\":{\"@type\":\"PropertyValueSpecification\",\"valueRequired\":true,\"valueName\":\"search_term_string\"}}],\"inLanguage\":\"cs\"}]}<\/script>\n<!-- \/ Yoast SEO Premium plugin. -->","yoast_head_json":{"title":"Chyba 404, obsah ji\u017e neexistuje - Solinst Groundwater and Surface Water Monitoring Instrumentation, Water Level Meters, Interface Meters, Dataloggers","robots":{"index":"index","follow":"follow","max-snippet":"max-snippet:-1","max-image-preview":"max-image-preview:large","max-video-preview":"max-video-preview:-1"},"canonical":"https:\/\/www.solinst.com\/cs\/chyba-404-obsah-jiz-neexistuje\/","og_locale":"cs_CZ","og_type":"article","og_title":"Chyba 404, obsah ji\u017e neexistuje","og_description":"metaseo_404_page","og_url":"https:\/\/www.solinst.com\/cs\/chyba-404-obsah-jiz-neexistuje\/","og_site_name":"Solinst Groundwater and Surface Water Monitoring Instrumentation, Water Level Meters, Interface Meters, Dataloggers","twitter_card":"summary_large_image","schema":{"@context":"https:\/\/schema.org","@graph":[{"@type":"WebPage","@id":"https:\/\/www.solinst.com\/cs\/chyba-404-obsah-jiz-neexistuje\/","url":"https:\/\/www.solinst.com\/cs\/chyba-404-obsah-jiz-neexistuje\/","name":"Chyba 404, obsah ji\u017e neexistuje - Solinst Groundwater and Surface Water Monitoring Instrumentation, Water Level Meters, Interface Meters, Dataloggers","isPartOf":{"@id":"https:\/\/www.solinst.com\/cs\/#website"},"datePublished":"2024-09-17T18:38:22+00:00","breadcrumb":{"@id":"https:\/\/www.solinst.com\/cs\/chyba-404-obsah-jiz-neexistuje\/#breadcrumb"},"inLanguage":"cs","potentialAction":[{"@type":"ReadAction","target":["https:\/\/www.solinst.com\/cs\/chyba-404-obsah-jiz-neexistuje\/"]}]},{"@type":"BreadcrumbList","@id":"https:\/\/www.solinst.com\/cs\/chyba-404-obsah-jiz-neexistuje\/#breadcrumb","itemListElement":[{"@type":"ListItem","position":1,"name":"Home","item":"https:\/\/www.solinst.com\/cs\/home\/"},{"@type":"ListItem","position":2,"name":"Chyba 404, obsah ji\u017e neexistuje"}]},{"@type":"WebSite","@id":"https:\/\/www.solinst.com\/cs\/#website","url":"https:\/\/www.solinst.com\/cs\/","name":"Solinst Groundwater and Surface Water Monitoring Instrumentation, Water Level Meters, Interface Meters, Dataloggers","description":"High quality groundwater monitoring instruments and surface water monitoring instruments including water level meters, interface meters, groundwater samplers, dataloggers and more!","potentialAction":[{"@type":"SearchAction","target":{"@type":"EntryPoint","urlTemplate":"https:\/\/www.solinst.com\/cs\/?s={search_term_string}"},"query-input":{"@type":"PropertyValueSpecification","valueRequired":true,"valueName":"search_term_string"}}],"inLanguage":"cs"}]}},"_links":{"self":[{"href":"https:\/\/www.solinst.com\/cs\/wp-json\/wp\/v2\/pages\/22813","targetHints":{"allow":["GET"]}}],"collection":[{"href":"https:\/\/www.solinst.com\/cs\/wp-json\/wp\/v2\/pages"}],"about":[{"href":"https:\/\/www.solinst.com\/cs\/wp-json\/wp\/v2\/types\/page"}],"author":[{"embeddable":true,"href":"https:\/\/www.solinst.com\/cs\/wp-json\/wp\/v2\/users\/1"}],"replies":[{"embeddable":true,"href":"https:\/\/www.solinst.com\/cs\/wp-json\/wp\/v2\/comments?post=22813"}],"version-history":[{"count":0,"href":"https:\/\/www.solinst.com\/cs\/wp-json\/wp\/v2\/pages\/22813\/revisions"}],"wp:attachment":[{"href":"https:\/\/www.solinst.com\/cs\/wp-json\/wp\/v2\/media?parent=22813"}],"wp:term":[{"taxonomy":"folder","embeddable":true,"href":"https:\/\/www.solinst.com\/cs\/wp-json\/wp\/v2\/folder?post=22813"}],"curies":[{"name":"wp","href":"https:\/\/api.w.org\/{rel}","templated":true}]}}