{"id":93487,"date":"2025-05-21T16:02:06","date_gmt":"2025-05-21T16:02:06","guid":{"rendered":"https:\/\/www.solinst.com\/test-potvrzovaci-stranky-gf-mc\/"},"modified":"2025-12-22T21:22:21","modified_gmt":"2025-12-22T21:22:21","slug":"test-potvrzovaci-stranky-gf-mc","status":"publish","type":"page","link":"https:\/\/www.solinst.com\/cs\/test-potvrzovaci-stranky-gf-mc\/","title":{"rendered":"Test potvrzovac\u00ed str\u00e1nky GF &#8211; MC"},"content":{"rendered":"<p>[et_pb_section fb_built=&#8220;1&#8243; _builder_version=&#8220;4.27.4&#8243; _module_preset=&#8220;default&#8220; global_colors_info=&#8220;{}&#8220;][et_pb_row _builder_version=&#8220;4.27.4&#8243; _module_preset=&#8220;default&#8220; global_colors_info=&#8220;{}&#8220;][et_pb_column type=&#8220;4_4&#8243; _builder_version=&#8220;4.27.4&#8243; _module_preset=&#8220;default&#8220; global_colors_info=&#8220;{}&#8220;][et_pb_code _builder_version=&#8220;4.27.4&#8243; _module_preset=&#8220;default&#8220; global_colors_info=&#8220;{}&#8220;]D\u011bkujeme, \u017ee jste n\u00e1s kontaktovali! Brzy se s v\u00e1mi spoj\u00edme. <!-- [et_pb_line_break_holder] --><!\u2013- [et_pb_br_holder] -\u2013><!\u2013- [et_pb_br_holder] -\u2013><!-- [et_pb_line_break_holder] --><span id=\"formId\">{form_id}<\/span><!\u2013- [et_pb_br_holder] -\u2013><!-- [et_pb_line_break_holder] --><span id=\"formTitle\">{form_title}<\/span><!\u2013- [et_pb_br_holder] -\u2013><!-- [et_pb_line_break_holder] --><span id=\"emailAddress\">{Email:2}<\/span><!\u2013- [et_pb_br_holder] -\u2013><!-- [et_pb_line_break_holder] --><span id=\"firstName\">{Jm\u00e9no (prvn\u00ed):1.3}<\/span><!\u2013- [et_pb_br_holder] -\u2013><!-- [et_pb_line_break_holder] --><span id=\"lastName\">{Jm\u00e9no (posledn\u00ed):1.6}<\/span><!\u2013- [et_pb_br_holder] -\u2013><!-- [et_pb_line_break_holder] --><span id=\"formId\">{Unique ID:11}<\/span><!-- [et_pb_line_break_holder] --><!-- [et_pb_line_break_holder] --><script><!-- [et_pb_line_break_holder] -->        dataLayer.push({<!-- [et_pb_line_break_holder] -->            'form_data': {<!-- [et_pb_line_break_holder] -->                'form_id': '{form_id}',<!-- [et_pb_line_break_holder] -->                'form_title': '{form_title}',<!-- [et_pb_line_break_holder] -->                'email_address': '{Email:2}',<!-- [et_pb_line_break_holder] -->                'first_name': '{Name (First):1.3}',<!-- [et_pb_line_break_holder] -->                'last_name': '{Name (Last):1.6}',<!-- [et_pb_line_break_holder] -->              \t'company': '{Company:9}',<!-- [et_pb_line_break_holder] -->              \t'phone': '{Phone:10}',<!-- [et_pb_line_break_holder] -->              \t'address_1': '{Address (Street Address):3.1}',<!-- [et_pb_line_break_holder] -->              \t'address_2': '{Address (Address Line 2):3.2}',<!-- [et_pb_line_break_holder] -->              \t'city': '{Address (City):3.3}',<!-- [et_pb_line_break_holder] -->              \t'state_province': '{Address (State \/ Province):3.4}',<!-- [et_pb_line_break_holder] -->              \t'country': '{Address (Country):3.6}'<!-- [et_pb_line_break_holder] -->            }<!-- [et_pb_line_break_holder] -->        });<!-- [et_pb_line_break_holder] --><\/script>[\/et_pb_code][\/et_pb_column][\/et_pb_row][\/et_pb_section][et_pb_section fb_built=&#8220;1&#8243; specialty=&#8220;on&#8220; _builder_version=&#8220;4.27.4&#8243; _module_preset=&#8220;5a5bca26-a9a5-4e6c-8fca-d64da3bdcd40&#8243; width=&#8220;100%&#8220; global_colors_info=&#8220;{}&#8220;][et_pb_column type=&#8220;1_4&#8243; _builder_version=&#8220;4.16&#8243; custom_padding=&#8220;|||&#8220; global_colors_info=&#8220;{}&#8220; custom_padding__hover=&#8220;|||&#8220;][\/et_pb_column][et_pb_column type=&#8220;3_4&#8243; specialty_columns=&#8220;3&#8243; _builder_version=&#8220;4.16&#8243; custom_padding=&#8220;|||&#8220; global_colors_info=&#8220;{}&#8220; custom_padding__hover=&#8220;|||&#8220;][et_pb_row_inner column_structure=&#8220;1_2,1_2&#8243; make_equal=&#8220;on&#8220; _builder_version=&#8220;4.27.4&#8243; _module_preset=&#8220;default&#8220; global_colors_info=&#8220;{}&#8220;][et_pb_column_inner type=&#8220;1_2&#8243; saved_specialty_column_type=&#8220;3_4&#8243; _builder_version=&#8220;4.27.4&#8243; _module_preset=&#8220;default&#8220; global_colors_info=&#8220;{}&#8220;][et_pb_text _builder_version=&#8220;4.27.4&#8243; _module_preset=&#8220;default&#8220; global_colors_info=&#8220;{}&#8220;]<\/p>\n<h2><a href=\"https:\/\/www.solinst.com\/cs\/produkty\/zarizeni-pro-mereni-hladiny\/\" title=\"Za\u0159\u00edzen\u00ed pro m\u011b\u0159en\u00ed hladiny vody\"><strong>Za\u0159\u00edzen\u00ed pro m\u011b\u0159en\u00ed hladiny<\/strong><\/a><\/h2>\n<p>[\/et_pb_text][et_pb_blurb title=&#8220;Hladinom\u011br&#8220; url=&#8220;https:\/\/www.solinst.com\/products\/level-measurement-devices\/101-water-level-meter\/&#8220; image=&#8220;https:\/\/www.solinst.com\/wp-content\/uploads\/2024\/09\/101-water-level-meter-thumbnail.webp&#8220; alt=&#8220;hladinom\u011br solinst 101&#8243; icon_placement=&#8220;left&#8220; _builder_version=&#8220;4.27.4&#8243; _module_preset=&#8220;default&#8220; header_level=&#8220;h3&#8243; header_font=&#8220;|700|||||||&#8220; header_text_align=&#8220;left&#8220; body_font=&#8220;||||||||&#8220; custom_padding=&#8220;20px|10px|20px|10px|false|false&#8220; hover_enabled=&#8220;0&#8243; custom_css_free_form=&#8220;.et_pb_main_blurb_image img {||  min-width: 130px;||}||||.et_pb_module {||  min-width: 320px;||}||||.et_pb_button {||  ||    color: #000000 !important;||    border: 1px solid #ff8500 !important;||    border-radius: 20px;||  ||\t\t\/*font-family: Open Sans,Arial,sans-serif;||    -webkit-font-smoothing: antialiased;||    text-align: left;||    box-sizing: border-box;||    margin: 0;||    outline: 0;||    -webkit-text-size-adjust: 100%;||    vertical-align: baseline;||    background: transparent;||    font-weight: 500;||    ||    background-size: cover;||    background-position: 50%;||    background-repeat: no-repeat;||    transition-duration: .2s;||    transition-property: all!important;||    position: relative;||    text-decoration: none;||    background-color: hsla(0,0%,100%,.2);||    border: 2px solid #ff8500;||    ||    display: inline-block;*\/||||}||||.et_pb_button:hover {||    border: 2px solid #ff8500;||  \tbackground-color: transparent !important;||  \tpadding: .3em 2em .3em .3em !important;||}||||.et_pb_button:after, .et_pb_button:before {||    font-size: 20px;||  \tline-height: 1.7em;||  \t||}||||.et_pb_button:hover:after {||  \tmargin-left: 0.2em;||}||  \t||  ||\/*    content: %22%9235%22;||    opacity: 0;||    position: absolute;||    margin-left: -1em;||    -webkit-transition: all .2s;||    transition: all .2s;||    text-transform: none;||    -webkit-font-feature-settings: %22kern%22 off;||    font-feature-settings: %22kern%22 off;||    font-variant: none;||    font-style: normal;||    font-weight: 400;||    text-shadow: none;||||}  *\/||&#8220; border_radii=&#8220;on|20px|20px|20px|20px&#8220; border_width_all=&#8220;1px&#8220; border_color_all=&#8220;#d9d9d9&#8243; global_colors_info=&#8220;{}&#8220; sticky_enabled=&#8220;0&#8243;]<\/p>\n<p>&#8211; Model 101<br \/><a href=\"https:\/\/www.solinst.com\/products\/data\/101.pdf\" target=\"_blank\" rel=\"noopener\">Datov\u00fd list (PDF)<\/a><\/p>\n<p><a href=\"https:\/\/www.solinst.com\/products\/level-measurement-devices\/101-water-level-meter\/get-quote.php\" class=\"et_pb_button dsm_button\" data-icon=\"I\" data-uw-rm-brl=\"PR\">Z\u00edskat nab\u00eddku<\/a><\/p>\n<p>[\/et_pb_blurb][et_pb_blurb title=&#8220;Hladinom\u011br&#8220; url=&#8220;https:\/\/www.solinst.com\/products\/level-measurement-devices\/101-water-level-meter\/&#8220; image=&#8220;https:\/\/www.solinst.com\/wp-content\/uploads\/2024\/09\/101-water-level-meter-thumbnail.webp&#8220; alt=&#8220;hladinom\u011br solinst 101&#8243; icon_placement=&#8220;left&#8220; _builder_version=&#8220;4.27.4&#8243; _module_preset=&#8220;default&#8220; header_level=&#8220;h3&#8243; header_font=&#8220;|700|||||||&#8220; header_text_align=&#8220;left&#8220; body_font=&#8220;||||||||&#8220; custom_padding=&#8220;20px|10px|20px|10px|false|false&#8220; custom_css_free_form=&#8220;.et_pb_main_blurb_image img {||  min-width: 130px;||}||||.et_pb_button {||  ||    color: #000000 !important;||    border: 1px solid #ff8500 !important;||    border-radius: 20px;||  ||\t\t\/*font-family: Open Sans,Arial,sans-serif;||    -webkit-font-smoothing: antialiased;||    text-align: left;||    box-sizing: border-box;||    margin: 0;||    outline: 0;||    -webkit-text-size-adjust: 100%;||    vertical-align: baseline;||    background: transparent;||    font-weight: 500;||    ||    background-size: cover;||    background-position: 50%;||    background-repeat: no-repeat;||    transition-duration: .2s;||    transition-property: all!important;||    position: relative;||    text-decoration: none;||    background-color: hsla(0,0%,100%,.2);||    border: 2px solid #ff8500;||    ||    display: inline-block;*\/||||}||||.et_pb_button:hover {||    border: 2px solid #ff8500;||  \tbackground-color: transparent !important;||  \tpadding: .3em 2em .3em .3em !important;||}||||.et_pb_button:after, .et_pb_button:before {||    font-size: 20px;||  \tline-height: 1.7em;||  \t||}||||.et_pb_button:hover:after {||  \tmargin-left: 0.2em;||}||  \t||  ||\/*    content: %22%9235%22;||    opacity: 0;||    position: absolute;||    margin-left: -1em;||    -webkit-transition: all .2s;||    transition: all .2s;||    text-transform: none;||    -webkit-font-feature-settings: %22kern%22 off;||    font-feature-settings: %22kern%22 off;||    font-variant: none;||    font-style: normal;||    font-weight: 400;||    text-shadow: none;||||}  *\/||&#8220; border_radii=&#8220;on|20px|20px|20px|20px&#8220; border_width_all=&#8220;1px&#8220; border_color_all=&#8220;#d9d9d9&#8243; global_colors_info=&#8220;{}&#8220;]<\/p>\n<p>&#8211; Model 101<br \/><a href=\"https:\/\/www.solinst.com\/products\/data\/101.pdf\" target=\"_blank\" rel=\"noopener\">Datov\u00fd list (PDF)<\/a><\/p>\n<p><a href=\"https:\/\/www.solinst.com\/products\/level-measurement-devices\/101-water-level-meter\/get-quote.php\" class=\"et_pb_button dsm_button\" data-icon=\"I\" data-uw-rm-brl=\"PR\">Z\u00edskat nab\u00eddku<\/a><\/p>\n<p>[\/et_pb_blurb][\/et_pb_column_inner][et_pb_column_inner type=&#8220;1_2&#8243; saved_specialty_column_type=&#8220;3_4&#8243; _builder_version=&#8220;4.27.4&#8243; _module_preset=&#8220;default&#8220; global_colors_info=&#8220;{}&#8220;][et_pb_text _builder_version=&#8220;4.27.4&#8243; _module_preset=&#8220;default&#8220; global_colors_info=&#8220;{}&#8220;]<\/p>\n<h2><a href=\"https:\/\/www.solinst.com\/cs\/produkty\/dataloggery-a-telemetricke-systemy\/\" title=\"Dataloggery a telemetrie\"><strong>Dataloggery a telemetrie<\/strong><\/a><\/h2>\n<p>[\/et_pb_text][et_pb_blurb title=&#8220;Levelogger\u00ae 5&#8243; url=&#8220;https:\/\/www.solinst.com\/products\/level-measurement-devices\/101-water-level-meter\/&#8220; image=&#8220;https:\/\/www.solinst.com\/wp-content\/uploads\/2024\/09\/3001-levelogger-5-thumbnail-234&#215;232-1.webp&#8220; alt=&#8220;solinst levelogger 5 datalogger hladiny vody&#8220; icon_placement=&#8220;left&#8220; _builder_version=&#8220;4.27.4&#8243; _module_preset=&#8220;default&#8220; header_level=&#8220;h3&#8243; header_font=&#8220;|700|||||||&#8220; header_text_align=&#8220;left&#8220; body_font=&#8220;||||||||&#8220; custom_padding=&#8220;20px|10px|20px|10px|false|false&#8220; link_option_url=&#8220;https:\/\/www.solinst.com\/products\/level-measurement-devices\/101-water-level-meter\/&#8220; custom_css_free_form=&#8220;.et_pb_main_blurb_image img {||  min-width: 130px;||}||||.et_pb_button {||  ||    color: #000000 !important;||    border: 1px solid #ff8500 !important;||    border-radius: 20px;||  ||\t\t\/*font-family: Open Sans,Arial,sans-serif;||    -webkit-font-smoothing: antialiased;||    text-align: left;||    box-sizing: border-box;||    margin: 0;||    outline: 0;||    -webkit-text-size-adjust: 100%;||    vertical-align: baseline;||    background: transparent;||    font-weight: 500;||    ||    background-size: cover;||    background-position: 50%;||    background-repeat: no-repeat;||    transition-duration: .2s;||    transition-property: all!important;||    position: relative;||    text-decoration: none;||    background-color: hsla(0,0%,100%,.2);||    border: 2px solid #ff8500;||    ||    display: inline-block;*\/||||}||||.et_pb_button:hover {||    border: 2px solid #ff8500;||  \tbackground-color: transparent !important;||  \tpadding: .3em 2em .3em .3em !important;||}||||.et_pb_button:after, .et_pb_button:before {||    font-size: 20px;||  \tline-height: 1.7em;||  \t||}||||.et_pb_button:hover:after {||  \tmargin-left: 0.2em;||}||  \t||  ||\/*    content: %22%9235%22;||    opacity: 0;||    position: absolute;||    margin-left: -1em;||    -webkit-transition: all .2s;||    transition: all .2s;||    text-transform: none;||    -webkit-font-feature-settings: %22kern%22 off;||    font-feature-settings: %22kern%22 off;||    font-variant: none;||    font-style: normal;||    font-weight: 400;||    text-shadow: none;||||}  *\/||&#8220; border_radii=&#8220;on|20px|20px|20px|20px&#8220; border_width_all=&#8220;1px&#8220; border_color_all=&#8220;#d9d9d9&#8243; global_colors_info=&#8220;{}&#8220;]<\/p>\n<p>&#8211; Model 3001<br \/> h<i class=\"fa-regular fa-file-pdf\"><\/i> Katalogov\u00fd list (PDF)<\/p>\n<p><a href=\"https:\/\/www.solinst.com\/products\/dataloggers-and-telemetry\/3001-levelogger-series\/get-quote.php\" class=\"et_pb_button dsm_button\" data-icon=\"I\" data-uw-rm-brl=\"PR\">Z\u00edskat nab\u00eddku<\/a><\/p>\n<p>[\/et_pb_blurb][et_pb_blurb title=&#8220;Levelogger\u00ae 5&#8243; url=&#8220;https:\/\/www.solinst.com\/products\/level-measurement-devices\/101-water-level-meter\/&#8220; image=&#8220;https:\/\/www.solinst.com\/wp-content\/uploads\/2024\/09\/3001-levelogger-5-thumbnail-234&#215;232-1.webp&#8220; alt=&#8220;solinst levelogger 5 datalogger hladiny vody&#8220; icon_placement=&#8220;left&#8220; _builder_version=&#8220;4.27.4&#8243; _module_preset=&#8220;default&#8220; header_level=&#8220;h3&#8243; header_font=&#8220;|700|||||||&#8220; header_text_align=&#8220;left&#8220; body_font=&#8220;||||||||&#8220; custom_padding=&#8220;20px|10px|20px|10px|false|false&#8220; link_option_url=&#8220;https:\/\/www.solinst.com\/products\/level-measurement-devices\/101-water-level-meter\/&#8220; custom_css_free_form=&#8220;.et_pb_main_blurb_image img {||  min-width: 130px;||}||||.et_pb_button {||  ||    color: #000000 !important;||    border: 1px solid #ff8500 !important;||    border-radius: 20px;||  ||\t\t\/*font-family: Open Sans,Arial,sans-serif;||    -webkit-font-smoothing: antialiased;||    text-align: left;||    box-sizing: border-box;||    margin: 0;||    outline: 0;||    -webkit-text-size-adjust: 100%;||    vertical-align: baseline;||    background: transparent;||    font-weight: 500;||    ||    background-size: cover;||    background-position: 50%;||    background-repeat: no-repeat;||    transition-duration: .2s;||    transition-property: all!important;||    position: relative;||    text-decoration: none;||    background-color: hsla(0,0%,100%,.2);||    border: 2px solid #ff8500;||    ||    display: inline-block;*\/||||}||||.et_pb_button:hover {||    border: 2px solid #ff8500;||  \tbackground-color: transparent !important;||  \tpadding: .3em 2em .3em .3em !important;||}||||.et_pb_button:after, .et_pb_button:before {||    font-size: 20px;||  \tline-height: 1.7em;||  \t||}||||.et_pb_button:hover:after {||  \tmargin-left: 0.2em;||}||  \t||  ||\/*    content: %22%9235%22;||    opacity: 0;||    position: absolute;||    margin-left: -1em;||    -webkit-transition: all .2s;||    transition: all .2s;||    text-transform: none;||    -webkit-font-feature-settings: %22kern%22 off;||    font-feature-settings: %22kern%22 off;||    font-variant: none;||    font-style: normal;||    font-weight: 400;||    text-shadow: none;||||}  *\/||&#8220; border_radii=&#8220;on|20px|20px|20px|20px&#8220; border_width_all=&#8220;1px&#8220; border_color_all=&#8220;#d9d9d9&#8243; global_colors_info=&#8220;{}&#8220;]<\/p>\n<p>&#8211; Model 3001<br \/>Datov\u00fd list (PDF)<\/p>\n<p><a href=\"https:\/\/www.solinst.com\/products\/dataloggers-and-telemetry\/3001-levelogger-series\/get-quote.php\" class=\"et_pb_button dsm_button\" data-icon=\"I\" data-uw-rm-brl=\"PR\">Z\u00edskat nab\u00eddku<\/a><\/p>\n<p>[\/et_pb_blurb][\/et_pb_column_inner][\/et_pb_row_inner][\/et_pb_column][\/et_pb_section]<\/p>\n","protected":false},"excerpt":{"rendered":"<p>Za\u0159\u00edzen\u00ed pro m\u011b\u0159en\u00ed hladiny- Model 101Datov\u00fd list (PDF) Z\u00edskat nab\u00eddku- Model 101Datov\u00fd list (PDF) Z\u00edskat nab\u00eddkuDataloggery a telemetrie- Model 3001 h Katalogov\u00fd list (PDF) Z\u00edskat nab\u00eddku- Model 3001Datov\u00fd list (PDF) Z\u00edskat nab\u00eddku<\/p>\n","protected":false},"author":3,"featured_media":0,"parent":0,"menu_order":0,"comment_status":"closed","ping_status":"closed","template":"","meta":{"_et_pb_use_builder":"on","_et_pb_old_content":"","_et_gb_content_width":"","footnotes":""},"folder":[129],"class_list":["post-93487","page","type-page","status-publish","hentry"],"yoast_head":"<!-- This site is optimized with the Yoast SEO Premium plugin v27.2 (Yoast SEO v27.2) - https:\/\/yoast.com\/product\/yoast-seo-premium-wordpress\/ -->\n<title>Test potvrzovac\u00ed str\u00e1nky GF - MC - Solinst Groundwater and Surface Water Monitoring Instrumentation, Water Level Meters, Interface Meters, Dataloggers<\/title>\n<meta name=\"robots\" content=\"index, follow, max-snippet:-1, max-image-preview:large, max-video-preview:-1\" \/>\n<link rel=\"canonical\" href=\"https:\/\/www.solinst.com\/cs\/test-potvrzovaci-stranky-gf-mc\/\" \/>\n<meta property=\"og:locale\" content=\"cs_CZ\" \/>\n<meta property=\"og:type\" content=\"article\" \/>\n<meta property=\"og:title\" content=\"Test potvrzovac\u00ed str\u00e1nky GF - MC\" \/>\n<meta property=\"og:description\" content=\"Za\u0159\u00edzen\u00ed pro m\u011b\u0159en\u00ed hladiny- Model 101Datov\u00fd list (PDF) Z\u00edskat nab\u00eddku- Model 101Datov\u00fd list (PDF) Z\u00edskat nab\u00eddkuDataloggery a telemetrie- Model 3001 h Katalogov\u00fd list (PDF) Z\u00edskat nab\u00eddku- Model 3001Datov\u00fd list (PDF) Z\u00edskat nab\u00eddku\" \/>\n<meta property=\"og:url\" content=\"https:\/\/www.solinst.com\/cs\/test-potvrzovaci-stranky-gf-mc\/\" \/>\n<meta property=\"og:site_name\" content=\"Solinst Groundwater and Surface Water Monitoring Instrumentation, Water Level Meters, Interface Meters, Dataloggers\" \/>\n<meta property=\"article:modified_time\" content=\"2025-12-22T21:22:21+00:00\" \/>\n<meta name=\"twitter:card\" content=\"summary_large_image\" \/>\n<meta name=\"twitter:label1\" content=\"Odhadovan\u00e1 doba \u010dten\u00ed\" \/>\n\t<meta name=\"twitter:data1\" content=\"6 minut\" \/>\n<script type=\"application\/ld+json\" class=\"yoast-schema-graph\">{\"@context\":\"https:\/\/schema.org\",\"@graph\":[{\"@type\":\"WebPage\",\"@id\":\"https:\/\/www.solinst.com\/cs\/test-potvrzovaci-stranky-gf-mc\/\",\"url\":\"https:\/\/www.solinst.com\/cs\/test-potvrzovaci-stranky-gf-mc\/\",\"name\":\"Test potvrzovac\u00ed str\u00e1nky GF - MC - Solinst Groundwater and Surface Water Monitoring Instrumentation, Water Level Meters, Interface Meters, Dataloggers\",\"isPartOf\":{\"@id\":\"https:\/\/www.solinst.com\/cs\/#website\"},\"datePublished\":\"2025-05-21T16:02:06+00:00\",\"dateModified\":\"2025-12-22T21:22:21+00:00\",\"breadcrumb\":{\"@id\":\"https:\/\/www.solinst.com\/cs\/test-potvrzovaci-stranky-gf-mc\/#breadcrumb\"},\"inLanguage\":\"cs\",\"potentialAction\":[{\"@type\":\"ReadAction\",\"target\":[\"https:\/\/www.solinst.com\/cs\/test-potvrzovaci-stranky-gf-mc\/\"]}]},{\"@type\":\"BreadcrumbList\",\"@id\":\"https:\/\/www.solinst.com\/cs\/test-potvrzovaci-stranky-gf-mc\/#breadcrumb\",\"itemListElement\":[{\"@type\":\"ListItem\",\"position\":1,\"name\":\"Home\",\"item\":\"https:\/\/www.solinst.com\/cs\/home\/\"},{\"@type\":\"ListItem\",\"position\":2,\"name\":\"Test potvrzovac\u00ed str\u00e1nky GF &#8211; MC\"}]},{\"@type\":\"WebSite\",\"@id\":\"https:\/\/www.solinst.com\/cs\/#website\",\"url\":\"https:\/\/www.solinst.com\/cs\/\",\"name\":\"Solinst Groundwater and Surface Water Monitoring Instrumentation, Water Level Meters, Interface Meters, Dataloggers\",\"description\":\"High quality groundwater monitoring instruments and surface water monitoring instruments including water level meters, interface meters, groundwater samplers, dataloggers and more!\",\"potentialAction\":[{\"@type\":\"SearchAction\",\"target\":{\"@type\":\"EntryPoint\",\"urlTemplate\":\"https:\/\/www.solinst.com\/cs\/?s={search_term_string}\"},\"query-input\":{\"@type\":\"PropertyValueSpecification\",\"valueRequired\":true,\"valueName\":\"search_term_string\"}}],\"inLanguage\":\"cs\"}]}<\/script>\n<!-- \/ Yoast SEO Premium plugin. -->","yoast_head_json":{"title":"Test potvrzovac\u00ed str\u00e1nky GF - MC - Solinst Groundwater and Surface Water Monitoring Instrumentation, Water Level Meters, Interface Meters, Dataloggers","robots":{"index":"index","follow":"follow","max-snippet":"max-snippet:-1","max-image-preview":"max-image-preview:large","max-video-preview":"max-video-preview:-1"},"canonical":"https:\/\/www.solinst.com\/cs\/test-potvrzovaci-stranky-gf-mc\/","og_locale":"cs_CZ","og_type":"article","og_title":"Test potvrzovac\u00ed str\u00e1nky GF - MC","og_description":"Za\u0159\u00edzen\u00ed pro m\u011b\u0159en\u00ed hladiny- Model 101Datov\u00fd list (PDF) Z\u00edskat nab\u00eddku- Model 101Datov\u00fd list (PDF) Z\u00edskat nab\u00eddkuDataloggery a telemetrie- Model 3001 h Katalogov\u00fd list (PDF) Z\u00edskat nab\u00eddku- Model 3001Datov\u00fd list (PDF) Z\u00edskat nab\u00eddku","og_url":"https:\/\/www.solinst.com\/cs\/test-potvrzovaci-stranky-gf-mc\/","og_site_name":"Solinst Groundwater and Surface Water Monitoring Instrumentation, Water Level Meters, Interface Meters, Dataloggers","article_modified_time":"2025-12-22T21:22:21+00:00","twitter_card":"summary_large_image","twitter_misc":{"Odhadovan\u00e1 doba \u010dten\u00ed":"6 minut"},"schema":{"@context":"https:\/\/schema.org","@graph":[{"@type":"WebPage","@id":"https:\/\/www.solinst.com\/cs\/test-potvrzovaci-stranky-gf-mc\/","url":"https:\/\/www.solinst.com\/cs\/test-potvrzovaci-stranky-gf-mc\/","name":"Test potvrzovac\u00ed str\u00e1nky GF - MC - Solinst Groundwater and Surface Water Monitoring Instrumentation, Water Level Meters, Interface Meters, Dataloggers","isPartOf":{"@id":"https:\/\/www.solinst.com\/cs\/#website"},"datePublished":"2025-05-21T16:02:06+00:00","dateModified":"2025-12-22T21:22:21+00:00","breadcrumb":{"@id":"https:\/\/www.solinst.com\/cs\/test-potvrzovaci-stranky-gf-mc\/#breadcrumb"},"inLanguage":"cs","potentialAction":[{"@type":"ReadAction","target":["https:\/\/www.solinst.com\/cs\/test-potvrzovaci-stranky-gf-mc\/"]}]},{"@type":"BreadcrumbList","@id":"https:\/\/www.solinst.com\/cs\/test-potvrzovaci-stranky-gf-mc\/#breadcrumb","itemListElement":[{"@type":"ListItem","position":1,"name":"Home","item":"https:\/\/www.solinst.com\/cs\/home\/"},{"@type":"ListItem","position":2,"name":"Test potvrzovac\u00ed str\u00e1nky GF &#8211; MC"}]},{"@type":"WebSite","@id":"https:\/\/www.solinst.com\/cs\/#website","url":"https:\/\/www.solinst.com\/cs\/","name":"Solinst Groundwater and Surface Water Monitoring Instrumentation, Water Level Meters, Interface Meters, Dataloggers","description":"High quality groundwater monitoring instruments and surface water monitoring instruments including water level meters, interface meters, groundwater samplers, dataloggers and more!","potentialAction":[{"@type":"SearchAction","target":{"@type":"EntryPoint","urlTemplate":"https:\/\/www.solinst.com\/cs\/?s={search_term_string}"},"query-input":{"@type":"PropertyValueSpecification","valueRequired":true,"valueName":"search_term_string"}}],"inLanguage":"cs"}]}},"_links":{"self":[{"href":"https:\/\/www.solinst.com\/cs\/wp-json\/wp\/v2\/pages\/93487","targetHints":{"allow":["GET"]}}],"collection":[{"href":"https:\/\/www.solinst.com\/cs\/wp-json\/wp\/v2\/pages"}],"about":[{"href":"https:\/\/www.solinst.com\/cs\/wp-json\/wp\/v2\/types\/page"}],"author":[{"embeddable":true,"href":"https:\/\/www.solinst.com\/cs\/wp-json\/wp\/v2\/users\/3"}],"replies":[{"embeddable":true,"href":"https:\/\/www.solinst.com\/cs\/wp-json\/wp\/v2\/comments?post=93487"}],"version-history":[{"count":12,"href":"https:\/\/www.solinst.com\/cs\/wp-json\/wp\/v2\/pages\/93487\/revisions"}],"predecessor-version":[{"id":144901,"href":"https:\/\/www.solinst.com\/cs\/wp-json\/wp\/v2\/pages\/93487\/revisions\/144901"}],"wp:attachment":[{"href":"https:\/\/www.solinst.com\/cs\/wp-json\/wp\/v2\/media?parent=93487"}],"wp:term":[{"taxonomy":"folder","embeddable":true,"href":"https:\/\/www.solinst.com\/cs\/wp-json\/wp\/v2\/folder?post=93487"}],"curies":[{"name":"wp","href":"https:\/\/api.w.org\/{rel}","templated":true}]}}