{"id":37937,"date":"2025-01-22T17:26:40","date_gmt":"2025-01-22T17:26:40","guid":{"rendered":"https:\/\/www.solinst.com\/produkte\/spohr-messtechnik\/spohr-allgemeines-angebotsformular-danke\/"},"modified":"2025-02-18T21:58:52","modified_gmt":"2025-02-18T21:58:52","slug":"spohr-allgemeines-angebotsformular-danke","status":"publish","type":"page","link":"https:\/\/www.solinst.com\/de\/produkte\/spohr-messtechnik\/spohr-allgemeines-angebotsformular-danke\/","title":{"rendered":"Spohr Allgemeines Angebotsformular Danke"},"content":{"rendered":"<p>[et_pb_section fb_built=&#8220;1&#8243; fullwidth=&#8220;on&#8220; _builder_version=&#8220;4.27.2&#8243; _module_preset=&#8220;default&#8220; global_colors_info=&#8220;{}&#8220;][et_pb_fullwidth_image src=&#8220;https:\/\/www.solinst.com\/wp-content\/uploads\/2025\/01\/spohr-messtechnik-1920&#215;500-1.webp&#8220; alt=&#8220;spohr messtechnik hydrometrische instrumente&#8220; title_text=&#8220;Spohr Messtechnik Hydrometrische Instrumente&#8220; src_tablet=&#8220;https:\/\/www.solinst.com\/wp-content\/uploads\/2025\/01\/spohr-messtechnik-965&#215;500-1.webp&#8220; src_phone=&#8220;https:\/\/www.solinst.com\/wp-content\/uploads\/2025\/01\/spohr-messtechnik-965&#215;500-1.webp&#8220; src_last_edited=&#8220;on|phone&#8220; _builder_version=&#8220;4.27.4&#8243; _module_preset=&#8220;default&#8220; global_colors_info=&#8220;{}&#8220;][\/et_pb_fullwidth_image][\/et_pb_section][et_pb_section fb_built=&#8220;1&#8243; custom_padding_last_edited=&#8220;off|desktop&#8220; admin_label=&#8220;H1 and breadcrumbs&#8220; _builder_version=&#8220;4.27.4&#8243; _module_preset=&#8220;792ca5bd-0808-46bd-9ce7-3bcb8e74f4d3&#8243; global_colors_info=&#8220;{}&#8220;][et_pb_row _builder_version=&#8220;4.27.4&#8243; _module_preset=&#8220;4b28f470-0d73-4e9d-b92d-e6f41f2cea24&#8243; global_colors_info=&#8220;{}&#8220;][et_pb_column type=&#8220;4_4&#8243; _builder_version=&#8220;4.25.0&#8243; _module_preset=&#8220;default&#8220; global_colors_info=&#8220;{}&#8220;][et_pb_text _builder_version=&#8220;4.27.4&#8243; _module_preset=&#8220;3078f328-b50a-467d-9906-3143dabcd7ac&#8220; header_text_align_tablet=&#8220;&#8220; header_text_align_phone=&#8220;&#8220; header_text_align_last_edited=&#8220;on|desktop&#8220; header_font_size_tablet=&#8220;30px&#8220; header_font_size_phone=&#8220;26px&#8220; global_colors_info=&#8220;{}&#8220;]<\/p>\n<h1 role=\"heading\" aria-level=\"2\" data-uw-rm-heading=\"level\">Spohr-Messtechnik GmbH: Allgemeines Angebotsformular Dankesch\u00f6n<\/h1>\n<p>[\/et_pb_text][dsm_breadcrumbs disabled_on=&#8220;on|off|off&#8220; _builder_version=&#8220;4.27.2&#8243; _module_preset=&#8220;default&#8220; home_icon_text_color=&#8220;#d6d6d6&#8243; global_colors_info=&#8220;{}&#8220;][\/dsm_breadcrumbs][\/et_pb_column][\/et_pb_row][\/et_pb_section][et_pb_section fb_built=&#8220;1&#8243; admin_label=&#8220;Mobile-Only Nav with Offset&#8220; _builder_version=&#8220;4.27.4&#8243; _module_preset=&#8220;4759a92f-4b27-4854-bb2c-299854634e93&#8243; sticky_offset_top=&#8220;127px&#8220; global_module=&#8220;36405&#8243; saved_tabs=&#8220;all&#8220; global_colors_info=&#8220;{}&#8220;][et_pb_row _builder_version=&#8220;4.27.4&#8243; _module_preset=&#8220;default&#8220; width=&#8220;90%&#8220; custom_margin=&#8220;0px||||false|false&#8220; custom_padding=&#8220;0px||||false|false&#8220; global_colors_info=&#8220;{}&#8220;][et_pb_column type=&#8220;4_4&#8243; _builder_version=&#8220;4.27.4&#8243; _module_preset=&#8220;default&#8220; global_colors_info=&#8220;{}&#8220;][et_pb_code admin_label=&#8220;Spohr Mobile Nav &#8211; Dropdown ausw\u00e4hlen&#8220; _builder_version=&#8220;4.27.4&#8243; _module_preset=&#8220;default&#8220; custom_css_free_form=&#8220;select {||||      font-size: 1em; \/* Adjust font size *\/||      padding: 10px;   \/* Optional: Increase padding for better spacing *\/||      width: 100%;||      box-sizing: border-box;\/* Optional: Adjust width to fit the container *\/||      height: 50px;||}||||    \/* Style for dropdown options (fallback if needed) *\/||select option {||      font-size: 1.2em; \/* Ensures option text matches select styling *\/||      width: 100%;||    }&#8220; global_colors_info=&#8220;{}&#8220;]<select name=\"dropdown\" onchange=\"location = this.value;\"><!-- [et_pb_line_break_holder] --><option value=\"\">Spohr Messtechnik Men\u00fc<\/option><!-- [et_pb_line_break_holder] --><option value=\"\/instruments\/spohr\/\">Spohr Messtechnik Hauptseite<\/option><!-- [et_pb_line_break_holder] --><option value=\"\/instruments\/spohr\/lightweight-water-level-meter\/\">-Spohr Lightweight Wasserstandsmessger\u00e4t<\/option><!-- [et_pb_line_break_holder] --><option value=\"\/instruments\/spohr\/lightweight-water-level-meter\/quote\/\">&#8211;Kostenvoranschlag anfordern<\/option><!-- [et_pb_line_break_holder] --><option value=\"\/instruments\/spohr\/lightweight-water-level-meter\/datasheet\/\">-Datenblatt<\/option><!-- [et_pb_line_break_holder] --><option value=\"\/instruments\/spohr\/lightweight-water-level-meter\/operating-instructions\/\">-Anweisungen<\/option><!-- [et_pb_line_break_holder] --><!-- [et_pb_line_break_holder] --><option value=\"\/instruments\/spohr\/water-level-meters\/\">-Spohr Wasserstandsmessger\u00e4te<\/option><!-- [et_pb_line_break_holder] --><option value=\"\/instruments\/spohr\/tag-line\/\">-Spohr Tag Line<\/option><!-- [et_pb_line_break_holder] --><option value=\"\/instruments\/spohr\/staff-gauges\/\">-Spohr Stabmessger\u00e4te<\/option><!-- [et_pb_line_break_holder] --><option value=\"\/instruments\/spohr\/well-whistle\/\">-Spohr Brunnenpfeife<\/option><!-- [et_pb_line_break_holder] --><option value=\"\/instruments\/spohr\/monitoring-well-caps\/\">-Spohr \u00dcberwachungsbrunnenkappen<\/option><!-- [et_pb_line_break_holder] -->    <!-- [et_pb_line_break_holder] --><option value=\"\/instruments\/spohr\/general-quote-form\/\">Angebot einholen<\/option><!-- [et_pb_line_break_holder] --><option value=\"\/instruments\/spohr\/contact-form\/\">Senden Sie mir Infos<\/option><!-- [et_pb_line_break_holder] --><option value=\"\/instruments\/spohr\/rentals\/\">Spohr Vermietungen<\/option><!-- [et_pb_line_break_holder] --><\/select>[\/et_pb_code][\/et_pb_column][\/et_pb_row][\/et_pb_section][et_pb_section fb_built=&#8220;1&#8243; specialty=&#8220;on&#8220; _builder_version=&#8220;4.27.2&#8243; _module_preset=&#8220;5a5bca26-a9a5-4e6c-8fca-d64da3bdcd40&#8243; global_colors_info=&#8220;{}&#8220;][et_pb_column type=&#8220;1_4&#8243; _builder_version=&#8220;4.16&#8243; custom_padding=&#8220;|||&#8220; global_colors_info=&#8220;{}&#8220; custom_padding__hover=&#8220;|||&#8220;][et_pb_menu menu_id=&#8220;239&#8243; admin_label=&#8220;Spohr Main Nav&#8220; _builder_version=&#8220;4.27.4&#8243; _module_preset=&#8220;242faa89-ac4f-4e46-90fe-505e8c1eab79&#8243; global_module=&#8220;36361&#8243; saved_tabs=&#8220;all&#8220; global_colors_info=&#8220;{}&#8220;][\/et_pb_menu][\/et_pb_column][et_pb_column type=&#8220;3_4&#8243; specialty_columns=&#8220;3&#8243; _builder_version=&#8220;4.16&#8243; custom_padding=&#8220;|||&#8220; global_colors_info=&#8220;{}&#8220; custom_padding__hover=&#8220;|||&#8220;][et_pb_row_inner _builder_version=&#8220;4.27.4&#8243; _module_preset=&#8220;default&#8220; custom_margin=&#8220;0px||1em||false|false&#8220; custom_padding=&#8220;0px||0px||false|false&#8220; global_colors_info=&#8220;{}&#8220;][et_pb_column_inner saved_specialty_column_type=&#8220;3_4&#8243; _builder_version=&#8220;4.27.2&#8243; _module_preset=&#8220;default&#8220; global_colors_info=&#8220;{}&#8220;][et_pb_text _builder_version=&#8220;4.27.4&#8243; _module_preset=&#8220;default&#8220; hover_enabled=&#8220;0&#8243; global_colors_info=&#8220;{}&#8220; sticky_enabled=&#8220;0&#8243;]<\/p>\n<p>Vielen Dank f\u00fcr Ihre Angebotsanfrage. Einer unserer technischen Vertriebsmitarbeiter wird Sie in K\u00fcrze kontaktieren. Wenn Ihre Anfrage dringend ist, senden Sie bitte eine E-Mail an <a href=\"mailto:info@spohr-messtechnik.de\">info@spohr-messtechnik.de<\/a>. Danke  <\/p>\n<p>[\/et_pb_text][\/et_pb_column_inner][\/et_pb_row_inner][\/et_pb_column][\/et_pb_section][et_pb_section fb_built=&#8220;1&#8243; admin_label=&#8220;Adobe Analytics Code&#8220; _builder_version=&#8220;4.27.0&#8243; _module_preset=&#8220;default&#8220; custom_padding=&#8220;||4px|||&#8220; global_colors_info=&#8220;{}&#8220;][et_pb_row _builder_version=&#8220;4.27.2&#8243; _module_preset=&#8220;default&#8220; global_colors_info=&#8220;{}&#8220;][et_pb_column type=&#8220;4_4&#8243; _builder_version=&#8220;4.27.0&#8243; _module_preset=&#8220;default&#8220; global_colors_info=&#8220;{}&#8220;][et_pb_code admin_label=&#8220;AA Code f\u00fcr diese Seite&#8220; _builder_version=&#8220;4.27.4&#8243; _module_preset=&#8220;default&#8220; global_colors_info=&#8220;{}&#8220;]<!-- SiteCatalyst code version: H.21. Copyright 1996-2010 Adobe, Inc. All Rights Reserved More info available at http:\/\/www.omniture.com --><!-- [et_pb_line_break_holder] --><script language=\"JavaScript\" type=\"text\/javascript\" src=\"\/\/www.solinst.com\/s_code.js\"><\/script><!-- [et_pb_line_break_holder] --><script language=\"JavaScript\" type=\"text\/javascript\"><!--<!-- [et_pb_line_break_holder] -->s.pageName=\"spohr general quote form thank you\"<!-- [et_pb_line_break_holder] -->s.server=\"\"<!-- [et_pb_line_break_holder] -->s.channel=\"products\"<!-- [et_pb_line_break_holder] -->s.pageType=\"\"<!-- [et_pb_line_break_holder] -->s.prop1=\"spohr\"<!-- [et_pb_line_break_holder] -->s.prop2=\"spohr general quote form thank you\"<!-- [et_pb_line_break_holder] -->s.prop3=\"\"<!-- [et_pb_line_break_holder] -->s.prop4=\"\"<!-- [et_pb_line_break_holder] -->s.prop5=\"\"<!-- [et_pb_line_break_holder] -->s.prop6=\"\"<!-- [et_pb_line_break_holder] -->s.prop7=\"\"<!-- [et_pb_line_break_holder] -->s.prop8=\"\"<!-- [et_pb_line_break_holder] -->s.prop9=\"\"<!-- [et_pb_line_break_holder] -->s.prop10=\"\"<!-- [et_pb_line_break_holder] -->s.prop11=\"\"<!-- [et_pb_line_break_holder] -->s.prop12=\"\"<!-- [et_pb_line_break_holder] -->s.prop13=\"\"<!-- [et_pb_line_break_holder] -->s.prop14=\"\"<!-- [et_pb_line_break_holder] -->s.prop15=\"\"<!-- [et_pb_line_break_holder] -->s.prop16=\"\"<!-- [et_pb_line_break_holder] -->s.prop17=\"\"<!-- [et_pb_line_break_holder] -->s.prop18=\"\"<!-- [et_pb_line_break_holder] -->s.prop19=\"\"<!-- [et_pb_line_break_holder] -->s.prop20=\"\"<!-- [et_pb_line_break_holder] -->s.prop21=\"\"<!-- [et_pb_line_break_holder] -->s.prop22=\"\"<!-- [et_pb_line_break_holder] -->s.prop23=\"\"<!-- [et_pb_line_break_holder] -->s.prop24=\"\"<!-- [et_pb_line_break_holder] -->s.prop25=\"\"<!-- [et_pb_line_break_holder] -->s.prop26=\"\"<!-- [et_pb_line_break_holder] -->s.prop27=\"\"<!-- [et_pb_line_break_holder] -->s.prop28=\"\"<!-- [et_pb_line_break_holder] -->s.prop29=\"\"<!-- [et_pb_line_break_holder] -->s.prop30=\"\"<!-- [et_pb_line_break_holder] -->s.prop31=\"\"<!-- [et_pb_line_break_holder] -->s.prop32=\"\"<!-- [et_pb_line_break_holder] -->s.prop33=\"\"<!-- [et_pb_line_break_holder] -->s.hier1=\"solinst:products:spohr:spohr general quote form thank you\"<!-- [et_pb_line_break_holder] --><!-- [et_pb_line_break_holder] -->\/* Conversion Variables *\/<!-- [et_pb_line_break_holder] -->s.campaign=\"\"<!-- [et_pb_line_break_holder] -->s.events=\"event2:1\"<!-- [et_pb_line_break_holder] -->s.eVar1=\"\"<!-- [et_pb_line_break_holder] -->s.eVar2=\"\"<!-- [et_pb_line_break_holder] -->s.eVar3=\"\"<!-- [et_pb_line_break_holder] -->s.eVar4=\"\"<!-- [et_pb_line_break_holder] -->s.eVar5=\"\"<!-- [et_pb_line_break_holder] -->s.eVar6=\"\"<!-- [et_pb_line_break_holder] -->s.eVar7=\"\"<!-- [et_pb_line_break_holder] -->s.eVar8=\"\"<!-- [et_pb_line_break_holder] -->s.eVar9=\"\"<!-- [et_pb_line_break_holder] -->s.eVar10=\"\"<!-- [et_pb_line_break_holder] -->s.eVar11=\"\"<!-- [et_pb_line_break_holder] -->s.eVar12=\"\"<!-- [et_pb_line_break_holder] -->s.eVar13=\"\"<!-- [et_pb_line_break_holder] -->s.eVar14=\"\"<!-- [et_pb_line_break_holder] -->s.eVar15=\"\"<!-- [et_pb_line_break_holder] -->s.eVar16=\"\"<!-- [et_pb_line_break_holder] -->s.eVar17=\"spohr general quote form thank you\"<!-- [et_pb_line_break_holder] -->s.state=\"\"<!-- [et_pb_line_break_holder] -->s.zip=\"\"<!-- [et_pb_line_break_holder] -->\/************* DO NOT ALTER ANYTHING BELOW THIS LINE ! **************\/<!-- [et_pb_line_break_holder] -->var s_code=s.t();if(s_code)document.write(s_code)\/\/--><\/script><!-- [et_pb_line_break_holder] --><script language=\"JavaScript\" type=\"text\/javascript\"><!--<!-- [et_pb_line_break_holder] -->if(navigator.appVersion.indexOf('MSIE')>=0)document.write(unescape('%3C')+'!-'+'-')<!-- [et_pb_line_break_holder] -->\/\/--><\/script><noscript><a href=\"https:\/\/www.omniture.com\" title=\"Webanalyse\"><img loading=\"lazy\" decoding=\"async\" src=\"https:\/\/solinst.d2.sc.omtrdc.net\/b\/ss\/solinst-prod\/1\/H.21--NS\/0\" height=\"1\" width=\"1\" border=\"0\" alt=\"\"><\/a><\/noscript><!--\/DO NOT REMOVE\/--><!-- [et_pb_line_break_holder] --><!-- End SiteCatalyst code version: H.21. -->[\/et_pb_code][\/et_pb_column][\/et_pb_row][\/et_pb_section]<\/p>\n","protected":false},"excerpt":{"rendered":"<p>Spohr-Messtechnik GmbH: Allgemeines Angebotsformular Dankesch\u00f6n<div class=\"et_pb_module dsm_breadcrumbs dsm_breadcrumbs_0\">\n\t\t\t\t\n\t\t\t\t\n\t\t\t\t\n\t\t\t\t\n\t\t\t\t\n\t\t\t\t\n\t\t\t\t<div class=\"et_pb_module_inner\">\n\t\t\t\t\t<nav class=\"dsm_breadcrumbs_wrap\">\n\t\t\t\t<ul class=\"dsm_breadcrumbs\" itemscope itemtype=\"https:\/\/schema.org\/BreadcrumbList\">\t\t\t<li class=\"dsm_breadcrumbs_item dsm_home_item dsm_home_item_custom\" itemprop=\"itemListElement\" itemscope\n\t\t\titemtype=\"https:\/\/schema.org\/ListItem\">\n\t\t\t\t<a href=\"https:\/\/www.solinst.com\/de\/\" itemprop=\"item\" target=\"\">\n\t\t\t\t\t<span class='dsm_home_text_wrapper'>\n\t\t\t\t\t\t\t\t\t\t\t\t\t<span class=\"et-pb-icon dsm_home_icon\">\ue009<\/span>\n\t\t\t\t\t\t\t\t\t\t\t\t\t<span class=\"dsm_home_text\" itemprop=\"name\">\n\t\t\t\t\t\t\t\tHome\t\t\t\t\t\t\t<\/span>\n\t\t\t\t\t<\/span>\n\t\t\t\t<\/a>\n\t\t\t\t<meta itemprop=\"position\" content=\"1\" \/>\n\t\t\t<\/li>\n\n\t\t<li class=\"dsm_breadcrumbs_separator\"> <span class=\"et-pb-icon dsm_separator_icon\">5<\/span><\/li><\/ul>\n\t\t\t<\/nav>\n\t\t\t\t<\/div>\n\t\t\t<\/div>Vielen Dank f\u00fcr Ihre Angebotsanfrage. Einer unserer technischen Vertriebsmitarbeiter wird Sie in K\u00fcrze kontaktieren. Wenn Ihre Anfrage dringend ist, senden Sie bitte eine E-Mail an info@spohr-messtechnik.de. Danke<\/p>\n","protected":false},"author":3,"featured_media":0,"parent":36048,"menu_order":0,"comment_status":"closed","ping_status":"closed","template":"","meta":{"_et_pb_use_builder":"on","_et_pb_old_content":"","_et_gb_content_width":"","footnotes":""},"folder":[248],"class_list":["post-37937","page","type-page","status-publish","hentry"],"yoast_head":"<!-- This site is optimized with the Yoast SEO Premium plugin v27.2 (Yoast SEO v27.2) - https:\/\/yoast.com\/product\/yoast-seo-premium-wordpress\/ -->\n<title>Spohr Allgemeines Angebotsformular Danke<\/title>\n<meta name=\"robots\" content=\"noindex, follow\" \/>\n<meta property=\"og:locale\" content=\"de_DE\" \/>\n<meta property=\"og:type\" content=\"article\" \/>\n<meta property=\"og:title\" content=\"Spohr Allgemeines Angebotsformular Danke\" \/>\n<meta property=\"og:description\" content=\"Spohr-Messtechnik GmbH: Allgemeines Angebotsformular Dankesch\u00f6nVielen Dank f\u00fcr Ihre Angebotsanfrage. Einer unserer technischen Vertriebsmitarbeiter wird Sie in K\u00fcrze kontaktieren. Wenn Ihre Anfrage dringend ist, senden Sie bitte eine E-Mail an info@spohr-messtechnik.de. Danke\" \/>\n<meta property=\"og:url\" content=\"https:\/\/www.solinst.com\/de\/produkte\/spohr-messtechnik\/spohr-allgemeines-angebotsformular-danke\/\" \/>\n<meta property=\"og:site_name\" content=\"Solinst Groundwater and Surface Water Monitoring Instrumentation, Water Level Meters, Interface Meters, Dataloggers\" \/>\n<meta property=\"article:modified_time\" content=\"2025-02-18T21:58:52+00:00\" \/>\n<meta property=\"og:image\" content=\"https:\/\/solinst.d2.sc.omtrdc.net\/b\/ss\/solinst-prod\/1\/H.21--NS\/0\" \/>\n<meta name=\"twitter:card\" content=\"summary_large_image\" \/>\n<meta name=\"twitter:label1\" content=\"Gesch\u00e4tzte Lesezeit\" \/>\n\t<meta name=\"twitter:data1\" content=\"3\u00a0Minuten\" \/>\n<script type=\"application\/ld+json\" class=\"yoast-schema-graph\">{\"@context\":\"https:\/\/schema.org\",\"@graph\":[{\"@type\":\"WebPage\",\"@id\":\"https:\/\/www.solinst.com\/de\/produkte\/spohr-messtechnik\/spohr-allgemeines-angebotsformular-danke\/\",\"url\":\"https:\/\/www.solinst.com\/de\/produkte\/spohr-messtechnik\/spohr-allgemeines-angebotsformular-danke\/\",\"name\":\"Spohr Allgemeines Angebotsformular Danke\",\"isPartOf\":{\"@id\":\"https:\/\/www.solinst.com\/de\/#website\"},\"primaryImageOfPage\":{\"@id\":\"https:\/\/www.solinst.com\/de\/produkte\/spohr-messtechnik\/spohr-allgemeines-angebotsformular-danke\/#primaryimage\"},\"image\":{\"@id\":\"https:\/\/www.solinst.com\/de\/produkte\/spohr-messtechnik\/spohr-allgemeines-angebotsformular-danke\/#primaryimage\"},\"thumbnailUrl\":\"https:\/\/solinst.d2.sc.omtrdc.net\/b\/ss\/solinst-prod\/1\/H.21--NS\/0\",\"datePublished\":\"2025-01-22T17:26:40+00:00\",\"dateModified\":\"2025-02-18T21:58:52+00:00\",\"breadcrumb\":{\"@id\":\"https:\/\/www.solinst.com\/de\/produkte\/spohr-messtechnik\/spohr-allgemeines-angebotsformular-danke\/#breadcrumb\"},\"inLanguage\":\"de\",\"potentialAction\":[{\"@type\":\"ReadAction\",\"target\":[\"https:\/\/www.solinst.com\/de\/produkte\/spohr-messtechnik\/spohr-allgemeines-angebotsformular-danke\/\"]}]},{\"@type\":\"ImageObject\",\"inLanguage\":\"de\",\"@id\":\"https:\/\/www.solinst.com\/de\/produkte\/spohr-messtechnik\/spohr-allgemeines-angebotsformular-danke\/#primaryimage\",\"url\":\"https:\/\/solinst.d2.sc.omtrdc.net\/b\/ss\/solinst-prod\/1\/H.21--NS\/0\",\"contentUrl\":\"https:\/\/solinst.d2.sc.omtrdc.net\/b\/ss\/solinst-prod\/1\/H.21--NS\/0\"},{\"@type\":\"BreadcrumbList\",\"@id\":\"https:\/\/www.solinst.com\/de\/produkte\/spohr-messtechnik\/spohr-allgemeines-angebotsformular-danke\/#breadcrumb\",\"itemListElement\":[{\"@type\":\"ListItem\",\"position\":1,\"name\":\"Home\",\"item\":\"https:\/\/www.solinst.com\/de\/startseite\/\"},{\"@type\":\"ListItem\",\"position\":2,\"name\":\"Produkte\",\"item\":\"https:\/\/www.solinst.com\/de\/produkte\/\"},{\"@type\":\"ListItem\",\"position\":3,\"name\":\"Spohr Messtechnik\",\"item\":\"https:\/\/www.solinst.com\/de\/produkte\/spohr-messtechnik\/\"},{\"@type\":\"ListItem\",\"position\":4,\"name\":\"Spohr Allgemeines Angebotsformular Danke\"}]},{\"@type\":\"WebSite\",\"@id\":\"https:\/\/www.solinst.com\/de\/#website\",\"url\":\"https:\/\/www.solinst.com\/de\/\",\"name\":\"Solinst Groundwater and Surface Water Monitoring Instrumentation, Water Level Meters, Interface Meters, Dataloggers\",\"description\":\"High quality groundwater monitoring instruments and surface water monitoring instruments including water level meters, interface meters, groundwater samplers, dataloggers and more!\",\"potentialAction\":[{\"@type\":\"SearchAction\",\"target\":{\"@type\":\"EntryPoint\",\"urlTemplate\":\"https:\/\/www.solinst.com\/de\/?s={search_term_string}\"},\"query-input\":{\"@type\":\"PropertyValueSpecification\",\"valueRequired\":true,\"valueName\":\"search_term_string\"}}],\"inLanguage\":\"de\"}]}<\/script>\n<!-- \/ Yoast SEO Premium plugin. -->","yoast_head_json":{"title":"Spohr Allgemeines Angebotsformular Danke","robots":{"index":"noindex","follow":"follow"},"og_locale":"de_DE","og_type":"article","og_title":"Spohr Allgemeines Angebotsformular Danke","og_description":"Spohr-Messtechnik GmbH: Allgemeines Angebotsformular Dankesch\u00f6nVielen Dank f\u00fcr Ihre Angebotsanfrage. Einer unserer technischen Vertriebsmitarbeiter wird Sie in K\u00fcrze kontaktieren. Wenn Ihre Anfrage dringend ist, senden Sie bitte eine E-Mail an info@spohr-messtechnik.de. Danke","og_url":"https:\/\/www.solinst.com\/de\/produkte\/spohr-messtechnik\/spohr-allgemeines-angebotsformular-danke\/","og_site_name":"Solinst Groundwater and Surface Water Monitoring Instrumentation, Water Level Meters, Interface Meters, Dataloggers","article_modified_time":"2025-02-18T21:58:52+00:00","og_image":[{"url":"https:\/\/solinst.d2.sc.omtrdc.net\/b\/ss\/solinst-prod\/1\/H.21--NS\/0","type":"","width":"","height":""}],"twitter_card":"summary_large_image","twitter_misc":{"Gesch\u00e4tzte Lesezeit":"3\u00a0Minuten"},"schema":{"@context":"https:\/\/schema.org","@graph":[{"@type":"WebPage","@id":"https:\/\/www.solinst.com\/de\/produkte\/spohr-messtechnik\/spohr-allgemeines-angebotsformular-danke\/","url":"https:\/\/www.solinst.com\/de\/produkte\/spohr-messtechnik\/spohr-allgemeines-angebotsformular-danke\/","name":"Spohr Allgemeines Angebotsformular Danke","isPartOf":{"@id":"https:\/\/www.solinst.com\/de\/#website"},"primaryImageOfPage":{"@id":"https:\/\/www.solinst.com\/de\/produkte\/spohr-messtechnik\/spohr-allgemeines-angebotsformular-danke\/#primaryimage"},"image":{"@id":"https:\/\/www.solinst.com\/de\/produkte\/spohr-messtechnik\/spohr-allgemeines-angebotsformular-danke\/#primaryimage"},"thumbnailUrl":"https:\/\/solinst.d2.sc.omtrdc.net\/b\/ss\/solinst-prod\/1\/H.21--NS\/0","datePublished":"2025-01-22T17:26:40+00:00","dateModified":"2025-02-18T21:58:52+00:00","breadcrumb":{"@id":"https:\/\/www.solinst.com\/de\/produkte\/spohr-messtechnik\/spohr-allgemeines-angebotsformular-danke\/#breadcrumb"},"inLanguage":"de","potentialAction":[{"@type":"ReadAction","target":["https:\/\/www.solinst.com\/de\/produkte\/spohr-messtechnik\/spohr-allgemeines-angebotsformular-danke\/"]}]},{"@type":"ImageObject","inLanguage":"de","@id":"https:\/\/www.solinst.com\/de\/produkte\/spohr-messtechnik\/spohr-allgemeines-angebotsformular-danke\/#primaryimage","url":"https:\/\/solinst.d2.sc.omtrdc.net\/b\/ss\/solinst-prod\/1\/H.21--NS\/0","contentUrl":"https:\/\/solinst.d2.sc.omtrdc.net\/b\/ss\/solinst-prod\/1\/H.21--NS\/0"},{"@type":"BreadcrumbList","@id":"https:\/\/www.solinst.com\/de\/produkte\/spohr-messtechnik\/spohr-allgemeines-angebotsformular-danke\/#breadcrumb","itemListElement":[{"@type":"ListItem","position":1,"name":"Home","item":"https:\/\/www.solinst.com\/de\/startseite\/"},{"@type":"ListItem","position":2,"name":"Produkte","item":"https:\/\/www.solinst.com\/de\/produkte\/"},{"@type":"ListItem","position":3,"name":"Spohr Messtechnik","item":"https:\/\/www.solinst.com\/de\/produkte\/spohr-messtechnik\/"},{"@type":"ListItem","position":4,"name":"Spohr Allgemeines Angebotsformular Danke"}]},{"@type":"WebSite","@id":"https:\/\/www.solinst.com\/de\/#website","url":"https:\/\/www.solinst.com\/de\/","name":"Solinst Groundwater and Surface Water Monitoring Instrumentation, Water Level Meters, Interface Meters, Dataloggers","description":"High quality groundwater monitoring instruments and surface water monitoring instruments including water level meters, interface meters, groundwater samplers, dataloggers and more!","potentialAction":[{"@type":"SearchAction","target":{"@type":"EntryPoint","urlTemplate":"https:\/\/www.solinst.com\/de\/?s={search_term_string}"},"query-input":{"@type":"PropertyValueSpecification","valueRequired":true,"valueName":"search_term_string"}}],"inLanguage":"de"}]}},"_links":{"self":[{"href":"https:\/\/www.solinst.com\/de\/wp-json\/wp\/v2\/pages\/37937","targetHints":{"allow":["GET"]}}],"collection":[{"href":"https:\/\/www.solinst.com\/de\/wp-json\/wp\/v2\/pages"}],"about":[{"href":"https:\/\/www.solinst.com\/de\/wp-json\/wp\/v2\/types\/page"}],"author":[{"embeddable":true,"href":"https:\/\/www.solinst.com\/de\/wp-json\/wp\/v2\/users\/3"}],"replies":[{"embeddable":true,"href":"https:\/\/www.solinst.com\/de\/wp-json\/wp\/v2\/comments?post=37937"}],"version-history":[{"count":10,"href":"https:\/\/www.solinst.com\/de\/wp-json\/wp\/v2\/pages\/37937\/revisions"}],"predecessor-version":[{"id":61572,"href":"https:\/\/www.solinst.com\/de\/wp-json\/wp\/v2\/pages\/37937\/revisions\/61572"}],"up":[{"embeddable":true,"href":"https:\/\/www.solinst.com\/de\/wp-json\/wp\/v2\/pages\/36048"}],"wp:attachment":[{"href":"https:\/\/www.solinst.com\/de\/wp-json\/wp\/v2\/media?parent=37937"}],"wp:term":[{"taxonomy":"folder","embeddable":true,"href":"https:\/\/www.solinst.com\/de\/wp-json\/wp\/v2\/folder?post=37937"}],"curies":[{"name":"wp","href":"https:\/\/api.w.org\/{rel}","templated":true}]}}