{"id":88644,"date":"2025-04-17T19:21:25","date_gmt":"2025-04-17T19:21:25","guid":{"rendered":"https:\/\/www.solinst.com\/solinst-vertriebsgesellschaften\/solinst-vertriebspartnerschulung-nicht-teilgenommen\/"},"modified":"2025-04-17T19:22:30","modified_gmt":"2025-04-17T19:22:30","slug":"solinst-vertriebspartnerschulung-nicht-teilgenommen","status":"publish","type":"page","link":"https:\/\/www.solinst.com\/de\/solinst-vertriebsgesellschaften\/solinst-vertriebspartnerschulung-nicht-teilgenommen\/","title":{"rendered":"Solinst Vertriebspartnerschulung &#8211; Nicht teilgenommen"},"content":{"rendered":"<p>[et_pb_section fb_built=&#8220;1&#8243; custom_padding_last_edited=&#8220;off|desktop&#8220; admin_label=&#8220;H1 and breadcrumbs&#8220; _builder_version=&#8220;4.27.4&#8243; _module_preset=&#8220;792ca5bd-0808-46bd-9ce7-3bcb8e74f4d3&#8243; sticky_limit_bottom=&#8220;body&#8220; global_colors_info=&#8220;{}&#8220; theme_builder_area=&#8220;post_content&#8220;][et_pb_row _builder_version=&#8220;4.27.4&#8243; _module_preset=&#8220;4b28f470-0d73-4e9d-b92d-e6f41f2cea24&#8243; sticky_position=&#8220;none&#8220; global_colors_info=&#8220;{}&#8220; theme_builder_area=&#8220;post_content&#8220;][et_pb_column type=&#8220;4_4&#8243; _builder_version=&#8220;4.25.0&#8243; _module_preset=&#8220;default&#8220; global_colors_info=&#8220;{}&#8220; theme_builder_area=&#8220;post_content&#8220;][et_pb_text _builder_version=&#8220;4.27.4&#8243; _module_preset=&#8220;3078f328-b50a-467d-9906-3143dabcd7ac&#8220; hover_enabled=&#8220;0&#8243; header_text_align_tablet=&#8220;&#8220; header_text_align_phone=&#8220;&#8220; header_text_align_last_edited=&#8220;on|desktop&#8220; header_font_size_tablet=&#8220;30px&#8220; header_font_size_phone=&#8220;26px&#8220; global_colors_info=&#8220;{}&#8220; theme_builder_area=&#8220;post_content&#8220; sticky_enabled=&#8220;0&#8243;]<\/p>\n<h1 role=\"heading\" aria-level=\"2\" data-uw-rm-heading=\"level\">Solinst Vertriebspartner Schulung<\/h1>\n<p>[\/et_pb_text][dsm_breadcrumbs disabled_on=&#8220;on|off|off&#8220; _builder_version=&#8220;4.27.4&#8243; _module_preset=&#8220;default&#8220; home_icon_text_color=&#8220;#d6d6d6&#8243; global_colors_info=&#8220;{}&#8220; theme_builder_area=&#8220;post_content&#8220;][\/dsm_breadcrumbs][\/et_pb_column][\/et_pb_row][\/et_pb_section][et_pb_section fb_built=&#8220;1&#8243; theme_builder_area=&#8220;post_content&#8220; _builder_version=&#8220;4.27.4&#8243; _module_preset=&#8220;default&#8220;][et_pb_row _builder_version=&#8220;4.27.4&#8243; _module_preset=&#8220;default&#8220; theme_builder_area=&#8220;post_content&#8220; column_structure=&#8220;1_2,1_2&#8243;][et_pb_column _builder_version=&#8220;4.27.4&#8243; _module_preset=&#8220;default&#8220; type=&#8220;1_2&#8243; theme_builder_area=&#8220;post_content&#8220;][et_pb_image src=&#8220;https:\/\/www.solinst.com\/wp-content\/uploads\/2025\/04\/sdc-25-logo.webp&#8220; _builder_version=&#8220;4.27.4&#8243; _module_preset=&#8220;default&#8220; theme_builder_area=&#8220;post_content&#8220; hover_enabled=&#8220;0&#8243; sticky_enabled=&#8220;0&#8243; alt=&#8220;sdc 25 Solinst-Distributorenkonferenz 2025&#8243; title_text=&#8220;SDC 25 Solinst Vertriebspartner Konferenz 2025&#8243;][\/et_pb_image][et_pb_text _builder_version=&#8220;4.27.4&#8243; _module_preset=&#8220;default&#8220; theme_builder_area=&#8220;post_content&#8220; hover_enabled=&#8220;0&#8243; sticky_enabled=&#8220;0&#8243; header_2_font_size=&#8220;28px&#8220; header_2_line_height=&#8220;1.2em&#8220;]<\/p>\n<h2><strong>Vielen Dank, dass Sie uns mitgeteilt haben, dass Sie <span style=\"text-decoration: underline;\">nicht an der SDC-25 teilnehmen k\u00f6nnen<\/span>.<\/strong><\/h2>\n<p>Sie erhalten eine Best\u00e4tigungs-E-Mail, in der Sie best\u00e4tigen, dass Sie nicht an den kommenden Schulungen f\u00fcr Vertriebspartner teilnehmen m\u00f6chten, die vom 7. bis 9. Oktober 2025 bei Solinst Canada Ltd. stattfinden. Wenn Sie best\u00e4tigen, dass Sie nicht teilnehmen werden, werden Sie in Zukunft keine E-Mail-Updates zum SDC-25 mehr erhalten. <\/p>\n<p>Wenn Sie Ihre Meinung \u00e4ndern und doch teilnehmen m\u00f6chten, kontaktieren Sie bitte das Solinst Distributor Relations Team unter <a href=\"mailto:distributorsupport@solinst.com\">distributorsupport@solinst.com<\/a><\/p>\n<p>Dankesch\u00f6n<\/p>\n<p>[\/et_pb_text][\/et_pb_column][et_pb_column _builder_version=&#8220;4.27.4&#8243; _module_preset=&#8220;default&#8220; type=&#8220;1_2&#8243; theme_builder_area=&#8220;post_content&#8220;][et_pb_code _builder_version=&#8220;4.27.4&#8243; _module_preset=&#8220;default&#8220; theme_builder_area=&#8220;post_content&#8220; hover_enabled=&#8220;0&#8243; sticky_enabled=&#8220;0&#8243;]<iframe class=\"wp-embedded-content\" sandbox=\"allow-scripts\" security=\"restricted\" height=\"539px\" src=\"https:\/\/oembed.jotform.com\/232685038219258#?secret=dw8AmiBhBf\" data-secret=\"dw8AmiBhBf\"><\/iframe>[\/et_pb_code][\/et_pb_column][\/et_pb_row][\/et_pb_section][et_pb_section fb_built=&#8220;1&#8243; admin_label=&#8220;Adobe Analytics Code&#8220; _builder_version=&#8220;4.27.0&#8243; _module_preset=&#8220;default&#8220; custom_padding=&#8220;||4px|||&#8220; global_colors_info=&#8220;{}&#8220; theme_builder_area=&#8220;post_content&#8220;][et_pb_row _builder_version=&#8220;4.27.2&#8243; _module_preset=&#8220;default&#8220; global_colors_info=&#8220;{}&#8220; theme_builder_area=&#8220;post_content&#8220;][et_pb_column type=&#8220;4_4&#8243; _builder_version=&#8220;4.27.0&#8243; _module_preset=&#8220;default&#8220; global_colors_info=&#8220;{}&#8220; theme_builder_area=&#8220;post_content&#8220;][et_pb_code admin_label=&#8220;AA Code f\u00fcr diese Seite&#8220; _builder_version=&#8220;4.27.4&#8243; _module_preset=&#8220;default&#8220; hover_enabled=&#8220;0&#8243; global_colors_info=&#8220;{}&#8220; theme_builder_area=&#8220;post_content&#8220; sticky_enabled=&#8220;0&#8243;]<!-- SiteCatalyst code version: H.21. Copyright 1996-2010 Adobe, Inc. All Rights Reserved More info available at http:\/\/www.omniture.com --><!-- [et_pb_line_break_holder] --><script language=\"JavaScript\" type=\"text\/javascript\" src=\"\/\/www.solinst.com\/s_code.js\"><\/script><!-- [et_pb_line_break_holder] --><script language=\"JavaScript\" type=\"text\/javascript\"><!--<!-- [et_pb_line_break_holder] -->s.pageName=\"distributor training no\"<!-- [et_pb_line_break_holder] -->s.server=\"\"<!-- [et_pb_line_break_holder] -->s.channel=\"solinst\"<!-- [et_pb_line_break_holder] -->s.pageType=\"\"<!-- [et_pb_line_break_holder] -->s.prop1=\"distributor\"<!-- [et_pb_line_break_holder] -->s.prop2=\"distributor training no\"<!-- [et_pb_line_break_holder] -->s.prop3=\"\"<!-- [et_pb_line_break_holder] -->s.prop4=\"\"<!-- [et_pb_line_break_holder] -->s.prop5=\"\"<!-- [et_pb_line_break_holder] -->s.prop6=\"\"<!-- [et_pb_line_break_holder] -->s.prop7=\"\"<!-- [et_pb_line_break_holder] -->s.prop8=\"\"<!-- [et_pb_line_break_holder] -->s.prop9=\"\"<!-- [et_pb_line_break_holder] -->s.prop10=\"\"<!-- [et_pb_line_break_holder] -->s.prop11=\"\"<!-- [et_pb_line_break_holder] -->s.prop12=\"\"<!-- [et_pb_line_break_holder] -->s.prop13=\"\"<!-- [et_pb_line_break_holder] -->s.prop14=\"\"<!-- [et_pb_line_break_holder] -->s.prop15=\"\"<!-- [et_pb_line_break_holder] -->s.prop16=\"\"<!-- [et_pb_line_break_holder] -->s.prop17=\"\"<!-- [et_pb_line_break_holder] -->s.prop18=\"\"<!-- [et_pb_line_break_holder] -->s.prop19=\"\"<!-- [et_pb_line_break_holder] -->s.prop20=\"\"<!-- [et_pb_line_break_holder] -->s.prop21=\"\"<!-- [et_pb_line_break_holder] -->s.prop22=\"\"<!-- [et_pb_line_break_holder] -->s.prop23=\"\"<!-- [et_pb_line_break_holder] -->s.prop24=\"\"<!-- [et_pb_line_break_holder] -->s.prop25=\"\"<!-- [et_pb_line_break_holder] -->s.prop26=\"\"<!-- [et_pb_line_break_holder] -->s.prop27=\"\"<!-- [et_pb_line_break_holder] -->s.prop28=\"\"<!-- [et_pb_line_break_holder] -->s.prop29=\"\"<!-- [et_pb_line_break_holder] -->s.prop30=\"\"<!-- [et_pb_line_break_holder] -->s.prop31=\"\"<!-- [et_pb_line_break_holder] -->s.prop32=\"\"<!-- [et_pb_line_break_holder] -->s.prop33=\"\"<!-- [et_pb_line_break_holder] -->s.hier1=\"solinst:distributor:distributor training no\"<!-- [et_pb_line_break_holder] --><!-- [et_pb_line_break_holder] -->\/* Conversion Variables *\/<!-- [et_pb_line_break_holder] -->s.campaign=\"\"<!-- [et_pb_line_break_holder] -->s.events=\"\"<!-- [et_pb_line_break_holder] -->s.eVar1=\"\"<!-- [et_pb_line_break_holder] -->s.eVar2=\"\"<!-- [et_pb_line_break_holder] -->s.eVar3=\"\"<!-- [et_pb_line_break_holder] -->s.eVar4=\"\"<!-- [et_pb_line_break_holder] -->s.eVar5=\"\"<!-- [et_pb_line_break_holder] -->s.eVar6=\"\"<!-- [et_pb_line_break_holder] -->s.eVar7=\"\"<!-- [et_pb_line_break_holder] -->s.eVar8=\"\"<!-- [et_pb_line_break_holder] -->s.eVar9=\"\"<!-- [et_pb_line_break_holder] -->s.eVar10=\"\"<!-- [et_pb_line_break_holder] -->s.eVar11=\"\"<!-- [et_pb_line_break_holder] -->s.eVar12=\"\"<!-- [et_pb_line_break_holder] -->s.eVar13=\"\"<!-- [et_pb_line_break_holder] -->s.eVar14=\"\"<!-- [et_pb_line_break_holder] -->s.eVar15=\"\"<!-- [et_pb_line_break_holder] -->s.eVar16=\"\"<!-- [et_pb_line_break_holder] -->s.eVar17=\"\"<!-- [et_pb_line_break_holder] -->s.state=\"\"<!-- [et_pb_line_break_holder] -->s.zip=\"\"<!-- [et_pb_line_break_holder] -->\/************* DO NOT ALTER ANYTHING BELOW THIS LINE ! **************\/<!-- [et_pb_line_break_holder] -->var s_code=s.t();if(s_code)document.write(s_code)\/\/--><\/script><!-- [et_pb_line_break_holder] --><script language=\"JavaScript\" type=\"text\/javascript\"><!--<!-- [et_pb_line_break_holder] -->if(navigator.appVersion.indexOf('MSIE')>=0)document.write(unescape('%3C')+'!-'+'-')<!-- [et_pb_line_break_holder] -->\/\/--><\/script><noscript><a href=\"https:\/\/www.omniture.com\" title=\"Webanalyse\"><img loading=\"lazy\" decoding=\"async\" src=\"https:\/\/solinst.d2.sc.omtrdc.net\/b\/ss\/solinst-prod\/1\/H.21--NS\/0\" height=\"1\" width=\"1\" border=\"0\" alt=\"\"><\/a><\/noscript><!--\/DO NOT REMOVE\/--><!-- [et_pb_line_break_holder] --><!-- End SiteCatalyst code version: H.21. -->[\/et_pb_code][\/et_pb_column][\/et_pb_row][\/et_pb_section]<\/p>\n","protected":false},"excerpt":{"rendered":"<p>Solinst Vertriebspartner Schulung<div class=\"et_pb_module dsm_breadcrumbs dsm_breadcrumbs_0\">\n\t\t\t\t\n\t\t\t\t\n\t\t\t\t\n\t\t\t\t\n\t\t\t\t\n\t\t\t\t\n\t\t\t\t<div class=\"et_pb_module_inner\">\n\t\t\t\t\t<nav class=\"dsm_breadcrumbs_wrap\">\n\t\t\t\t<ul class=\"dsm_breadcrumbs\" itemscope itemtype=\"https:\/\/schema.org\/BreadcrumbList\">\t\t\t<li class=\"dsm_breadcrumbs_item dsm_home_item dsm_home_item_custom\" itemprop=\"itemListElement\" itemscope\n\t\t\titemtype=\"https:\/\/schema.org\/ListItem\">\n\t\t\t\t<a href=\"https:\/\/www.solinst.com\/de\/\" itemprop=\"item\" target=\"\">\n\t\t\t\t\t<span class='dsm_home_text_wrapper'>\n\t\t\t\t\t\t\t\t\t\t\t\t\t<span class=\"et-pb-icon dsm_home_icon\">\ue009<\/span>\n\t\t\t\t\t\t\t\t\t\t\t\t\t<span class=\"dsm_home_text\" itemprop=\"name\">\n\t\t\t\t\t\t\t\tHome\t\t\t\t\t\t\t<\/span>\n\t\t\t\t\t<\/span>\n\t\t\t\t<\/a>\n\t\t\t\t<meta itemprop=\"position\" content=\"1\" \/>\n\t\t\t<\/li>\n\n\t\t<li class=\"dsm_breadcrumbs_separator\"> <span class=\"et-pb-icon dsm_separator_icon\">5<\/span><\/li><\/ul>\n\t\t\t<\/nav>\n\t\t\t\t<\/div>\n\t\t\t<\/div>Vielen Dank, dass Sie uns mitgeteilt haben, dass Sie nicht an der SDC-25 teilnehmen k\u00f6nnen. Sie erhalten eine Best\u00e4tigungs-E-Mail, in der Sie best\u00e4tigen, dass Sie nicht an den kommenden Schulungen f\u00fcr Vertriebspartner teilnehmen m\u00f6chten, die vom 7. bis 9. Oktober 2025 bei Solinst Canada Ltd. stattfinden. Wenn Sie best\u00e4tigen, dass Sie nicht teilnehmen werden, werden Sie in Zukunft keine E-Mail-Updates zum SDC-25 mehr erhalten. Wenn Sie Ihre Meinung \u00e4ndern und doch teilnehmen m\u00f6chten, kontaktieren Sie bitte das Solinst Distributor Relations Team unter distributorsupport@solinst.com Dankesch\u00f6n<\/p>\n","protected":false},"author":1,"featured_media":0,"parent":52199,"menu_order":0,"comment_status":"closed","ping_status":"closed","template":"","meta":{"_et_pb_use_builder":"on","_et_pb_old_content":"","_et_gb_content_width":"","footnotes":""},"folder":[264],"class_list":["post-88644","page","type-page","status-publish","hentry"],"yoast_head":"<!-- This site is optimized with the Yoast SEO Premium plugin v27.2 (Yoast SEO v27.2) - https:\/\/yoast.com\/product\/yoast-seo-premium-wordpress\/ -->\n<title>Solinst Vertriebspartnerschulung - Nicht teilgenommen<\/title>\n<meta name=\"description\" content=\"Solinst Vertriebspartnerschulung - Nicht teilgenommen\" \/>\n<meta name=\"robots\" content=\"noindex, nofollow\" \/>\n<meta property=\"og:locale\" content=\"de_DE\" \/>\n<meta property=\"og:type\" content=\"article\" \/>\n<meta property=\"og:title\" content=\"Solinst Vertriebspartnerschulung - Nicht teilgenommen\" \/>\n<meta property=\"og:description\" content=\"Solinst Vertriebspartnerschulung - Nicht teilgenommen\" \/>\n<meta property=\"og:url\" content=\"https:\/\/www.solinst.com\/de\/solinst-vertriebsgesellschaften\/solinst-vertriebspartnerschulung-nicht-teilgenommen\/\" \/>\n<meta property=\"og:site_name\" content=\"Solinst Groundwater and Surface Water Monitoring Instrumentation, Water Level Meters, Interface Meters, Dataloggers\" \/>\n<meta property=\"article:modified_time\" content=\"2025-04-17T19:22:30+00:00\" \/>\n<meta property=\"og:image\" content=\"https:\/\/solinst.d2.sc.omtrdc.net\/b\/ss\/solinst-prod\/1\/H.21--NS\/0\" \/>\n<meta name=\"twitter:card\" content=\"summary_large_image\" \/>\n<meta name=\"twitter:label1\" content=\"Gesch\u00e4tzte Lesezeit\" \/>\n\t<meta name=\"twitter:data1\" content=\"3\u00a0Minuten\" \/>\n<script type=\"application\/ld+json\" class=\"yoast-schema-graph\">{\"@context\":\"https:\/\/schema.org\",\"@graph\":[{\"@type\":\"WebPage\",\"@id\":\"https:\/\/www.solinst.com\/de\/solinst-vertriebsgesellschaften\/solinst-vertriebspartnerschulung-nicht-teilgenommen\/\",\"url\":\"https:\/\/www.solinst.com\/de\/solinst-vertriebsgesellschaften\/solinst-vertriebspartnerschulung-nicht-teilgenommen\/\",\"name\":\"Solinst Vertriebspartnerschulung - Nicht teilgenommen\",\"isPartOf\":{\"@id\":\"https:\/\/www.solinst.com\/de\/#website\"},\"primaryImageOfPage\":{\"@id\":\"https:\/\/www.solinst.com\/de\/solinst-vertriebsgesellschaften\/solinst-vertriebspartnerschulung-nicht-teilgenommen\/#primaryimage\"},\"image\":{\"@id\":\"https:\/\/www.solinst.com\/de\/solinst-vertriebsgesellschaften\/solinst-vertriebspartnerschulung-nicht-teilgenommen\/#primaryimage\"},\"thumbnailUrl\":\"https:\/\/solinst.d2.sc.omtrdc.net\/b\/ss\/solinst-prod\/1\/H.21--NS\/0\",\"datePublished\":\"2025-04-17T19:21:25+00:00\",\"dateModified\":\"2025-04-17T19:22:30+00:00\",\"description\":\"Solinst Vertriebspartnerschulung - Nicht teilgenommen\",\"breadcrumb\":{\"@id\":\"https:\/\/www.solinst.com\/de\/solinst-vertriebsgesellschaften\/solinst-vertriebspartnerschulung-nicht-teilgenommen\/#breadcrumb\"},\"inLanguage\":\"de\",\"potentialAction\":[{\"@type\":\"ReadAction\",\"target\":[\"https:\/\/www.solinst.com\/de\/solinst-vertriebsgesellschaften\/solinst-vertriebspartnerschulung-nicht-teilgenommen\/\"]}]},{\"@type\":\"ImageObject\",\"inLanguage\":\"de\",\"@id\":\"https:\/\/www.solinst.com\/de\/solinst-vertriebsgesellschaften\/solinst-vertriebspartnerschulung-nicht-teilgenommen\/#primaryimage\",\"url\":\"https:\/\/solinst.d2.sc.omtrdc.net\/b\/ss\/solinst-prod\/1\/H.21--NS\/0\",\"contentUrl\":\"https:\/\/solinst.d2.sc.omtrdc.net\/b\/ss\/solinst-prod\/1\/H.21--NS\/0\"},{\"@type\":\"BreadcrumbList\",\"@id\":\"https:\/\/www.solinst.com\/de\/solinst-vertriebsgesellschaften\/solinst-vertriebspartnerschulung-nicht-teilgenommen\/#breadcrumb\",\"itemListElement\":[{\"@type\":\"ListItem\",\"position\":1,\"name\":\"Home\",\"item\":\"https:\/\/www.solinst.com\/de\/startseite\/\"},{\"@type\":\"ListItem\",\"position\":2,\"name\":\"Solinst Vertriebsgesellschaften\",\"item\":\"https:\/\/www.solinst.com\/de\/solinst-vertriebsgesellschaften\/\"},{\"@type\":\"ListItem\",\"position\":3,\"name\":\"Solinst Vertriebspartnerschulung &#8211; Nicht teilgenommen\"}]},{\"@type\":\"WebSite\",\"@id\":\"https:\/\/www.solinst.com\/de\/#website\",\"url\":\"https:\/\/www.solinst.com\/de\/\",\"name\":\"Solinst Groundwater and Surface Water Monitoring Instrumentation, Water Level Meters, Interface Meters, Dataloggers\",\"description\":\"High quality groundwater monitoring instruments and surface water monitoring instruments including water level meters, interface meters, groundwater samplers, dataloggers and more!\",\"potentialAction\":[{\"@type\":\"SearchAction\",\"target\":{\"@type\":\"EntryPoint\",\"urlTemplate\":\"https:\/\/www.solinst.com\/de\/?s={search_term_string}\"},\"query-input\":{\"@type\":\"PropertyValueSpecification\",\"valueRequired\":true,\"valueName\":\"search_term_string\"}}],\"inLanguage\":\"de\"}]}<\/script>\n<!-- \/ Yoast SEO Premium plugin. -->","yoast_head_json":{"title":"Solinst Vertriebspartnerschulung - Nicht teilgenommen","description":"Solinst Vertriebspartnerschulung - Nicht teilgenommen","robots":{"index":"noindex","follow":"nofollow"},"og_locale":"de_DE","og_type":"article","og_title":"Solinst Vertriebspartnerschulung - Nicht teilgenommen","og_description":"Solinst Vertriebspartnerschulung - Nicht teilgenommen","og_url":"https:\/\/www.solinst.com\/de\/solinst-vertriebsgesellschaften\/solinst-vertriebspartnerschulung-nicht-teilgenommen\/","og_site_name":"Solinst Groundwater and Surface Water Monitoring Instrumentation, Water Level Meters, Interface Meters, Dataloggers","article_modified_time":"2025-04-17T19:22:30+00:00","og_image":[{"url":"https:\/\/solinst.d2.sc.omtrdc.net\/b\/ss\/solinst-prod\/1\/H.21--NS\/0","type":"","width":"","height":""}],"twitter_card":"summary_large_image","twitter_misc":{"Gesch\u00e4tzte Lesezeit":"3\u00a0Minuten"},"schema":{"@context":"https:\/\/schema.org","@graph":[{"@type":"WebPage","@id":"https:\/\/www.solinst.com\/de\/solinst-vertriebsgesellschaften\/solinst-vertriebspartnerschulung-nicht-teilgenommen\/","url":"https:\/\/www.solinst.com\/de\/solinst-vertriebsgesellschaften\/solinst-vertriebspartnerschulung-nicht-teilgenommen\/","name":"Solinst Vertriebspartnerschulung - Nicht teilgenommen","isPartOf":{"@id":"https:\/\/www.solinst.com\/de\/#website"},"primaryImageOfPage":{"@id":"https:\/\/www.solinst.com\/de\/solinst-vertriebsgesellschaften\/solinst-vertriebspartnerschulung-nicht-teilgenommen\/#primaryimage"},"image":{"@id":"https:\/\/www.solinst.com\/de\/solinst-vertriebsgesellschaften\/solinst-vertriebspartnerschulung-nicht-teilgenommen\/#primaryimage"},"thumbnailUrl":"https:\/\/solinst.d2.sc.omtrdc.net\/b\/ss\/solinst-prod\/1\/H.21--NS\/0","datePublished":"2025-04-17T19:21:25+00:00","dateModified":"2025-04-17T19:22:30+00:00","description":"Solinst Vertriebspartnerschulung - Nicht teilgenommen","breadcrumb":{"@id":"https:\/\/www.solinst.com\/de\/solinst-vertriebsgesellschaften\/solinst-vertriebspartnerschulung-nicht-teilgenommen\/#breadcrumb"},"inLanguage":"de","potentialAction":[{"@type":"ReadAction","target":["https:\/\/www.solinst.com\/de\/solinst-vertriebsgesellschaften\/solinst-vertriebspartnerschulung-nicht-teilgenommen\/"]}]},{"@type":"ImageObject","inLanguage":"de","@id":"https:\/\/www.solinst.com\/de\/solinst-vertriebsgesellschaften\/solinst-vertriebspartnerschulung-nicht-teilgenommen\/#primaryimage","url":"https:\/\/solinst.d2.sc.omtrdc.net\/b\/ss\/solinst-prod\/1\/H.21--NS\/0","contentUrl":"https:\/\/solinst.d2.sc.omtrdc.net\/b\/ss\/solinst-prod\/1\/H.21--NS\/0"},{"@type":"BreadcrumbList","@id":"https:\/\/www.solinst.com\/de\/solinst-vertriebsgesellschaften\/solinst-vertriebspartnerschulung-nicht-teilgenommen\/#breadcrumb","itemListElement":[{"@type":"ListItem","position":1,"name":"Home","item":"https:\/\/www.solinst.com\/de\/startseite\/"},{"@type":"ListItem","position":2,"name":"Solinst Vertriebsgesellschaften","item":"https:\/\/www.solinst.com\/de\/solinst-vertriebsgesellschaften\/"},{"@type":"ListItem","position":3,"name":"Solinst Vertriebspartnerschulung &#8211; Nicht teilgenommen"}]},{"@type":"WebSite","@id":"https:\/\/www.solinst.com\/de\/#website","url":"https:\/\/www.solinst.com\/de\/","name":"Solinst Groundwater and Surface Water Monitoring Instrumentation, Water Level Meters, Interface Meters, Dataloggers","description":"High quality groundwater monitoring instruments and surface water monitoring instruments including water level meters, interface meters, groundwater samplers, dataloggers and more!","potentialAction":[{"@type":"SearchAction","target":{"@type":"EntryPoint","urlTemplate":"https:\/\/www.solinst.com\/de\/?s={search_term_string}"},"query-input":{"@type":"PropertyValueSpecification","valueRequired":true,"valueName":"search_term_string"}}],"inLanguage":"de"}]}},"_links":{"self":[{"href":"https:\/\/www.solinst.com\/de\/wp-json\/wp\/v2\/pages\/88644","targetHints":{"allow":["GET"]}}],"collection":[{"href":"https:\/\/www.solinst.com\/de\/wp-json\/wp\/v2\/pages"}],"about":[{"href":"https:\/\/www.solinst.com\/de\/wp-json\/wp\/v2\/types\/page"}],"author":[{"embeddable":true,"href":"https:\/\/www.solinst.com\/de\/wp-json\/wp\/v2\/users\/1"}],"replies":[{"embeddable":true,"href":"https:\/\/www.solinst.com\/de\/wp-json\/wp\/v2\/comments?post=88644"}],"version-history":[{"count":2,"href":"https:\/\/www.solinst.com\/de\/wp-json\/wp\/v2\/pages\/88644\/revisions"}],"predecessor-version":[{"id":88666,"href":"https:\/\/www.solinst.com\/de\/wp-json\/wp\/v2\/pages\/88644\/revisions\/88666"}],"up":[{"embeddable":true,"href":"https:\/\/www.solinst.com\/de\/wp-json\/wp\/v2\/pages\/52199"}],"wp:attachment":[{"href":"https:\/\/www.solinst.com\/de\/wp-json\/wp\/v2\/media?parent=88644"}],"wp:term":[{"taxonomy":"folder","embeddable":true,"href":"https:\/\/www.solinst.com\/de\/wp-json\/wp\/v2\/folder?post=88644"}],"curies":[{"name":"wp","href":"https:\/\/api.w.org\/{rel}","templated":true}]}}