{"id":61633,"date":"2025-02-18T22:11:43","date_gmt":"2025-02-18T22:11:43","guid":{"rendered":"https:\/\/www.solinst.com\/productos\/solinst-eureka\/contactar-con-solinst-eureka\/gracias-por-contactar-con-solinst-eureka\/"},"modified":"2025-02-19T14:58:05","modified_gmt":"2025-02-19T14:58:05","slug":"gracias-por-contactar-con-solinst-eureka","status":"publish","type":"page","link":"https:\/\/www.solinst.com\/es\/productos\/solinst-eureka\/contactar-con-solinst-eureka\/gracias-por-contactar-con-solinst-eureka\/","title":{"rendered":"Gracias por contactar con Solinst Eureka"},"content":{"rendered":"<p>[et_pb_section fb_built=\u00bb1&#8243; fullwidth=\u00bbon\u00bb disabled_on=\u00bboff|off|off\u00bb _builder_version=\u00bb4.27.4&#8243; _module_preset=\u00bbdefault\u00bb hover_enabled=\u00bb0&#8243; global_colors_info=\u00bb{}\u00bb sticky_enabled=\u00bb0&#8243;][et_pb_fullwidth_image src=\u00bbhttps:\/\/www.solinst.com\/wp-content\/uploads\/2025\/02\/contact-solinst-eureka-1920&#215;500-1.webp\u00bb alt=\u00bbcontacta con solinst eureka\u00bb title_text=\u00bbContactar con Solinst Eureka\u00bb src_tablet=\u00bbhttps:\/\/www.solinst.com\/wp-content\/uploads\/2025\/02\/contact-solinst-eureka-965&#215;500-1.webp\u00bb src_phone=\u00bbhttps:\/\/www.solinst.com\/wp-content\/uploads\/2025\/02\/contact-solinst-eureka-965&#215;500-1.webp\u00bb src_last_edited=\u00bbon|phone\u00bb _builder_version=\u00bb4.27.4&#8243; _module_preset=\u00bbdefault\u00bb hover_enabled=\u00bb0&#8243; global_colors_info=\u00bb{}\u00bb sticky_enabled=\u00bb0&#8243;][\/et_pb_fullwidth_image][\/et_pb_section][et_pb_section fb_built=\u00bb1&#8243; admin_label=\u00bbH1 and breadcrumbs\u00bb _builder_version=\u00bb4.27.2&#8243; _module_preset=\u00bb792ca5bd-0808-46bd-9ce7-3bcb8e74f4d3&#8243; global_colors_info=\u00bb{}\u00bb][et_pb_row _builder_version=\u00bb4.27.2&#8243; _module_preset=\u00bb4b28f470-0d73-4e9d-b92d-e6f41f2cea24&#8243; global_colors_info=\u00bb{}\u00bb][et_pb_column type=\u00bb4_4&#8243; _builder_version=\u00bb4.25.0&#8243; _module_preset=\u00bbdefault\u00bb global_colors_info=\u00bb{}\u00bb][et_pb_text _builder_version=\u00bb4.27.4&#8243; _module_preset=\u00bb3078f328-b50a-467d-9906-3143dabcd7ac\u00bb header_text_align_tablet=\u00bb\u00bb header_text_align_phone=\u00bb\u00bb header_text_align_last_edited=\u00bbon|desktop\u00bb header_font_size_tablet=\u00bb30px\u00bb header_font_size_phone=\u00bb26px\u00bb global_colors_info=\u00bb{}\u00bb]<\/p>\n<h1 role=\"heading\" aria-level=\"2\" data-uw-rm-heading=\"level\">Gracias por ponerte en contacto con Solinst Eureka<\/h1>\n<p>[\/et_pb_text][dsm_breadcrumbs disabled_on=\u00bbon|off|off\u00bb _builder_version=\u00bb4.27.2&#8243; _module_preset=\u00bbdefault\u00bb home_icon_text_color=\u00bb#d6d6d6&#8243; global_colors_info=\u00bb{}\u00bb][\/dsm_breadcrumbs][\/et_pb_column][\/et_pb_row][\/et_pb_section][et_pb_section fb_built=\u00bb1&#8243; admin_label=\u00bbMobile-Only Nav with Offset\u00bb _builder_version=\u00bb4.27.4&#8243; _module_preset=\u00bb4759a92f-4b27-4854-bb2c-299854634e93&#8243; sticky_offset_top=\u00bb127px\u00bb global_module=\u00bb45704&#8243; saved_tabs=\u00bball\u00bb global_colors_info=\u00bb{}\u00bb][et_pb_row _builder_version=\u00bb4.27.4&#8243; _module_preset=\u00bbdefault\u00bb width=\u00bb90%\u00bb custom_margin=\u00bb0px||||false|false\u00bb custom_padding=\u00bb0px||||false|false\u00bb global_colors_info=\u00bb{}\u00bb][et_pb_column type=\u00bb4_4&#8243; _builder_version=\u00bb4.27.4&#8243; _module_preset=\u00bbdefault\u00bb global_colors_info=\u00bb{}\u00bb][et_pb_code admin_label=\u00bbEureka Mobile Nav &#8211; Seleccionar desplegable\u00bb _builder_version=\u00bb4.27.4&#8243; _module_preset=\u00bbdefault\u00bb custom_css_free_form=\u00bbselect {||||      font-size: 1em; \/* Adjust font size *\/||      padding: 10px;   \/* Optional: Increase padding for better spacing *\/||      width: 100%;||      box-sizing: border-box;\/* Optional: Adjust width to fit the container *\/||      height: 50px;||}||||    \/* Style for dropdown options (fallback if needed) *\/||select option {||      font-size: 1.2em; \/* Ensures option text matches select styling *\/||      width: 100%;||    }\u00bb global_colors_info=\u00bb{}\u00bb]<select name=\"dropdown\" onchange=\"location = this.value;\"><!-- [et_pb_line_break_holder] --><option value=\"\">Men\u00fa Solinst Eureka<\/option><!-- [et_pb_line_break_holder] --><option value=\"https:\/\/www.solinst.com\/instruments\/solinst-eureka\/\">P\u00e1gina principal de Solinst Eureka<\/option><!-- [et_pb_line_break_holder] --><\/select>[\/et_pb_code][\/et_pb_column][\/et_pb_row][\/et_pb_section][et_pb_section fb_built=\u00bb1&#8243; specialty=\u00bbon\u00bb _builder_version=\u00bb4.27.2&#8243; _module_preset=\u00bb5a5bca26-a9a5-4e6c-8fca-d64da3bdcd40&#8243; global_colors_info=\u00bb{}\u00bb][et_pb_column type=\u00bb1_4&#8243; _builder_version=\u00bb4.16&#8243; custom_padding=\u00bb|||\u00bb global_colors_info=\u00bb{}\u00bb custom_padding__hover=\u00bb|||\u00bb][et_pb_menu menu_id=\u00bb252&#8243; admin_label=\u00bbEureka Main Nav\u00bb _builder_version=\u00bb4.27.4&#8243; _module_preset=\u00bb242faa89-ac4f-4e46-90fe-505e8c1eab79&#8243; global_module=\u00bb45700&#8243; saved_tabs=\u00bball\u00bb global_colors_info=\u00bb{}\u00bb][\/et_pb_menu][et_pb_text _builder_version=\u00bb4.27.4&#8243; _module_preset=\u00bbdefault\u00bb custom_margin=\u00bb10px||||false|false\u00bb global_module=\u00bb46733&#8243; saved_tabs=\u00bball\u00bb global_colors_info=\u00bb{}\u00bb]<\/p>\n<p><a href=\"https:\/\/solinst.com\/eureka\" title=\"Solinst Eureka\"><strong><img loading=\"lazy\" decoding=\"async\" src=\"https:\/\/www.solinst.com\/wp-content\/uploads\/2025\/01\/solinst-eureka-logo-800w.webp\" width=\"271\" height=\"49\" alt=\"solinst eureka logo\" class=\"wp-image-44307 alignnone size-full\" \/><\/strong><\/a><\/p>\n<p><strong>Solinst Eureka<\/strong><br \/>2113 Wells Branch Pkwy, Suite 4400<br \/>Austin, TX, USA<br \/>78728<\/p>\n<p>Tel: +1 512-302-4333<br \/>Fax: +1 512-251-6842<br \/>email: <a href=\"mailto:eureka@solinst.com\">eureka@solinst.com<\/a><\/p>\n<p>[\/et_pb_text][\/et_pb_column][et_pb_column type=\u00bb3_4&#8243; specialty_columns=\u00bb3&#8243; _builder_version=\u00bb4.16&#8243; custom_padding=\u00bb|||\u00bb global_colors_info=\u00bb{}\u00bb custom_padding__hover=\u00bb|||\u00bb][et_pb_row_inner _builder_version=\u00bb4.27.2&#8243; _module_preset=\u00bbdefault\u00bb custom_margin=\u00bb0px||||false|false\u00bb custom_padding=\u00bb0px||18px||false|false\u00bb global_colors_info=\u00bb{}\u00bb][et_pb_column_inner saved_specialty_column_type=\u00bb3_4&#8243; _builder_version=\u00bb4.27.2&#8243; _module_preset=\u00bbdefault\u00bb global_colors_info=\u00bb{}\u00bb][et_pb_text _builder_version=\u00bb4.27.4&#8243; _module_preset=\u00bbdefault\u00bb header_2_font_size=\u00bb24px\u00bb width=\u00bb100%\u00bb global_colors_info=\u00bb{}\u00bb]<\/p>\n<h2><strong>Gracias<br \/><\/strong><\/h2>\n<p data-pm-slice=\"0 0 []\">Hemos recibido tu solicitud, gracias por ponerte en contacto con Solinst Eureka. Alguien de nuestro equipo se pondr\u00e1 en contacto contigo en breve. Si es urgente, env\u00edanos un correo electr\u00f3nico a <a href=\"mailto:eureka@solinst.co\">eureka@solinst.com<\/a> o ll\u00e1manos al +1 512-302-4333.  <\/p>\n<p>[\/et_pb_text][\/et_pb_column_inner][\/et_pb_row_inner][\/et_pb_column][\/et_pb_section][et_pb_section fb_built=\u00bb1&#8243; admin_label=\u00bbAdobe Analytics Code\u00bb _builder_version=\u00bb4.27.0&#8243; _module_preset=\u00bbdefault\u00bb custom_padding=\u00bb||4px|||\u00bb global_colors_info=\u00bb{}\u00bb][et_pb_row _builder_version=\u00bb4.27.2&#8243; _module_preset=\u00bbdefault\u00bb global_colors_info=\u00bb{}\u00bb][et_pb_column type=\u00bb4_4&#8243; _builder_version=\u00bb4.27.0&#8243; _module_preset=\u00bbdefault\u00bb global_colors_info=\u00bb{}\u00bb][et_pb_code admin_label=\u00bbC\u00f3digo AA para esta p\u00e1gina\u00bb _builder_version=\u00bb4.27.4&#8243; _module_preset=\u00bbdefault\u00bb global_colors_info=\u00bb{}\u00bb]<!-- SiteCatalyst code version: H.21. Copyright 1996-2010 Adobe, Inc. All Rights Reserved More info available at http:\/\/www.omniture.com --><!-- [et_pb_line_break_holder] --><script language=\"JavaScript\" type=\"text\/javascript\" src=\"\/\/www.solinst.com\/s_code.js\"><\/script><!-- [et_pb_line_break_holder] --><script language=\"JavaScript\" type=\"text\/javascript\"><!--<!-- [et_pb_line_break_holder] -->s.pageName=\"solinst eureka contact form thank you\"<!-- [et_pb_line_break_holder] -->s.server=\"\"<!-- [et_pb_line_break_holder] -->s.channel=\"products\"<!-- [et_pb_line_break_holder] -->s.pageType=\"\"<!-- [et_pb_line_break_holder] -->s.prop1=\"solinst eureka\"<!-- [et_pb_line_break_holder] -->s.prop2=\"solinst eureka contact form thank you\"<!-- [et_pb_line_break_holder] -->s.prop3=\"\"<!-- [et_pb_line_break_holder] -->s.prop4=\"\"<!-- [et_pb_line_break_holder] -->s.prop5=\"\"<!-- [et_pb_line_break_holder] -->s.prop6=\"\"<!-- [et_pb_line_break_holder] -->s.prop7=\"\"<!-- [et_pb_line_break_holder] -->s.prop8=\"\"<!-- [et_pb_line_break_holder] -->s.prop9=\"\"<!-- [et_pb_line_break_holder] -->s.prop10=\"\"<!-- [et_pb_line_break_holder] -->s.prop11=\"\"<!-- [et_pb_line_break_holder] -->s.prop12=\"\"<!-- [et_pb_line_break_holder] -->s.prop13=\"\"<!-- [et_pb_line_break_holder] -->s.prop14=\"\"<!-- [et_pb_line_break_holder] -->s.prop15=\"\"<!-- [et_pb_line_break_holder] -->s.prop16=\"\"<!-- [et_pb_line_break_holder] -->s.prop17=\"\"<!-- [et_pb_line_break_holder] -->s.prop18=\"\"<!-- [et_pb_line_break_holder] -->s.prop19=\"\"<!-- [et_pb_line_break_holder] -->s.prop20=\"\"<!-- [et_pb_line_break_holder] -->s.prop21=\"\"<!-- [et_pb_line_break_holder] -->s.prop22=\"\"<!-- [et_pb_line_break_holder] -->s.prop23=\"\"<!-- [et_pb_line_break_holder] -->s.prop24=\"\"<!-- [et_pb_line_break_holder] -->s.prop25=\"\"<!-- [et_pb_line_break_holder] -->s.prop26=\"\"<!-- [et_pb_line_break_holder] -->s.prop27=\"\"<!-- [et_pb_line_break_holder] -->s.prop28=\"\"<!-- [et_pb_line_break_holder] -->s.prop29=\"\"<!-- [et_pb_line_break_holder] -->s.prop30=\"\"<!-- [et_pb_line_break_holder] -->s.prop31=\"\"<!-- [et_pb_line_break_holder] -->s.prop32=\"\"<!-- [et_pb_line_break_holder] -->s.prop33=\"\"<!-- [et_pb_line_break_holder] -->s.hier1=\"solinst:products:solinst eureka:solinst eureka contact form thank you\"<!-- [et_pb_line_break_holder] --><!-- [et_pb_line_break_holder] -->\/* Conversion Variables *\/<!-- [et_pb_line_break_holder] -->s.campaign=\"\"<!-- [et_pb_line_break_holder] -->s.events=\"event2:1\"<!-- [et_pb_line_break_holder] -->s.eVar1=\"solinst eureka contact form thank you\"<!-- [et_pb_line_break_holder] -->s.eVar2=\"\"<!-- [et_pb_line_break_holder] -->s.eVar3=\"\"<!-- [et_pb_line_break_holder] -->s.eVar4=\"\"<!-- [et_pb_line_break_holder] -->s.eVar5=\"\"<!-- [et_pb_line_break_holder] -->s.eVar6=\"\"<!-- [et_pb_line_break_holder] -->s.eVar7=\"\"<!-- [et_pb_line_break_holder] -->s.eVar8=\"\"<!-- [et_pb_line_break_holder] -->s.eVar9=\"\"<!-- [et_pb_line_break_holder] -->s.eVar10=\"\"<!-- [et_pb_line_break_holder] -->s.eVar11=\"\"<!-- [et_pb_line_break_holder] -->s.eVar12=\"\"<!-- [et_pb_line_break_holder] -->s.eVar13=\"\"<!-- [et_pb_line_break_holder] -->s.eVar14=\"\"<!-- [et_pb_line_break_holder] -->s.eVar15=\"\"<!-- [et_pb_line_break_holder] -->s.eVar16=\"\"<!-- [et_pb_line_break_holder] -->s.eVar17=\"solinst eureka contact form thank you\"<!-- [et_pb_line_break_holder] -->s.state=\"\"<!-- [et_pb_line_break_holder] -->s.zip=\"\"<!-- [et_pb_line_break_holder] -->\/************* DO NOT ALTER ANYTHING BELOW THIS LINE ! **************\/<!-- [et_pb_line_break_holder] -->var s_code=s.t();if(s_code)document.write(s_code)\/\/--><\/script><!-- [et_pb_line_break_holder] --><script language=\"JavaScript\" type=\"text\/javascript\"><!--<!-- [et_pb_line_break_holder] -->if(navigator.appVersion.indexOf('MSIE')>=0)document.write(unescape('%3C')+'!-'+'-')<!-- [et_pb_line_break_holder] -->\/\/--><\/script><noscript><a href=\"https:\/\/www.omniture.com\" title=\"Anal\u00edtica web\"><img loading=\"lazy\" decoding=\"async\" src=\"https:\/\/solinst.d2.sc.omtrdc.net\/b\/ss\/solinst-prod\/1\/H.21--NS\/0\" height=\"1\" width=\"1\" border=\"0\" alt=\"\"><\/a><\/noscript><!--\/DO NOT REMOVE\/--><!-- [et_pb_line_break_holder] --><!-- End SiteCatalyst code version: H.21. -->[\/et_pb_code][\/et_pb_column][\/et_pb_row][\/et_pb_section]<\/p>\n","protected":false},"excerpt":{"rendered":"<p>Gracias por ponerte en contacto con Solinst Eureka<div class=\"et_pb_module dsm_breadcrumbs dsm_breadcrumbs_0\">\n\t\t\t\t\n\t\t\t\t\n\t\t\t\t\n\t\t\t\t\n\t\t\t\t\n\t\t\t\t\n\t\t\t\t<div class=\"et_pb_module_inner\">\n\t\t\t\t\t<nav class=\"dsm_breadcrumbs_wrap\">\n\t\t\t\t<ul class=\"dsm_breadcrumbs\" itemscope itemtype=\"https:\/\/schema.org\/BreadcrumbList\">\t\t\t<li class=\"dsm_breadcrumbs_item dsm_home_item dsm_home_item_custom\" itemprop=\"itemListElement\" itemscope\n\t\t\titemtype=\"https:\/\/schema.org\/ListItem\">\n\t\t\t\t<a href=\"https:\/\/www.solinst.com\/es\/\" itemprop=\"item\" target=\"\">\n\t\t\t\t\t<span class='dsm_home_text_wrapper'>\n\t\t\t\t\t\t\t\t\t\t\t\t\t<span class=\"et-pb-icon dsm_home_icon\">\ue009<\/span>\n\t\t\t\t\t\t\t\t\t\t\t\t\t<span class=\"dsm_home_text\" itemprop=\"name\">\n\t\t\t\t\t\t\t\tHome\t\t\t\t\t\t\t<\/span>\n\t\t\t\t\t<\/span>\n\t\t\t\t<\/a>\n\t\t\t\t<meta itemprop=\"position\" content=\"1\" \/>\n\t\t\t<\/li>\n\n\t\t<li class=\"dsm_breadcrumbs_separator\"> <span class=\"et-pb-icon dsm_separator_icon\">5<\/span><\/li><\/ul>\n\t\t\t<\/nav>\n\t\t\t\t<\/div>\n\t\t\t<\/div> Solinst Eureka2113 Wells Branch Pkwy, Suite 4400Austin, TX, USA78728 Tel: +1 512-302-4333Fax: +1 512-251-6842email: eureka@solinst.com Gracias Hemos recibido tu solicitud, gracias por ponerte en contacto con Solinst Eureka. Alguien de nuestro equipo se pondr\u00e1 en contacto contigo en breve. Si es urgente, env\u00edanos un correo electr\u00f3nico a eureka@solinst.com o ll\u00e1manos al +1 512-302-4333.<\/p>\n","protected":false},"author":1,"featured_media":0,"parent":61390,"menu_order":0,"comment_status":"closed","ping_status":"closed","template":"","meta":{"_et_pb_use_builder":"on","_et_pb_old_content":"","_et_gb_content_width":"","footnotes":""},"folder":[269],"class_list":["post-61633","page","type-page","status-publish","hentry"],"yoast_head":"<!-- This site is optimized with the Yoast SEO Premium plugin v27.2 (Yoast SEO v27.2) - https:\/\/yoast.com\/product\/yoast-seo-premium-wordpress\/ -->\n<title>Gracias por ponerte en contacto con Solinst Eureka<\/title>\n<meta name=\"description\" content=\"Gracias por ponerte en contacto con Sondas de calidad del agua Solinst Eureka. Alguien de nuestro equipo responder\u00e1 a tu solicitud en breve.\" \/>\n<meta name=\"robots\" content=\"noindex, follow\" \/>\n<meta property=\"og:locale\" content=\"es_ES\" \/>\n<meta property=\"og:type\" content=\"article\" \/>\n<meta property=\"og:title\" content=\"Gracias por contactar con Solinst Eureka\" \/>\n<meta property=\"og:description\" content=\"Gracias por ponerte en contacto con Sondas de calidad del agua Solinst Eureka. Alguien de nuestro equipo responder\u00e1 a tu solicitud en breve.\" \/>\n<meta property=\"og:url\" content=\"https:\/\/www.solinst.com\/es\/productos\/solinst-eureka\/contactar-con-solinst-eureka\/gracias-por-contactar-con-solinst-eureka\/\" \/>\n<meta property=\"og:site_name\" content=\"Solinst Groundwater and Surface Water Monitoring Instrumentation, Water Level Meters, Interface Meters, Dataloggers\" \/>\n<meta property=\"article:modified_time\" content=\"2025-02-19T14:58:05+00:00\" \/>\n<meta property=\"og:image\" content=\"https:\/\/www.solinst.com\/wp-content\/uploads\/2025\/01\/solinst-eureka-logo-800w.webp\" \/>\n\t<meta property=\"og:image:width\" content=\"800\" \/>\n\t<meta property=\"og:image:height\" content=\"129\" \/>\n\t<meta property=\"og:image:type\" content=\"image\/webp\" \/>\n<meta name=\"twitter:card\" content=\"summary_large_image\" \/>\n<meta name=\"twitter:label1\" content=\"Tiempo de lectura\" \/>\n\t<meta name=\"twitter:data1\" content=\"4 minutos\" \/>\n<script type=\"application\/ld+json\" class=\"yoast-schema-graph\">{\"@context\":\"https:\/\/schema.org\",\"@graph\":[{\"@type\":\"WebPage\",\"@id\":\"https:\/\/www.solinst.com\/es\/productos\/solinst-eureka\/contactar-con-solinst-eureka\/gracias-por-contactar-con-solinst-eureka\/\",\"url\":\"https:\/\/www.solinst.com\/es\/productos\/solinst-eureka\/contactar-con-solinst-eureka\/gracias-por-contactar-con-solinst-eureka\/\",\"name\":\"Gracias por ponerte en contacto con Solinst Eureka\",\"isPartOf\":{\"@id\":\"https:\/\/www.solinst.com\/es\/#website\"},\"primaryImageOfPage\":{\"@id\":\"https:\/\/www.solinst.com\/es\/productos\/solinst-eureka\/contactar-con-solinst-eureka\/gracias-por-contactar-con-solinst-eureka\/#primaryimage\"},\"image\":{\"@id\":\"https:\/\/www.solinst.com\/es\/productos\/solinst-eureka\/contactar-con-solinst-eureka\/gracias-por-contactar-con-solinst-eureka\/#primaryimage\"},\"thumbnailUrl\":\"https:\/\/www.solinst.com\/wp-content\/uploads\/2025\/01\/solinst-eureka-logo-800w.webp\",\"datePublished\":\"2025-02-18T22:11:43+00:00\",\"dateModified\":\"2025-02-19T14:58:05+00:00\",\"description\":\"Gracias por ponerte en contacto con Sondas de calidad del agua Solinst Eureka. Alguien de nuestro equipo responder\u00e1 a tu solicitud en breve.\",\"breadcrumb\":{\"@id\":\"https:\/\/www.solinst.com\/es\/productos\/solinst-eureka\/contactar-con-solinst-eureka\/gracias-por-contactar-con-solinst-eureka\/#breadcrumb\"},\"inLanguage\":\"es\",\"potentialAction\":[{\"@type\":\"ReadAction\",\"target\":[\"https:\/\/www.solinst.com\/es\/productos\/solinst-eureka\/contactar-con-solinst-eureka\/gracias-por-contactar-con-solinst-eureka\/\"]}]},{\"@type\":\"ImageObject\",\"inLanguage\":\"es\",\"@id\":\"https:\/\/www.solinst.com\/es\/productos\/solinst-eureka\/contactar-con-solinst-eureka\/gracias-por-contactar-con-solinst-eureka\/#primaryimage\",\"url\":\"https:\/\/www.solinst.com\/wp-content\/uploads\/2025\/01\/solinst-eureka-logo-800w.webp\",\"contentUrl\":\"https:\/\/www.solinst.com\/wp-content\/uploads\/2025\/01\/solinst-eureka-logo-800w.webp\"},{\"@type\":\"BreadcrumbList\",\"@id\":\"https:\/\/www.solinst.com\/es\/productos\/solinst-eureka\/contactar-con-solinst-eureka\/gracias-por-contactar-con-solinst-eureka\/#breadcrumb\",\"itemListElement\":[{\"@type\":\"ListItem\",\"position\":1,\"name\":\"Home\",\"item\":\"https:\/\/www.solinst.com\/es\/inicio\/\"},{\"@type\":\"ListItem\",\"position\":2,\"name\":\"Productos\",\"item\":\"https:\/\/www.solinst.com\/es\/productos\/\"},{\"@type\":\"ListItem\",\"position\":3,\"name\":\"Solinst Eureka\",\"item\":\"https:\/\/www.solinst.com\/es\/productos\/solinst-eureka\/\"},{\"@type\":\"ListItem\",\"position\":4,\"name\":\"Contactar con Solinst Eureka\",\"item\":\"https:\/\/www.solinst.com\/es\/productos\/solinst-eureka\/contactar-con-solinst-eureka\/\"},{\"@type\":\"ListItem\",\"position\":5,\"name\":\"Gracias por contactar con Solinst Eureka\"}]},{\"@type\":\"WebSite\",\"@id\":\"https:\/\/www.solinst.com\/es\/#website\",\"url\":\"https:\/\/www.solinst.com\/es\/\",\"name\":\"Solinst Groundwater and Surface Water Monitoring Instrumentation, Water Level Meters, Interface Meters, Dataloggers\",\"description\":\"High quality groundwater monitoring instruments and surface water monitoring instruments including water level meters, interface meters, groundwater samplers, dataloggers and more!\",\"potentialAction\":[{\"@type\":\"SearchAction\",\"target\":{\"@type\":\"EntryPoint\",\"urlTemplate\":\"https:\/\/www.solinst.com\/es\/?s={search_term_string}\"},\"query-input\":{\"@type\":\"PropertyValueSpecification\",\"valueRequired\":true,\"valueName\":\"search_term_string\"}}],\"inLanguage\":\"es\"}]}<\/script>\n<!-- \/ Yoast SEO Premium plugin. -->","yoast_head_json":{"title":"Gracias por ponerte en contacto con Solinst Eureka","description":"Gracias por ponerte en contacto con Sondas de calidad del agua Solinst Eureka. Alguien de nuestro equipo responder\u00e1 a tu solicitud en breve.","robots":{"index":"noindex","follow":"follow"},"og_locale":"es_ES","og_type":"article","og_title":"Gracias por contactar con Solinst Eureka","og_description":"Gracias por ponerte en contacto con Sondas de calidad del agua Solinst Eureka. Alguien de nuestro equipo responder\u00e1 a tu solicitud en breve.","og_url":"https:\/\/www.solinst.com\/es\/productos\/solinst-eureka\/contactar-con-solinst-eureka\/gracias-por-contactar-con-solinst-eureka\/","og_site_name":"Solinst Groundwater and Surface Water Monitoring Instrumentation, Water Level Meters, Interface Meters, Dataloggers","article_modified_time":"2025-02-19T14:58:05+00:00","og_image":[{"width":800,"height":129,"url":"https:\/\/www.solinst.com\/wp-content\/uploads\/2025\/01\/solinst-eureka-logo-800w.webp","type":"image\/webp"}],"twitter_card":"summary_large_image","twitter_misc":{"Tiempo de lectura":"4 minutos"},"schema":{"@context":"https:\/\/schema.org","@graph":[{"@type":"WebPage","@id":"https:\/\/www.solinst.com\/es\/productos\/solinst-eureka\/contactar-con-solinst-eureka\/gracias-por-contactar-con-solinst-eureka\/","url":"https:\/\/www.solinst.com\/es\/productos\/solinst-eureka\/contactar-con-solinst-eureka\/gracias-por-contactar-con-solinst-eureka\/","name":"Gracias por ponerte en contacto con Solinst Eureka","isPartOf":{"@id":"https:\/\/www.solinst.com\/es\/#website"},"primaryImageOfPage":{"@id":"https:\/\/www.solinst.com\/es\/productos\/solinst-eureka\/contactar-con-solinst-eureka\/gracias-por-contactar-con-solinst-eureka\/#primaryimage"},"image":{"@id":"https:\/\/www.solinst.com\/es\/productos\/solinst-eureka\/contactar-con-solinst-eureka\/gracias-por-contactar-con-solinst-eureka\/#primaryimage"},"thumbnailUrl":"https:\/\/www.solinst.com\/wp-content\/uploads\/2025\/01\/solinst-eureka-logo-800w.webp","datePublished":"2025-02-18T22:11:43+00:00","dateModified":"2025-02-19T14:58:05+00:00","description":"Gracias por ponerte en contacto con Sondas de calidad del agua Solinst Eureka. Alguien de nuestro equipo responder\u00e1 a tu solicitud en breve.","breadcrumb":{"@id":"https:\/\/www.solinst.com\/es\/productos\/solinst-eureka\/contactar-con-solinst-eureka\/gracias-por-contactar-con-solinst-eureka\/#breadcrumb"},"inLanguage":"es","potentialAction":[{"@type":"ReadAction","target":["https:\/\/www.solinst.com\/es\/productos\/solinst-eureka\/contactar-con-solinst-eureka\/gracias-por-contactar-con-solinst-eureka\/"]}]},{"@type":"ImageObject","inLanguage":"es","@id":"https:\/\/www.solinst.com\/es\/productos\/solinst-eureka\/contactar-con-solinst-eureka\/gracias-por-contactar-con-solinst-eureka\/#primaryimage","url":"https:\/\/www.solinst.com\/wp-content\/uploads\/2025\/01\/solinst-eureka-logo-800w.webp","contentUrl":"https:\/\/www.solinst.com\/wp-content\/uploads\/2025\/01\/solinst-eureka-logo-800w.webp"},{"@type":"BreadcrumbList","@id":"https:\/\/www.solinst.com\/es\/productos\/solinst-eureka\/contactar-con-solinst-eureka\/gracias-por-contactar-con-solinst-eureka\/#breadcrumb","itemListElement":[{"@type":"ListItem","position":1,"name":"Home","item":"https:\/\/www.solinst.com\/es\/inicio\/"},{"@type":"ListItem","position":2,"name":"Productos","item":"https:\/\/www.solinst.com\/es\/productos\/"},{"@type":"ListItem","position":3,"name":"Solinst Eureka","item":"https:\/\/www.solinst.com\/es\/productos\/solinst-eureka\/"},{"@type":"ListItem","position":4,"name":"Contactar con Solinst Eureka","item":"https:\/\/www.solinst.com\/es\/productos\/solinst-eureka\/contactar-con-solinst-eureka\/"},{"@type":"ListItem","position":5,"name":"Gracias por contactar con Solinst Eureka"}]},{"@type":"WebSite","@id":"https:\/\/www.solinst.com\/es\/#website","url":"https:\/\/www.solinst.com\/es\/","name":"Solinst Groundwater and Surface Water Monitoring Instrumentation, Water Level Meters, Interface Meters, Dataloggers","description":"High quality groundwater monitoring instruments and surface water monitoring instruments including water level meters, interface meters, groundwater samplers, dataloggers and more!","potentialAction":[{"@type":"SearchAction","target":{"@type":"EntryPoint","urlTemplate":"https:\/\/www.solinst.com\/es\/?s={search_term_string}"},"query-input":{"@type":"PropertyValueSpecification","valueRequired":true,"valueName":"search_term_string"}}],"inLanguage":"es"}]}},"_links":{"self":[{"href":"https:\/\/www.solinst.com\/es\/wp-json\/wp\/v2\/pages\/61633","targetHints":{"allow":["GET"]}}],"collection":[{"href":"https:\/\/www.solinst.com\/es\/wp-json\/wp\/v2\/pages"}],"about":[{"href":"https:\/\/www.solinst.com\/es\/wp-json\/wp\/v2\/types\/page"}],"author":[{"embeddable":true,"href":"https:\/\/www.solinst.com\/es\/wp-json\/wp\/v2\/users\/1"}],"replies":[{"embeddable":true,"href":"https:\/\/www.solinst.com\/es\/wp-json\/wp\/v2\/comments?post=61633"}],"version-history":[{"count":10,"href":"https:\/\/www.solinst.com\/es\/wp-json\/wp\/v2\/pages\/61633\/revisions"}],"predecessor-version":[{"id":61914,"href":"https:\/\/www.solinst.com\/es\/wp-json\/wp\/v2\/pages\/61633\/revisions\/61914"}],"up":[{"embeddable":true,"href":"https:\/\/www.solinst.com\/es\/wp-json\/wp\/v2\/pages\/61390"}],"wp:attachment":[{"href":"https:\/\/www.solinst.com\/es\/wp-json\/wp\/v2\/media?parent=61633"}],"wp:term":[{"taxonomy":"folder","embeddable":true,"href":"https:\/\/www.solinst.com\/es\/wp-json\/wp\/v2\/folder?post=61633"}],"curies":[{"name":"wp","href":"https:\/\/api.w.org\/{rel}","templated":true}]}}