{"id":88640,"date":"2025-04-17T19:21:25","date_gmt":"2025-04-17T19:21:25","guid":{"rendered":"https:\/\/www.solinst.com\/distribuidores-solinst\/formacion-para-distribuidores-solinst-no-asistir\/"},"modified":"2025-04-17T19:22:26","modified_gmt":"2025-04-17T19:22:26","slug":"formacion-para-distribuidores-solinst-no-asistir","status":"publish","type":"page","link":"https:\/\/www.solinst.com\/es\/distribuidores-solinst\/formacion-para-distribuidores-solinst-no-asistir\/","title":{"rendered":"Formaci\u00f3n para distribuidores Solinst &#8211; No asistir"},"content":{"rendered":"<p>[et_pb_section fb_built=\u00bb1&#8243; custom_padding_last_edited=\u00bboff|desktop\u00bb admin_label=\u00bbH1 and breadcrumbs\u00bb _builder_version=\u00bb4.27.4&#8243; _module_preset=\u00bb792ca5bd-0808-46bd-9ce7-3bcb8e74f4d3&#8243; sticky_limit_bottom=\u00bbbody\u00bb global_colors_info=\u00bb{}\u00bb theme_builder_area=\u00bbpost_content\u00bb][et_pb_row _builder_version=\u00bb4.27.4&#8243; _module_preset=\u00bb4b28f470-0d73-4e9d-b92d-e6f41f2cea24&#8243; sticky_position=\u00bbnone\u00bb global_colors_info=\u00bb{}\u00bb theme_builder_area=\u00bbpost_content\u00bb][et_pb_column type=\u00bb4_4&#8243; _builder_version=\u00bb4.25.0&#8243; _module_preset=\u00bbdefault\u00bb global_colors_info=\u00bb{}\u00bb theme_builder_area=\u00bbpost_content\u00bb][et_pb_text _builder_version=\u00bb4.27.4&#8243; _module_preset=\u00bb3078f328-b50a-467d-9906-3143dabcd7ac\u00bb hover_enabled=\u00bb0&#8243; header_text_align_tablet=\u00bb\u00bb header_text_align_phone=\u00bb\u00bb header_text_align_last_edited=\u00bbon|desktop\u00bb header_font_size_tablet=\u00bb30px\u00bb header_font_size_phone=\u00bb26px\u00bb global_colors_info=\u00bb{}\u00bb theme_builder_area=\u00bbpost_content\u00bb sticky_enabled=\u00bb0&#8243;]<\/p>\n<h1 role=\"heading\" aria-level=\"2\" data-uw-rm-heading=\"level\">Formaci\u00f3n para Distribuidores Solinst<\/h1>\n<p>[\/et_pb_text][dsm_breadcrumbs disabled_on=\u00bbon|off|off\u00bb _builder_version=\u00bb4.27.4&#8243; _module_preset=\u00bbdefault\u00bb home_icon_text_color=\u00bb#d6d6d6&#8243; global_colors_info=\u00bb{}\u00bb theme_builder_area=\u00bbpost_content\u00bb][\/dsm_breadcrumbs][\/et_pb_column][\/et_pb_row][\/et_pb_section][et_pb_section fb_built=\u00bb1&#8243; theme_builder_area=\u00bbpost_content\u00bb _builder_version=\u00bb4.27.4&#8243; _module_preset=\u00bbdefault\u00bb][et_pb_row _builder_version=\u00bb4.27.4&#8243; _module_preset=\u00bbdefault\u00bb theme_builder_area=\u00bbpost_content\u00bb column_structure=\u00bb1_2,1_2&#8243;][et_pb_column _builder_version=\u00bb4.27.4&#8243; _module_preset=\u00bbdefault\u00bb type=\u00bb1_2&#8243; theme_builder_area=\u00bbpost_content\u00bb][et_pb_image src=\u00bbhttps:\/\/www.solinst.com\/wp-content\/uploads\/2025\/04\/sdc-25-logo.webp\u00bb _builder_version=\u00bb4.27.4&#8243; _module_preset=\u00bbdefault\u00bb theme_builder_area=\u00bbpost_content\u00bb hover_enabled=\u00bb0&#8243; sticky_enabled=\u00bb0&#8243; alt=\u00bbsdc 25 conferencia de distribuidores solinst 2025&#8243; title_text=\u00bbCOSUDE 25 Conferencia de Distribuidores Solinst 2025&#8243;][\/et_pb_image][et_pb_text _builder_version=\u00bb4.27.4&#8243; _module_preset=\u00bbdefault\u00bb theme_builder_area=\u00bbpost_content\u00bb hover_enabled=\u00bb0&#8243; sticky_enabled=\u00bb0&#8243; header_2_font_size=\u00bb28px\u00bb header_2_line_height=\u00bb1.2em\u00bb]<\/p>\n<h2><strong>Gracias por comunicarnos que <span style=\"text-decoration: underline;\">no puedes asistir a<\/span> la CDS-25<\/strong><\/h2>\n<p>Te enviamos un correo electr\u00f3nico de confirmaci\u00f3n para que confirmes tu decisi\u00f3n de no asistir a nuestras pr\u00f3ximas sesiones presenciales de formaci\u00f3n para distribuidores que se celebrar\u00e1n del 7 al 9 de octubre de 2025 en Solinst Canada Ltd. Al confirmar que no asistir\u00e1s, no se te enviar\u00e1n m\u00e1s correos electr\u00f3nicos sobre el SDC-25. <\/p>\n<p>Si cambias de opini\u00f3n y quieres asistir, ponte en contacto con el equipo de Relaciones con Distribuidores de Solinst en <a href=\"mailto:distributorsupport@solinst.com\">distributorsupport@solinst.com<\/a>.<\/p>\n<p>Gracias<\/p>\n<p>[\/et_pb_text][\/et_pb_column][et_pb_column _builder_version=\u00bb4.27.4&#8243; _module_preset=\u00bbdefault\u00bb type=\u00bb1_2&#8243; theme_builder_area=\u00bbpost_content\u00bb][et_pb_code _builder_version=\u00bb4.27.4&#8243; _module_preset=\u00bbdefault\u00bb theme_builder_area=\u00bbpost_content\u00bb hover_enabled=\u00bb0&#8243; sticky_enabled=\u00bb0&#8243;]<iframe class=\"wp-embedded-content\" sandbox=\"allow-scripts\" security=\"restricted\" height=\"539px\" src=\"https:\/\/oembed.jotform.com\/232685038219258#?secret=BmJRGa7duP\" data-secret=\"BmJRGa7duP\"><\/iframe>[\/et_pb_code][\/et_pb_column][\/et_pb_row][\/et_pb_section][et_pb_section fb_built=\u00bb1&#8243; admin_label=\u00bbAdobe Analytics Code\u00bb _builder_version=\u00bb4.27.0&#8243; _module_preset=\u00bbdefault\u00bb custom_padding=\u00bb||4px|||\u00bb global_colors_info=\u00bb{}\u00bb theme_builder_area=\u00bbpost_content\u00bb][et_pb_row _builder_version=\u00bb4.27.2&#8243; _module_preset=\u00bbdefault\u00bb global_colors_info=\u00bb{}\u00bb theme_builder_area=\u00bbpost_content\u00bb][et_pb_column type=\u00bb4_4&#8243; _builder_version=\u00bb4.27.0&#8243; _module_preset=\u00bbdefault\u00bb global_colors_info=\u00bb{}\u00bb theme_builder_area=\u00bbpost_content\u00bb][et_pb_code admin_label=\u00bbC\u00f3digo AA para esta p\u00e1gina\u00bb _builder_version=\u00bb4.27.4&#8243; _module_preset=\u00bbdefault\u00bb hover_enabled=\u00bb0&#8243; global_colors_info=\u00bb{}\u00bb theme_builder_area=\u00bbpost_content\u00bb sticky_enabled=\u00bb0&#8243;]<!-- SiteCatalyst code version: H.21. Copyright 1996-2010 Adobe, Inc. All Rights Reserved More info available at http:\/\/www.omniture.com --><!-- [et_pb_line_break_holder] --><script language=\"JavaScript\" type=\"text\/javascript\" src=\"\/\/www.solinst.com\/s_code.js\"><\/script><!-- [et_pb_line_break_holder] --><script language=\"JavaScript\" type=\"text\/javascript\"><!--<!-- [et_pb_line_break_holder] -->s.pageName=\"distributor training no\"<!-- [et_pb_line_break_holder] -->s.server=\"\"<!-- [et_pb_line_break_holder] -->s.channel=\"solinst\"<!-- [et_pb_line_break_holder] -->s.pageType=\"\"<!-- [et_pb_line_break_holder] -->s.prop1=\"distributor\"<!-- [et_pb_line_break_holder] -->s.prop2=\"distributor training no\"<!-- [et_pb_line_break_holder] -->s.prop3=\"\"<!-- [et_pb_line_break_holder] -->s.prop4=\"\"<!-- [et_pb_line_break_holder] -->s.prop5=\"\"<!-- [et_pb_line_break_holder] -->s.prop6=\"\"<!-- [et_pb_line_break_holder] -->s.prop7=\"\"<!-- [et_pb_line_break_holder] -->s.prop8=\"\"<!-- [et_pb_line_break_holder] -->s.prop9=\"\"<!-- [et_pb_line_break_holder] -->s.prop10=\"\"<!-- [et_pb_line_break_holder] -->s.prop11=\"\"<!-- [et_pb_line_break_holder] -->s.prop12=\"\"<!-- [et_pb_line_break_holder] -->s.prop13=\"\"<!-- [et_pb_line_break_holder] -->s.prop14=\"\"<!-- [et_pb_line_break_holder] -->s.prop15=\"\"<!-- [et_pb_line_break_holder] -->s.prop16=\"\"<!-- [et_pb_line_break_holder] -->s.prop17=\"\"<!-- [et_pb_line_break_holder] -->s.prop18=\"\"<!-- [et_pb_line_break_holder] -->s.prop19=\"\"<!-- [et_pb_line_break_holder] -->s.prop20=\"\"<!-- [et_pb_line_break_holder] -->s.prop21=\"\"<!-- [et_pb_line_break_holder] -->s.prop22=\"\"<!-- [et_pb_line_break_holder] -->s.prop23=\"\"<!-- [et_pb_line_break_holder] -->s.prop24=\"\"<!-- [et_pb_line_break_holder] -->s.prop25=\"\"<!-- [et_pb_line_break_holder] -->s.prop26=\"\"<!-- [et_pb_line_break_holder] -->s.prop27=\"\"<!-- [et_pb_line_break_holder] -->s.prop28=\"\"<!-- [et_pb_line_break_holder] -->s.prop29=\"\"<!-- [et_pb_line_break_holder] -->s.prop30=\"\"<!-- [et_pb_line_break_holder] -->s.prop31=\"\"<!-- [et_pb_line_break_holder] -->s.prop32=\"\"<!-- [et_pb_line_break_holder] -->s.prop33=\"\"<!-- [et_pb_line_break_holder] -->s.hier1=\"solinst:distributor:distributor training no\"<!-- [et_pb_line_break_holder] --><!-- [et_pb_line_break_holder] -->\/* Conversion Variables *\/<!-- [et_pb_line_break_holder] -->s.campaign=\"\"<!-- [et_pb_line_break_holder] -->s.events=\"\"<!-- [et_pb_line_break_holder] -->s.eVar1=\"\"<!-- [et_pb_line_break_holder] -->s.eVar2=\"\"<!-- [et_pb_line_break_holder] -->s.eVar3=\"\"<!-- [et_pb_line_break_holder] -->s.eVar4=\"\"<!-- [et_pb_line_break_holder] -->s.eVar5=\"\"<!-- [et_pb_line_break_holder] -->s.eVar6=\"\"<!-- [et_pb_line_break_holder] -->s.eVar7=\"\"<!-- [et_pb_line_break_holder] -->s.eVar8=\"\"<!-- [et_pb_line_break_holder] -->s.eVar9=\"\"<!-- [et_pb_line_break_holder] -->s.eVar10=\"\"<!-- [et_pb_line_break_holder] -->s.eVar11=\"\"<!-- [et_pb_line_break_holder] -->s.eVar12=\"\"<!-- [et_pb_line_break_holder] -->s.eVar13=\"\"<!-- [et_pb_line_break_holder] -->s.eVar14=\"\"<!-- [et_pb_line_break_holder] -->s.eVar15=\"\"<!-- [et_pb_line_break_holder] -->s.eVar16=\"\"<!-- [et_pb_line_break_holder] -->s.eVar17=\"\"<!-- [et_pb_line_break_holder] -->s.state=\"\"<!-- [et_pb_line_break_holder] -->s.zip=\"\"<!-- [et_pb_line_break_holder] -->\/************* DO NOT ALTER ANYTHING BELOW THIS LINE ! **************\/<!-- [et_pb_line_break_holder] -->var s_code=s.t();if(s_code)document.write(s_code)\/\/--><\/script><!-- [et_pb_line_break_holder] --><script language=\"JavaScript\" type=\"text\/javascript\"><!--<!-- [et_pb_line_break_holder] -->if(navigator.appVersion.indexOf('MSIE')>=0)document.write(unescape('%3C')+'!-'+'-')<!-- [et_pb_line_break_holder] -->\/\/--><\/script><noscript><a href=\"https:\/\/www.omniture.com\" title=\"Anal\u00edtica web\"><img loading=\"lazy\" decoding=\"async\" src=\"https:\/\/solinst.d2.sc.omtrdc.net\/b\/ss\/solinst-prod\/1\/H.21--NS\/0\" height=\"1\" width=\"1\" border=\"0\" alt=\"\"><\/a><\/noscript><!--\/DO NOT REMOVE\/--><!-- [et_pb_line_break_holder] --><!-- End SiteCatalyst code version: H.21. -->[\/et_pb_code][\/et_pb_column][\/et_pb_row][\/et_pb_section]<\/p>\n","protected":false},"excerpt":{"rendered":"<p>Formaci\u00f3n para Distribuidores Solinst<div class=\"et_pb_module dsm_breadcrumbs dsm_breadcrumbs_0\">\n\t\t\t\t\n\t\t\t\t\n\t\t\t\t\n\t\t\t\t\n\t\t\t\t\n\t\t\t\t\n\t\t\t\t<div class=\"et_pb_module_inner\">\n\t\t\t\t\t<nav class=\"dsm_breadcrumbs_wrap\">\n\t\t\t\t<ul class=\"dsm_breadcrumbs\" itemscope itemtype=\"https:\/\/schema.org\/BreadcrumbList\">\t\t\t<li class=\"dsm_breadcrumbs_item dsm_home_item dsm_home_item_custom\" itemprop=\"itemListElement\" itemscope\n\t\t\titemtype=\"https:\/\/schema.org\/ListItem\">\n\t\t\t\t<a href=\"https:\/\/www.solinst.com\/es\/\" itemprop=\"item\" target=\"\">\n\t\t\t\t\t<span class='dsm_home_text_wrapper'>\n\t\t\t\t\t\t\t\t\t\t\t\t\t<span class=\"et-pb-icon dsm_home_icon\">\ue009<\/span>\n\t\t\t\t\t\t\t\t\t\t\t\t\t<span class=\"dsm_home_text\" itemprop=\"name\">\n\t\t\t\t\t\t\t\tHome\t\t\t\t\t\t\t<\/span>\n\t\t\t\t\t<\/span>\n\t\t\t\t<\/a>\n\t\t\t\t<meta itemprop=\"position\" content=\"1\" \/>\n\t\t\t<\/li>\n\n\t\t<li class=\"dsm_breadcrumbs_separator\"> <span class=\"et-pb-icon dsm_separator_icon\">5<\/span><\/li><\/ul>\n\t\t\t<\/nav>\n\t\t\t\t<\/div>\n\t\t\t<\/div>Gracias por comunicarnos que no puedes asistir a la CDS-25 Te enviamos un correo electr\u00f3nico de confirmaci\u00f3n para que confirmes tu decisi\u00f3n de no asistir a nuestras pr\u00f3ximas sesiones presenciales de formaci\u00f3n para distribuidores que se celebrar\u00e1n del 7 al 9 de octubre de 2025 en Solinst Canada Ltd. Al confirmar que no asistir\u00e1s, no se te enviar\u00e1n m\u00e1s correos electr\u00f3nicos sobre el SDC-25. Si cambias de opini\u00f3n y quieres asistir, ponte en contacto con el equipo de Relaciones con Distribuidores de Solinst en distributorsupport@solinst.com. Gracias<\/p>\n","protected":false},"author":1,"featured_media":0,"parent":52198,"menu_order":0,"comment_status":"closed","ping_status":"closed","template":"","meta":{"_et_pb_use_builder":"on","_et_pb_old_content":"","_et_gb_content_width":"","footnotes":""},"folder":[264],"class_list":["post-88640","page","type-page","status-publish","hentry"],"yoast_head":"<!-- This site is optimized with the Yoast SEO Premium plugin v27.2 (Yoast SEO v27.2) - https:\/\/yoast.com\/product\/yoast-seo-premium-wordpress\/ -->\n<title>Formaci\u00f3n para distribuidores Solinst - No asistir<\/title>\n<meta name=\"description\" content=\"Formaci\u00f3n para distribuidores Solinst - No asistir\" \/>\n<meta name=\"robots\" content=\"noindex, nofollow\" \/>\n<meta property=\"og:locale\" content=\"es_ES\" \/>\n<meta property=\"og:type\" content=\"article\" \/>\n<meta property=\"og:title\" content=\"Formaci\u00f3n para distribuidores Solinst - No asistir\" \/>\n<meta property=\"og:description\" content=\"Formaci\u00f3n para distribuidores Solinst - No asistir\" \/>\n<meta property=\"og:url\" content=\"https:\/\/www.solinst.com\/es\/distribuidores-solinst\/formacion-para-distribuidores-solinst-no-asistir\/\" \/>\n<meta property=\"og:site_name\" content=\"Solinst Groundwater and Surface Water Monitoring Instrumentation, Water Level Meters, Interface Meters, Dataloggers\" \/>\n<meta property=\"article:modified_time\" content=\"2025-04-17T19:22:26+00:00\" \/>\n<meta property=\"og:image\" content=\"https:\/\/solinst.d2.sc.omtrdc.net\/b\/ss\/solinst-prod\/1\/H.21--NS\/0\" \/>\n<meta name=\"twitter:card\" content=\"summary_large_image\" \/>\n<meta name=\"twitter:label1\" content=\"Tiempo de lectura\" \/>\n\t<meta name=\"twitter:data1\" content=\"3 minutos\" \/>\n<script type=\"application\/ld+json\" class=\"yoast-schema-graph\">{\"@context\":\"https:\/\/schema.org\",\"@graph\":[{\"@type\":\"WebPage\",\"@id\":\"https:\/\/www.solinst.com\/es\/distribuidores-solinst\/formacion-para-distribuidores-solinst-no-asistir\/\",\"url\":\"https:\/\/www.solinst.com\/es\/distribuidores-solinst\/formacion-para-distribuidores-solinst-no-asistir\/\",\"name\":\"Formaci\u00f3n para distribuidores Solinst - No asistir\",\"isPartOf\":{\"@id\":\"https:\/\/www.solinst.com\/es\/#website\"},\"primaryImageOfPage\":{\"@id\":\"https:\/\/www.solinst.com\/es\/distribuidores-solinst\/formacion-para-distribuidores-solinst-no-asistir\/#primaryimage\"},\"image\":{\"@id\":\"https:\/\/www.solinst.com\/es\/distribuidores-solinst\/formacion-para-distribuidores-solinst-no-asistir\/#primaryimage\"},\"thumbnailUrl\":\"https:\/\/solinst.d2.sc.omtrdc.net\/b\/ss\/solinst-prod\/1\/H.21--NS\/0\",\"datePublished\":\"2025-04-17T19:21:25+00:00\",\"dateModified\":\"2025-04-17T19:22:26+00:00\",\"description\":\"Formaci\u00f3n para distribuidores Solinst - No asistir\",\"breadcrumb\":{\"@id\":\"https:\/\/www.solinst.com\/es\/distribuidores-solinst\/formacion-para-distribuidores-solinst-no-asistir\/#breadcrumb\"},\"inLanguage\":\"es\",\"potentialAction\":[{\"@type\":\"ReadAction\",\"target\":[\"https:\/\/www.solinst.com\/es\/distribuidores-solinst\/formacion-para-distribuidores-solinst-no-asistir\/\"]}]},{\"@type\":\"ImageObject\",\"inLanguage\":\"es\",\"@id\":\"https:\/\/www.solinst.com\/es\/distribuidores-solinst\/formacion-para-distribuidores-solinst-no-asistir\/#primaryimage\",\"url\":\"https:\/\/solinst.d2.sc.omtrdc.net\/b\/ss\/solinst-prod\/1\/H.21--NS\/0\",\"contentUrl\":\"https:\/\/solinst.d2.sc.omtrdc.net\/b\/ss\/solinst-prod\/1\/H.21--NS\/0\"},{\"@type\":\"BreadcrumbList\",\"@id\":\"https:\/\/www.solinst.com\/es\/distribuidores-solinst\/formacion-para-distribuidores-solinst-no-asistir\/#breadcrumb\",\"itemListElement\":[{\"@type\":\"ListItem\",\"position\":1,\"name\":\"Home\",\"item\":\"https:\/\/www.solinst.com\/es\/inicio\/\"},{\"@type\":\"ListItem\",\"position\":2,\"name\":\"Distribuidores Solinst\",\"item\":\"https:\/\/www.solinst.com\/es\/distribuidores-solinst\/\"},{\"@type\":\"ListItem\",\"position\":3,\"name\":\"Formaci\u00f3n para distribuidores Solinst &#8211; No asistir\"}]},{\"@type\":\"WebSite\",\"@id\":\"https:\/\/www.solinst.com\/es\/#website\",\"url\":\"https:\/\/www.solinst.com\/es\/\",\"name\":\"Solinst Groundwater and Surface Water Monitoring Instrumentation, Water Level Meters, Interface Meters, Dataloggers\",\"description\":\"High quality groundwater monitoring instruments and surface water monitoring instruments including water level meters, interface meters, groundwater samplers, dataloggers and more!\",\"potentialAction\":[{\"@type\":\"SearchAction\",\"target\":{\"@type\":\"EntryPoint\",\"urlTemplate\":\"https:\/\/www.solinst.com\/es\/?s={search_term_string}\"},\"query-input\":{\"@type\":\"PropertyValueSpecification\",\"valueRequired\":true,\"valueName\":\"search_term_string\"}}],\"inLanguage\":\"es\"}]}<\/script>\n<!-- \/ Yoast SEO Premium plugin. -->","yoast_head_json":{"title":"Formaci\u00f3n para distribuidores Solinst - No asistir","description":"Formaci\u00f3n para distribuidores Solinst - No asistir","robots":{"index":"noindex","follow":"nofollow"},"og_locale":"es_ES","og_type":"article","og_title":"Formaci\u00f3n para distribuidores Solinst - No asistir","og_description":"Formaci\u00f3n para distribuidores Solinst - No asistir","og_url":"https:\/\/www.solinst.com\/es\/distribuidores-solinst\/formacion-para-distribuidores-solinst-no-asistir\/","og_site_name":"Solinst Groundwater and Surface Water Monitoring Instrumentation, Water Level Meters, Interface Meters, Dataloggers","article_modified_time":"2025-04-17T19:22:26+00:00","og_image":[{"url":"https:\/\/solinst.d2.sc.omtrdc.net\/b\/ss\/solinst-prod\/1\/H.21--NS\/0","type":"","width":"","height":""}],"twitter_card":"summary_large_image","twitter_misc":{"Tiempo de lectura":"3 minutos"},"schema":{"@context":"https:\/\/schema.org","@graph":[{"@type":"WebPage","@id":"https:\/\/www.solinst.com\/es\/distribuidores-solinst\/formacion-para-distribuidores-solinst-no-asistir\/","url":"https:\/\/www.solinst.com\/es\/distribuidores-solinst\/formacion-para-distribuidores-solinst-no-asistir\/","name":"Formaci\u00f3n para distribuidores Solinst - No asistir","isPartOf":{"@id":"https:\/\/www.solinst.com\/es\/#website"},"primaryImageOfPage":{"@id":"https:\/\/www.solinst.com\/es\/distribuidores-solinst\/formacion-para-distribuidores-solinst-no-asistir\/#primaryimage"},"image":{"@id":"https:\/\/www.solinst.com\/es\/distribuidores-solinst\/formacion-para-distribuidores-solinst-no-asistir\/#primaryimage"},"thumbnailUrl":"https:\/\/solinst.d2.sc.omtrdc.net\/b\/ss\/solinst-prod\/1\/H.21--NS\/0","datePublished":"2025-04-17T19:21:25+00:00","dateModified":"2025-04-17T19:22:26+00:00","description":"Formaci\u00f3n para distribuidores Solinst - No asistir","breadcrumb":{"@id":"https:\/\/www.solinst.com\/es\/distribuidores-solinst\/formacion-para-distribuidores-solinst-no-asistir\/#breadcrumb"},"inLanguage":"es","potentialAction":[{"@type":"ReadAction","target":["https:\/\/www.solinst.com\/es\/distribuidores-solinst\/formacion-para-distribuidores-solinst-no-asistir\/"]}]},{"@type":"ImageObject","inLanguage":"es","@id":"https:\/\/www.solinst.com\/es\/distribuidores-solinst\/formacion-para-distribuidores-solinst-no-asistir\/#primaryimage","url":"https:\/\/solinst.d2.sc.omtrdc.net\/b\/ss\/solinst-prod\/1\/H.21--NS\/0","contentUrl":"https:\/\/solinst.d2.sc.omtrdc.net\/b\/ss\/solinst-prod\/1\/H.21--NS\/0"},{"@type":"BreadcrumbList","@id":"https:\/\/www.solinst.com\/es\/distribuidores-solinst\/formacion-para-distribuidores-solinst-no-asistir\/#breadcrumb","itemListElement":[{"@type":"ListItem","position":1,"name":"Home","item":"https:\/\/www.solinst.com\/es\/inicio\/"},{"@type":"ListItem","position":2,"name":"Distribuidores Solinst","item":"https:\/\/www.solinst.com\/es\/distribuidores-solinst\/"},{"@type":"ListItem","position":3,"name":"Formaci\u00f3n para distribuidores Solinst &#8211; No asistir"}]},{"@type":"WebSite","@id":"https:\/\/www.solinst.com\/es\/#website","url":"https:\/\/www.solinst.com\/es\/","name":"Solinst Groundwater and Surface Water Monitoring Instrumentation, Water Level Meters, Interface Meters, Dataloggers","description":"High quality groundwater monitoring instruments and surface water monitoring instruments including water level meters, interface meters, groundwater samplers, dataloggers and more!","potentialAction":[{"@type":"SearchAction","target":{"@type":"EntryPoint","urlTemplate":"https:\/\/www.solinst.com\/es\/?s={search_term_string}"},"query-input":{"@type":"PropertyValueSpecification","valueRequired":true,"valueName":"search_term_string"}}],"inLanguage":"es"}]}},"_links":{"self":[{"href":"https:\/\/www.solinst.com\/es\/wp-json\/wp\/v2\/pages\/88640","targetHints":{"allow":["GET"]}}],"collection":[{"href":"https:\/\/www.solinst.com\/es\/wp-json\/wp\/v2\/pages"}],"about":[{"href":"https:\/\/www.solinst.com\/es\/wp-json\/wp\/v2\/types\/page"}],"author":[{"embeddable":true,"href":"https:\/\/www.solinst.com\/es\/wp-json\/wp\/v2\/users\/1"}],"replies":[{"embeddable":true,"href":"https:\/\/www.solinst.com\/es\/wp-json\/wp\/v2\/comments?post=88640"}],"version-history":[{"count":2,"href":"https:\/\/www.solinst.com\/es\/wp-json\/wp\/v2\/pages\/88640\/revisions"}],"predecessor-version":[{"id":88662,"href":"https:\/\/www.solinst.com\/es\/wp-json\/wp\/v2\/pages\/88640\/revisions\/88662"}],"up":[{"embeddable":true,"href":"https:\/\/www.solinst.com\/es\/wp-json\/wp\/v2\/pages\/52198"}],"wp:attachment":[{"href":"https:\/\/www.solinst.com\/es\/wp-json\/wp\/v2\/media?parent=88640"}],"wp:term":[{"taxonomy":"folder","embeddable":true,"href":"https:\/\/www.solinst.com\/es\/wp-json\/wp\/v2\/folder?post=88640"}],"curies":[{"name":"wp","href":"https:\/\/api.w.org\/{rel}","templated":true}]}}