{"id":93456,"date":"2025-05-21T16:02:06","date_gmt":"2025-05-21T16:02:06","guid":{"rendered":"https:\/\/www.solinst.com\/prueba-de-la-pagina-de-confirmacion-gf-mc\/"},"modified":"2025-12-22T21:22:43","modified_gmt":"2025-12-22T21:22:43","slug":"prueba-de-la-pagina-de-confirmacion-gf-mc","status":"publish","type":"page","link":"https:\/\/www.solinst.com\/es\/prueba-de-la-pagina-de-confirmacion-gf-mc\/","title":{"rendered":"Prueba de la p\u00e1gina de confirmaci\u00f3n GF &#8211; MC"},"content":{"rendered":"<p>[et_pb_section fb_built=\u00bb1&#8243; _builder_version=\u00bb4.27.4&#8243; _module_preset=\u00bbdefault\u00bb global_colors_info=\u00bb{}\u00bb][et_pb_row _builder_version=\u00bb4.27.4&#8243; _module_preset=\u00bbdefault\u00bb global_colors_info=\u00bb{}\u00bb][et_pb_column type=\u00bb4_4&#8243; _builder_version=\u00bb4.27.4&#8243; _module_preset=\u00bbdefault\u00bb global_colors_info=\u00bb{}\u00bb][et_pb_code _builder_version=\u00bb4.27.4&#8243; _module_preset=\u00bbdefault\u00bb global_colors_info=\u00bb{}\u00bb]Gracias por ponerte en contacto con nosotros. En breve nos pondremos en contacto contigo. <!-- [et_pb_line_break_holder] --><!\u2013- [et_pb_br_holder] -\u2013><!\u2013- [et_pb_br_holder] -\u2013><!-- [et_pb_line_break_holder] --><span id=\"formId\">{form_id}<\/span><!\u2013- [et_pb_br_holder] -\u2013><!-- [et_pb_line_break_holder] --><span id=\"formTitle\">{form_title}<\/span><!\u2013- [et_pb_br_holder] -\u2013><!-- [et_pb_line_break_holder] --><span id=\"emailAddress\">{Email:2}<\/span><!\u2013- [et_pb_br_holder] -\u2013><!-- [et_pb_line_break_holder] --><span id=\"firstName\">{Nombre (Primero):1.3}<\/span><!\u2013- [et_pb_br_holder] -\u2013><!-- [et_pb_line_break_holder] --><span id=\"lastName\">{Nombre (Apellido):1.6}<\/span><!\u2013- [et_pb_br_holder] -\u2013><!-- [et_pb_line_break_holder] --><span id=\"formId\">{Identificaci\u00f3n \u00fanica:11}<\/span><!-- [et_pb_line_break_holder] --><!-- [et_pb_line_break_holder] --><script><!-- [et_pb_line_break_holder] -->        dataLayer.push({<!-- [et_pb_line_break_holder] -->            'form_data': {<!-- [et_pb_line_break_holder] -->                'form_id': '{form_id}',<!-- [et_pb_line_break_holder] -->                'form_title': '{form_title}',<!-- [et_pb_line_break_holder] -->                'email_address': '{Email:2}',<!-- [et_pb_line_break_holder] -->                'first_name': '{Name (First):1.3}',<!-- [et_pb_line_break_holder] -->                'last_name': '{Name (Last):1.6}',<!-- [et_pb_line_break_holder] -->              \t'company': '{Company:9}',<!-- [et_pb_line_break_holder] -->              \t'phone': '{Phone:10}',<!-- [et_pb_line_break_holder] -->              \t'address_1': '{Address (Street Address):3.1}',<!-- [et_pb_line_break_holder] -->              \t'address_2': '{Address (Address Line 2):3.2}',<!-- [et_pb_line_break_holder] -->              \t'city': '{Address (City):3.3}',<!-- [et_pb_line_break_holder] -->              \t'state_province': '{Address (State \/ Province):3.4}',<!-- [et_pb_line_break_holder] -->              \t'country': '{Address (Country):3.6}'<!-- [et_pb_line_break_holder] -->            }<!-- [et_pb_line_break_holder] -->        });<!-- [et_pb_line_break_holder] --><\/script>[\/et_pb_code][\/et_pb_column][\/et_pb_row][\/et_pb_section][et_pb_section fb_built=\u00bb1&#8243; specialty=\u00bbon\u00bb _builder_version=\u00bb4.27.4&#8243; _module_preset=\u00bb5a5bca26-a9a5-4e6c-8fca-d64da3bdcd40&#8243; width=\u00bb100%\u00bb global_colors_info=\u00bb{}\u00bb][et_pb_column type=\u00bb1_4&#8243; _builder_version=\u00bb4.16&#8243; custom_padding=\u00bb|||\u00bb global_colors_info=\u00bb{}\u00bb custom_padding__hover=\u00bb|||\u00bb][\/et_pb_column][et_pb_column type=\u00bb3_4&#8243; specialty_columns=\u00bb3&#8243; _builder_version=\u00bb4.16&#8243; custom_padding=\u00bb|||\u00bb global_colors_info=\u00bb{}\u00bb custom_padding__hover=\u00bb|||\u00bb][et_pb_row_inner column_structure=\u00bb1_2,1_2&#8243; make_equal=\u00bbon\u00bb _builder_version=\u00bb4.27.4&#8243; _module_preset=\u00bbdefault\u00bb global_colors_info=\u00bb{}\u00bb][et_pb_column_inner type=\u00bb1_2&#8243; saved_specialty_column_type=\u00bb3_4&#8243; _builder_version=\u00bb4.27.4&#8243; _module_preset=\u00bbdefault\u00bb global_colors_info=\u00bb{}\u00bb][et_pb_text _builder_version=\u00bb4.27.4&#8243; _module_preset=\u00bbdefault\u00bb global_colors_info=\u00bb{}\u00bb]<\/p>\n<h2><a href=\"https:\/\/www.solinst.com\/es\/productos\/dispositivos-de-medicion-de-nivel\/\" title=\"Dispositivos de medici\u00f3n del nivel de agua\"><strong>Dispositivos de medici\u00f3n de nivel<\/strong><\/a><\/h2>\n<p>[\/et_pb_text][et_pb_blurb title=\u00bbMedidor del nivel de agua\u00bb url=\u00bbhttps:\/\/www.solinst.com\/products\/level-measurement-devices\/101-water-level-meter\/\u00bb image=\u00bbhttps:\/\/www.solinst.com\/wp-content\/uploads\/2024\/09\/101-water-level-meter-thumbnail.webp\u00bb alt=\u00bbmedidor de nivel de agua solinst 101&#8243; icon_placement=\u00bbleft\u00bb _builder_version=\u00bb4.27.4&#8243; _module_preset=\u00bbdefault\u00bb header_level=\u00bbh3&#8243; header_font=\u00bb|700|||||||\u00bb header_text_align=\u00bbleft\u00bb body_font=\u00bb||||||||\u00bb custom_padding=\u00bb20px|10px|20px|10px|false|false\u00bb hover_enabled=\u00bb0&#8243; custom_css_free_form=\u00bb.et_pb_main_blurb_image img {||  min-width: 130px;||}||||.et_pb_module {||  min-width: 320px;||}||||.et_pb_button {||  ||    color: #000000 !important;||    border: 1px solid #ff8500 !important;||    border-radius: 20px;||  ||\t\t\/*font-family: Open Sans,Arial,sans-serif;||    -webkit-font-smoothing: antialiased;||    text-align: left;||    box-sizing: border-box;||    margin: 0;||    outline: 0;||    -webkit-text-size-adjust: 100%;||    vertical-align: baseline;||    background: transparent;||    font-weight: 500;||    ||    background-size: cover;||    background-position: 50%;||    background-repeat: no-repeat;||    transition-duration: .2s;||    transition-property: all!important;||    position: relative;||    text-decoration: none;||    background-color: hsla(0,0%,100%,.2);||    border: 2px solid #ff8500;||    ||    display: inline-block;*\/||||}||||.et_pb_button:hover {||    border: 2px solid #ff8500;||  \tbackground-color: transparent !important;||  \tpadding: .3em 2em .3em .3em !important;||}||||.et_pb_button:after, .et_pb_button:before {||    font-size: 20px;||  \tline-height: 1.7em;||  \t||}||||.et_pb_button:hover:after {||  \tmargin-left: 0.2em;||}||  \t||  ||\/*    content: %22%9235%22;||    opacity: 0;||    position: absolute;||    margin-left: -1em;||    -webkit-transition: all .2s;||    transition: all .2s;||    text-transform: none;||    -webkit-font-feature-settings: %22kern%22 off;||    font-feature-settings: %22kern%22 off;||    font-variant: none;||    font-style: normal;||    font-weight: 400;||    text-shadow: none;||||}  *\/||\u00bb border_radii=\u00bbon|20px|20px|20px|20px\u00bb border_width_all=\u00bb1px\u00bb border_color_all=\u00bb#d9d9d9&#8243; global_colors_info=\u00bb{}\u00bb sticky_enabled=\u00bb0&#8243;]<\/p>\n<p>&#8211;<a href=\"https:\/\/www.solinst.com\/products\/data\/101.pdf\" target=\"_blank\" rel=\"noopener\">Ficha t\u00e9cnica del modelo 101<br \/>(PDF)<\/a><\/p>\n<p><a href=\"https:\/\/www.solinst.com\/products\/level-measurement-devices\/101-water-level-meter\/get-quote.php\" class=\"et_pb_button dsm_button\" data-icon=\"I\" data-uw-rm-brl=\"PR\">Obtener presupuesto<\/a><\/p>\n<p>[\/et_pb_blurb][et_pb_blurb title=\u00bbMedidor del nivel de agua\u00bb url=\u00bbhttps:\/\/www.solinst.com\/products\/level-measurement-devices\/101-water-level-meter\/\u00bb image=\u00bbhttps:\/\/www.solinst.com\/wp-content\/uploads\/2024\/09\/101-water-level-meter-thumbnail.webp\u00bb alt=\u00bbmedidor de nivel de agua solinst 101&#8243; icon_placement=\u00bbleft\u00bb _builder_version=\u00bb4.27.4&#8243; _module_preset=\u00bbdefault\u00bb header_level=\u00bbh3&#8243; header_font=\u00bb|700|||||||\u00bb header_text_align=\u00bbleft\u00bb body_font=\u00bb||||||||\u00bb custom_padding=\u00bb20px|10px|20px|10px|false|false\u00bb custom_css_free_form=\u00bb.et_pb_main_blurb_image img {||  min-width: 130px;||}||||.et_pb_button {||  ||    color: #000000 !important;||    border: 1px solid #ff8500 !important;||    border-radius: 20px;||  ||\t\t\/*font-family: Open Sans,Arial,sans-serif;||    -webkit-font-smoothing: antialiased;||    text-align: left;||    box-sizing: border-box;||    margin: 0;||    outline: 0;||    -webkit-text-size-adjust: 100%;||    vertical-align: baseline;||    background: transparent;||    font-weight: 500;||    ||    background-size: cover;||    background-position: 50%;||    background-repeat: no-repeat;||    transition-duration: .2s;||    transition-property: all!important;||    position: relative;||    text-decoration: none;||    background-color: hsla(0,0%,100%,.2);||    border: 2px solid #ff8500;||    ||    display: inline-block;*\/||||}||||.et_pb_button:hover {||    border: 2px solid #ff8500;||  \tbackground-color: transparent !important;||  \tpadding: .3em 2em .3em .3em !important;||}||||.et_pb_button:after, .et_pb_button:before {||    font-size: 20px;||  \tline-height: 1.7em;||  \t||}||||.et_pb_button:hover:after {||  \tmargin-left: 0.2em;||}||  \t||  ||\/*    content: %22%9235%22;||    opacity: 0;||    position: absolute;||    margin-left: -1em;||    -webkit-transition: all .2s;||    transition: all .2s;||    text-transform: none;||    -webkit-font-feature-settings: %22kern%22 off;||    font-feature-settings: %22kern%22 off;||    font-variant: none;||    font-style: normal;||    font-weight: 400;||    text-shadow: none;||||}  *\/||\u00bb border_radii=\u00bbon|20px|20px|20px|20px\u00bb border_width_all=\u00bb1px\u00bb border_color_all=\u00bb#d9d9d9&#8243; global_colors_info=\u00bb{}\u00bb]<\/p>\n<p>&#8211;<a href=\"https:\/\/www.solinst.com\/products\/data\/101.pdf\" target=\"_blank\" rel=\"noopener\">Ficha t\u00e9cnica del modelo 101<br \/>(PDF)<\/a><\/p>\n<p><a href=\"https:\/\/www.solinst.com\/products\/level-measurement-devices\/101-water-level-meter\/get-quote.php\" class=\"et_pb_button dsm_button\" data-icon=\"I\" data-uw-rm-brl=\"PR\">Obtener presupuesto<\/a><\/p>\n<p>[\/et_pb_blurb][\/et_pb_column_inner][et_pb_column_inner type=\u00bb1_2&#8243; saved_specialty_column_type=\u00bb3_4&#8243; _builder_version=\u00bb4.27.4&#8243; _module_preset=\u00bbdefault\u00bb global_colors_info=\u00bb{}\u00bb][et_pb_text _builder_version=\u00bb4.27.4&#8243; _module_preset=\u00bbdefault\u00bb global_colors_info=\u00bb{}\u00bb]<\/p>\n<h2><a href=\"https:\/\/www.solinst.com\/es\/productos\/registradores-de-datos-y-sistemas-de-telemetria\/\" title=\"Registradores de datos y telemetr\u00eda\"><strong>Registradores de datos y telemetr\u00eda<\/strong><\/a><\/h2>\n<p>[\/et_pb_text][et_pb_blurb title=\u00bbLevelogger\u00ae 5&#8243; url=\u00bbhttps:\/\/www.solinst.com\/products\/level-measurement-devices\/101-water-level-meter\/\u00bb image=\u00bbhttps:\/\/www.solinst.com\/wp-content\/uploads\/2024\/09\/3001-levelogger-5-thumbnail-234&#215;232-1.webp\u00bb alt=\u00bbsolinst levelogger 5 registrador de datos de nivel de agua\u00bb icon_placement=\u00bbleft\u00bb _builder_version=\u00bb4.27.4&#8243; _module_preset=\u00bbdefault\u00bb header_level=\u00bbh3&#8243; header_font=\u00bb|700|||||||\u00bb header_text_align=\u00bbleft\u00bb body_font=\u00bb||||||||\u00bb custom_padding=\u00bb20px|10px|20px|10px|false|false\u00bb link_option_url=\u00bbhttps:\/\/www.solinst.com\/products\/level-measurement-devices\/101-water-level-meter\/\u00bb custom_css_free_form=\u00bb.et_pb_main_blurb_image img {||  min-width: 130px;||}||||.et_pb_button {||  ||    color: #000000 !important;||    border: 1px solid #ff8500 !important;||    border-radius: 20px;||  ||\t\t\/*font-family: Open Sans,Arial,sans-serif;||    -webkit-font-smoothing: antialiased;||    text-align: left;||    box-sizing: border-box;||    margin: 0;||    outline: 0;||    -webkit-text-size-adjust: 100%;||    vertical-align: baseline;||    background: transparent;||    font-weight: 500;||    ||    background-size: cover;||    background-position: 50%;||    background-repeat: no-repeat;||    transition-duration: .2s;||    transition-property: all!important;||    position: relative;||    text-decoration: none;||    background-color: hsla(0,0%,100%,.2);||    border: 2px solid #ff8500;||    ||    display: inline-block;*\/||||}||||.et_pb_button:hover {||    border: 2px solid #ff8500;||  \tbackground-color: transparent !important;||  \tpadding: .3em 2em .3em .3em !important;||}||||.et_pb_button:after, .et_pb_button:before {||    font-size: 20px;||  \tline-height: 1.7em;||  \t||}||||.et_pb_button:hover:after {||  \tmargin-left: 0.2em;||}||  \t||  ||\/*    content: %22%9235%22;||    opacity: 0;||    position: absolute;||    margin-left: -1em;||    -webkit-transition: all .2s;||    transition: all .2s;||    text-transform: none;||    -webkit-font-feature-settings: %22kern%22 off;||    font-feature-settings: %22kern%22 off;||    font-variant: none;||    font-style: normal;||    font-weight: 400;||    text-shadow: none;||||}  *\/||\u00bb border_radii=\u00bbon|20px|20px|20px|20px\u00bb border_width_all=\u00bb1px\u00bb border_color_all=\u00bb#d9d9d9&#8243; global_colors_info=\u00bb{}\u00bb]<\/p>\n<p>&#8211; Ficha t\u00e9cnica del modelo 3001<br \/> h<i class=\"fa-regular fa-file-pdf\"><\/i> (PDF)<\/p>\n<p><a href=\"https:\/\/www.solinst.com\/products\/dataloggers-and-telemetry\/3001-levelogger-series\/get-quote.php\" class=\"et_pb_button dsm_button\" data-icon=\"I\" data-uw-rm-brl=\"PR\">Obtener presupuesto<\/a><\/p>\n<p>[\/et_pb_blurb][et_pb_blurb title=\u00bbLevelogger\u00ae 5&#8243; url=\u00bbhttps:\/\/www.solinst.com\/products\/level-measurement-devices\/101-water-level-meter\/\u00bb image=\u00bbhttps:\/\/www.solinst.com\/wp-content\/uploads\/2024\/09\/3001-levelogger-5-thumbnail-234&#215;232-1.webp\u00bb alt=\u00bbsolinst levelogger 5 registrador de datos de nivel de agua\u00bb icon_placement=\u00bbleft\u00bb _builder_version=\u00bb4.27.4&#8243; _module_preset=\u00bbdefault\u00bb header_level=\u00bbh3&#8243; header_font=\u00bb|700|||||||\u00bb header_text_align=\u00bbleft\u00bb body_font=\u00bb||||||||\u00bb custom_padding=\u00bb20px|10px|20px|10px|false|false\u00bb link_option_url=\u00bbhttps:\/\/www.solinst.com\/products\/level-measurement-devices\/101-water-level-meter\/\u00bb custom_css_free_form=\u00bb.et_pb_main_blurb_image img {||  min-width: 130px;||}||||.et_pb_button {||  ||    color: #000000 !important;||    border: 1px solid #ff8500 !important;||    border-radius: 20px;||  ||\t\t\/*font-family: Open Sans,Arial,sans-serif;||    -webkit-font-smoothing: antialiased;||    text-align: left;||    box-sizing: border-box;||    margin: 0;||    outline: 0;||    -webkit-text-size-adjust: 100%;||    vertical-align: baseline;||    background: transparent;||    font-weight: 500;||    ||    background-size: cover;||    background-position: 50%;||    background-repeat: no-repeat;||    transition-duration: .2s;||    transition-property: all!important;||    position: relative;||    text-decoration: none;||    background-color: hsla(0,0%,100%,.2);||    border: 2px solid #ff8500;||    ||    display: inline-block;*\/||||}||||.et_pb_button:hover {||    border: 2px solid #ff8500;||  \tbackground-color: transparent !important;||  \tpadding: .3em 2em .3em .3em !important;||}||||.et_pb_button:after, .et_pb_button:before {||    font-size: 20px;||  \tline-height: 1.7em;||  \t||}||||.et_pb_button:hover:after {||  \tmargin-left: 0.2em;||}||  \t||  ||\/*    content: %22%9235%22;||    opacity: 0;||    position: absolute;||    margin-left: -1em;||    -webkit-transition: all .2s;||    transition: all .2s;||    text-transform: none;||    -webkit-font-feature-settings: %22kern%22 off;||    font-feature-settings: %22kern%22 off;||    font-variant: none;||    font-style: normal;||    font-weight: 400;||    text-shadow: none;||||}  *\/||\u00bb border_radii=\u00bbon|20px|20px|20px|20px\u00bb border_width_all=\u00bb1px\u00bb border_color_all=\u00bb#d9d9d9&#8243; global_colors_info=\u00bb{}\u00bb]<\/p>\n<p>&#8211; Ficha t\u00e9cnica del modelo 3001<br \/>(PDF)<\/p>\n<p><a href=\"https:\/\/www.solinst.com\/products\/dataloggers-and-telemetry\/3001-levelogger-series\/get-quote.php\" class=\"et_pb_button dsm_button\" data-icon=\"I\" data-uw-rm-brl=\"PR\">Obtener presupuesto<\/a><\/p>\n<p>[\/et_pb_blurb][\/et_pb_column_inner][\/et_pb_row_inner][\/et_pb_column][\/et_pb_section]<\/p>\n","protected":false},"excerpt":{"rendered":"<p>Dispositivos de medici\u00f3n de nivel-Ficha t\u00e9cnica del modelo 101(PDF) Obtener presupuesto-Ficha t\u00e9cnica del modelo 101(PDF) Obtener presupuestoRegistradores de datos y telemetr\u00eda- Ficha t\u00e9cnica del modelo 3001 h (PDF) Obtener presupuesto- Ficha t\u00e9cnica del modelo 3001(PDF) Obtener presupuesto<\/p>\n","protected":false},"author":3,"featured_media":0,"parent":0,"menu_order":0,"comment_status":"closed","ping_status":"closed","template":"","meta":{"_et_pb_use_builder":"on","_et_pb_old_content":"","_et_gb_content_width":"","footnotes":""},"folder":[129],"class_list":["post-93456","page","type-page","status-publish","hentry"],"yoast_head":"<!-- This site is optimized with the Yoast SEO Premium plugin v27.2 (Yoast SEO v27.2) - https:\/\/yoast.com\/product\/yoast-seo-premium-wordpress\/ -->\n<title>Prueba de la p\u00e1gina de confirmaci\u00f3n GF - MC - Solinst Groundwater and Surface Water Monitoring Instrumentation, Water Level Meters, Interface Meters, Dataloggers<\/title>\n<meta name=\"robots\" content=\"index, follow, max-snippet:-1, max-image-preview:large, max-video-preview:-1\" \/>\n<link rel=\"canonical\" href=\"https:\/\/www.solinst.com\/es\/prueba-de-la-pagina-de-confirmacion-gf-mc\/\" \/>\n<meta property=\"og:locale\" content=\"es_ES\" \/>\n<meta property=\"og:type\" content=\"article\" \/>\n<meta property=\"og:title\" content=\"Prueba de la p\u00e1gina de confirmaci\u00f3n GF - MC\" \/>\n<meta property=\"og:description\" content=\"Dispositivos de medici\u00f3n de nivel-Ficha t\u00e9cnica del modelo 101(PDF) Obtener presupuesto-Ficha t\u00e9cnica del modelo 101(PDF) Obtener presupuestoRegistradores de datos y telemetr\u00eda- Ficha t\u00e9cnica del modelo 3001 h (PDF) Obtener presupuesto- Ficha t\u00e9cnica del modelo 3001(PDF) Obtener presupuesto\" \/>\n<meta property=\"og:url\" content=\"https:\/\/www.solinst.com\/es\/prueba-de-la-pagina-de-confirmacion-gf-mc\/\" \/>\n<meta property=\"og:site_name\" content=\"Solinst Groundwater and Surface Water Monitoring Instrumentation, Water Level Meters, Interface Meters, Dataloggers\" \/>\n<meta property=\"article:modified_time\" content=\"2025-12-22T21:22:43+00:00\" \/>\n<meta name=\"twitter:card\" content=\"summary_large_image\" \/>\n<meta name=\"twitter:label1\" content=\"Tiempo de lectura\" \/>\n\t<meta name=\"twitter:data1\" content=\"6 minutos\" \/>\n<script type=\"application\/ld+json\" class=\"yoast-schema-graph\">{\"@context\":\"https:\/\/schema.org\",\"@graph\":[{\"@type\":\"WebPage\",\"@id\":\"https:\/\/www.solinst.com\/es\/prueba-de-la-pagina-de-confirmacion-gf-mc\/\",\"url\":\"https:\/\/www.solinst.com\/es\/prueba-de-la-pagina-de-confirmacion-gf-mc\/\",\"name\":\"Prueba de la p\u00e1gina de confirmaci\u00f3n GF - MC - Solinst Groundwater and Surface Water Monitoring Instrumentation, Water Level Meters, Interface Meters, Dataloggers\",\"isPartOf\":{\"@id\":\"https:\/\/www.solinst.com\/es\/#website\"},\"datePublished\":\"2025-05-21T16:02:06+00:00\",\"dateModified\":\"2025-12-22T21:22:43+00:00\",\"breadcrumb\":{\"@id\":\"https:\/\/www.solinst.com\/es\/prueba-de-la-pagina-de-confirmacion-gf-mc\/#breadcrumb\"},\"inLanguage\":\"es\",\"potentialAction\":[{\"@type\":\"ReadAction\",\"target\":[\"https:\/\/www.solinst.com\/es\/prueba-de-la-pagina-de-confirmacion-gf-mc\/\"]}]},{\"@type\":\"BreadcrumbList\",\"@id\":\"https:\/\/www.solinst.com\/es\/prueba-de-la-pagina-de-confirmacion-gf-mc\/#breadcrumb\",\"itemListElement\":[{\"@type\":\"ListItem\",\"position\":1,\"name\":\"Home\",\"item\":\"https:\/\/www.solinst.com\/es\/inicio\/\"},{\"@type\":\"ListItem\",\"position\":2,\"name\":\"Prueba de la p\u00e1gina de confirmaci\u00f3n GF &#8211; MC\"}]},{\"@type\":\"WebSite\",\"@id\":\"https:\/\/www.solinst.com\/es\/#website\",\"url\":\"https:\/\/www.solinst.com\/es\/\",\"name\":\"Solinst Groundwater and Surface Water Monitoring Instrumentation, Water Level Meters, Interface Meters, Dataloggers\",\"description\":\"High quality groundwater monitoring instruments and surface water monitoring instruments including water level meters, interface meters, groundwater samplers, dataloggers and more!\",\"potentialAction\":[{\"@type\":\"SearchAction\",\"target\":{\"@type\":\"EntryPoint\",\"urlTemplate\":\"https:\/\/www.solinst.com\/es\/?s={search_term_string}\"},\"query-input\":{\"@type\":\"PropertyValueSpecification\",\"valueRequired\":true,\"valueName\":\"search_term_string\"}}],\"inLanguage\":\"es\"}]}<\/script>\n<!-- \/ Yoast SEO Premium plugin. -->","yoast_head_json":{"title":"Prueba de la p\u00e1gina de confirmaci\u00f3n GF - MC - Solinst Groundwater and Surface Water Monitoring Instrumentation, Water Level Meters, Interface Meters, Dataloggers","robots":{"index":"index","follow":"follow","max-snippet":"max-snippet:-1","max-image-preview":"max-image-preview:large","max-video-preview":"max-video-preview:-1"},"canonical":"https:\/\/www.solinst.com\/es\/prueba-de-la-pagina-de-confirmacion-gf-mc\/","og_locale":"es_ES","og_type":"article","og_title":"Prueba de la p\u00e1gina de confirmaci\u00f3n GF - MC","og_description":"Dispositivos de medici\u00f3n de nivel-Ficha t\u00e9cnica del modelo 101(PDF) Obtener presupuesto-Ficha t\u00e9cnica del modelo 101(PDF) Obtener presupuestoRegistradores de datos y telemetr\u00eda- Ficha t\u00e9cnica del modelo 3001 h (PDF) Obtener presupuesto- Ficha t\u00e9cnica del modelo 3001(PDF) Obtener presupuesto","og_url":"https:\/\/www.solinst.com\/es\/prueba-de-la-pagina-de-confirmacion-gf-mc\/","og_site_name":"Solinst Groundwater and Surface Water Monitoring Instrumentation, Water Level Meters, Interface Meters, Dataloggers","article_modified_time":"2025-12-22T21:22:43+00:00","twitter_card":"summary_large_image","twitter_misc":{"Tiempo de lectura":"6 minutos"},"schema":{"@context":"https:\/\/schema.org","@graph":[{"@type":"WebPage","@id":"https:\/\/www.solinst.com\/es\/prueba-de-la-pagina-de-confirmacion-gf-mc\/","url":"https:\/\/www.solinst.com\/es\/prueba-de-la-pagina-de-confirmacion-gf-mc\/","name":"Prueba de la p\u00e1gina de confirmaci\u00f3n GF - MC - Solinst Groundwater and Surface Water Monitoring Instrumentation, Water Level Meters, Interface Meters, Dataloggers","isPartOf":{"@id":"https:\/\/www.solinst.com\/es\/#website"},"datePublished":"2025-05-21T16:02:06+00:00","dateModified":"2025-12-22T21:22:43+00:00","breadcrumb":{"@id":"https:\/\/www.solinst.com\/es\/prueba-de-la-pagina-de-confirmacion-gf-mc\/#breadcrumb"},"inLanguage":"es","potentialAction":[{"@type":"ReadAction","target":["https:\/\/www.solinst.com\/es\/prueba-de-la-pagina-de-confirmacion-gf-mc\/"]}]},{"@type":"BreadcrumbList","@id":"https:\/\/www.solinst.com\/es\/prueba-de-la-pagina-de-confirmacion-gf-mc\/#breadcrumb","itemListElement":[{"@type":"ListItem","position":1,"name":"Home","item":"https:\/\/www.solinst.com\/es\/inicio\/"},{"@type":"ListItem","position":2,"name":"Prueba de la p\u00e1gina de confirmaci\u00f3n GF &#8211; MC"}]},{"@type":"WebSite","@id":"https:\/\/www.solinst.com\/es\/#website","url":"https:\/\/www.solinst.com\/es\/","name":"Solinst Groundwater and Surface Water Monitoring Instrumentation, Water Level Meters, Interface Meters, Dataloggers","description":"High quality groundwater monitoring instruments and surface water monitoring instruments including water level meters, interface meters, groundwater samplers, dataloggers and more!","potentialAction":[{"@type":"SearchAction","target":{"@type":"EntryPoint","urlTemplate":"https:\/\/www.solinst.com\/es\/?s={search_term_string}"},"query-input":{"@type":"PropertyValueSpecification","valueRequired":true,"valueName":"search_term_string"}}],"inLanguage":"es"}]}},"_links":{"self":[{"href":"https:\/\/www.solinst.com\/es\/wp-json\/wp\/v2\/pages\/93456","targetHints":{"allow":["GET"]}}],"collection":[{"href":"https:\/\/www.solinst.com\/es\/wp-json\/wp\/v2\/pages"}],"about":[{"href":"https:\/\/www.solinst.com\/es\/wp-json\/wp\/v2\/types\/page"}],"author":[{"embeddable":true,"href":"https:\/\/www.solinst.com\/es\/wp-json\/wp\/v2\/users\/3"}],"replies":[{"embeddable":true,"href":"https:\/\/www.solinst.com\/es\/wp-json\/wp\/v2\/comments?post=93456"}],"version-history":[{"count":11,"href":"https:\/\/www.solinst.com\/es\/wp-json\/wp\/v2\/pages\/93456\/revisions"}],"predecessor-version":[{"id":144906,"href":"https:\/\/www.solinst.com\/es\/wp-json\/wp\/v2\/pages\/93456\/revisions\/144906"}],"wp:attachment":[{"href":"https:\/\/www.solinst.com\/es\/wp-json\/wp\/v2\/media?parent=93456"}],"wp:term":[{"taxonomy":"folder","embeddable":true,"href":"https:\/\/www.solinst.com\/es\/wp-json\/wp\/v2\/folder?post=93456"}],"curies":[{"name":"wp","href":"https:\/\/api.w.org\/{rel}","templated":true}]}}