{"id":41395,"date":"2025-01-22T22:01:33","date_gmt":"2025-01-22T22:01:33","guid":{"rendered":"https:\/\/www.solinst.com\/produits\/spohr-messtechnik\/spohr-rentals-merci\/"},"modified":"2025-02-18T22:05:14","modified_gmt":"2025-02-18T22:05:14","slug":"spohr-rentals-merci","status":"publish","type":"page","link":"https:\/\/www.solinst.com\/fr\/produits\/spohr-messtechnik\/spohr-rentals-merci\/","title":{"rendered":"Spohr Rentals Merci"},"content":{"rendered":"<p>[et_pb_section fb_built=\u00a0\u00bb1&Prime; fullwidth=\u00a0\u00bbon\u00a0\u00bb _builder_version=\u00a0\u00bb4.27.2&Prime; _module_preset=\u00a0\u00bbdefault\u00a0\u00bb global_colors_info=\u00a0\u00bb{}\u00a0\u00bb][et_pb_fullwidth_image src=\u00a0\u00bbhttps:\/\/www.solinst.com\/wp-content\/uploads\/2025\/01\/spohr-messtechnik-1920&#215;500-1.webp\u00a0\u00bb alt=\u00a0\u00bbspohr messtechnik instruments hydrom\u00e9triques\u00a0\u00bb title_text=\u00a0\u00bbSpohr Messtechnik Instruments hydrom\u00e9triques\u00a0\u00bb src_tablet=\u00a0\u00bbhttps:\/\/www.solinst.com\/wp-content\/uploads\/2025\/01\/spohr-messtechnik-965&#215;500-1.webp\u00a0\u00bb src_phone=\u00a0\u00bbhttps:\/\/www.solinst.com\/wp-content\/uploads\/2025\/01\/spohr-messtechnik-965&#215;500-1.webp\u00a0\u00bb src_last_edited=\u00a0\u00bbon|phone\u00a0\u00bb _builder_version=\u00a0\u00bb4.27.4&Prime; _module_preset=\u00a0\u00bbdefault\u00a0\u00bb global_colors_info=\u00a0\u00bb{}\u00a0\u00bb][\/et_pb_fullwidth_image][\/et_pb_section][et_pb_section fb_built=\u00a0\u00bb1&Prime; custom_padding_last_edited=\u00a0\u00bboff|desktop\u00a0\u00bb admin_label=\u00a0\u00bbH1 and breadcrumbs\u00a0\u00bb _builder_version=\u00a0\u00bb4.27.4&Prime; _module_preset=\u00a0\u00bb792ca5bd-0808-46bd-9ce7-3bcb8e74f4d3&Prime; global_colors_info=\u00a0\u00bb{}\u00a0\u00bb][et_pb_row _builder_version=\u00a0\u00bb4.27.4&Prime; _module_preset=\u00a0\u00bb4b28f470-0d73-4e9d-b92d-e6f41f2cea24&Prime; global_colors_info=\u00a0\u00bb{}\u00a0\u00bb][et_pb_column type=\u00a0\u00bb4_4&Prime; _builder_version=\u00a0\u00bb4.25.0&Prime; _module_preset=\u00a0\u00bbdefault\u00a0\u00bb global_colors_info=\u00a0\u00bb{}\u00a0\u00bb][et_pb_text _builder_version=\u00a0\u00bb4.27.4&Prime; _module_preset=\u00a0\u00bb3078f328-b50a-467d-9906-3143dabcd7ac\u00a0\u00bb header_text_align_tablet=\u00a0\u00bb\u00a0\u00bb header_text_align_phone=\u00a0\u00bb\u00a0\u00bb header_text_align_last_edited=\u00a0\u00bbon|desktop\u00a0\u00bb header_font_size_tablet=\u00a0\u00bb30px\u00a0\u00bb header_font_size_phone=\u00a0\u00bb26px\u00a0\u00bb global_colors_info=\u00a0\u00bb{}\u00a0\u00bb]<\/p>\n<h1 role=\"heading\" aria-level=\"2\" data-uw-rm-heading=\"level\">Location Spohr-Messtechnik : Merci<\/h1>\n<p>[\/et_pb_text][dsm_breadcrumbs disabled_on=\u00a0\u00bbon|off|off\u00a0\u00bb _builder_version=\u00a0\u00bb4.27.2&Prime; _module_preset=\u00a0\u00bbdefault\u00a0\u00bb home_icon_text_color=\u00a0\u00bb#d6d6d6&Prime; global_colors_info=\u00a0\u00bb{}\u00a0\u00bb][\/dsm_breadcrumbs][\/et_pb_column][\/et_pb_row][\/et_pb_section][et_pb_section fb_built=\u00a0\u00bb1&Prime; admin_label=\u00a0\u00bbMobile-Only Nav with Offset\u00a0\u00bb _builder_version=\u00a0\u00bb4.27.4&Prime; _module_preset=\u00a0\u00bb4759a92f-4b27-4854-bb2c-299854634e93&Prime; sticky_offset_top=\u00a0\u00bb127px\u00a0\u00bb global_module=\u00a0\u00bb36405&Prime; saved_tabs=\u00a0\u00bball\u00a0\u00bb global_colors_info=\u00a0\u00bb{}\u00a0\u00bb][et_pb_row _builder_version=\u00a0\u00bb4.27.4&Prime; _module_preset=\u00a0\u00bbdefault\u00a0\u00bb width=\u00a0\u00bb90%\u00a0\u00bb custom_margin=\u00a0\u00bb0px||||false|false\u00a0\u00bb custom_padding=\u00a0\u00bb0px||||false|false\u00a0\u00bb global_colors_info=\u00a0\u00bb{}\u00a0\u00bb][et_pb_column type=\u00a0\u00bb4_4&Prime; _builder_version=\u00a0\u00bb4.27.4&Prime; _module_preset=\u00a0\u00bbdefault\u00a0\u00bb global_colors_info=\u00a0\u00bb{}\u00a0\u00bb][et_pb_code admin_label=\u00a0\u00bbSpohr Mobile Nav &#8211; S\u00e9lectionner un menu d\u00e9roulant\u00a0\u00bb _builder_version=\u00a0\u00bb4.27.4&Prime; _module_preset=\u00a0\u00bbdefault\u00a0\u00bb custom_css_free_form=\u00a0\u00bbselect {||||      font-size: 1em; \/* Adjust font size *\/||      padding: 10px;   \/* Optional: Increase padding for better spacing *\/||      width: 100%;||      box-sizing: border-box;\/* Optional: Adjust width to fit the container *\/||      height: 50px;||}||||    \/* Style for dropdown options (fallback if needed) *\/||select option {||      font-size: 1.2em; \/* Ensures option text matches select styling *\/||      width: 100%;||    }\u00a0\u00bb global_colors_info=\u00a0\u00bb{}\u00a0\u00bb]<select name=\"dropdown\" onchange=\"location = this.value;\"><!-- [et_pb_line_break_holder] --><option value=\"\">Spohr Messtechnik Menu<\/option><!-- [et_pb_line_break_holder] --><option value=\"\/instruments\/spohr\/\">Page principale de Spohr Messtechnik<\/option><!-- [et_pb_line_break_holder] --><option value=\"\/instruments\/spohr\/lightweight-water-level-meter\/\">Indicateur de niveau d&rsquo;eau l\u00e9ger -Spohr<\/option><!-- [et_pb_line_break_holder] --><option value=\"\/instruments\/spohr\/lightweight-water-level-meter\/quote\/\">&#8211;Obtenir un devis<\/option><!-- [et_pb_line_break_holder] --><option value=\"\/instruments\/spohr\/lightweight-water-level-meter\/datasheet\/\">&#8211;Fiche de donn\u00e9es<\/option><!-- [et_pb_line_break_holder] --><option value=\"\/instruments\/spohr\/lightweight-water-level-meter\/operating-instructions\/\">&#8211;Instructions<\/option><!-- [et_pb_line_break_holder] --><!-- [et_pb_line_break_holder] --><option value=\"\/instruments\/spohr\/water-level-meters\/\">Compteurs de niveau d&rsquo;eau -Spohr<\/option><!-- [et_pb_line_break_holder] --><option value=\"\/instruments\/spohr\/tag-line\/\">-Ligne d&rsquo;\u00e9tiquette de Spohr<\/option><!-- [et_pb_line_break_holder] --><option value=\"\/instruments\/spohr\/staff-gauges\/\">Jauges d&rsquo;\u00e9tat-major Spohr<\/option><!-- [et_pb_line_break_holder] --><option value=\"\/instruments\/spohr\/well-whistle\/\">-Sifflet du puits de Spohr<\/option><!-- [et_pb_line_break_holder] --><option value=\"\/instruments\/spohr\/monitoring-well-caps\/\">-Capuchons de puits de surveillance<\/option><!-- [et_pb_line_break_holder] -->    <!-- [et_pb_line_break_holder] --><option value=\"\/instruments\/spohr\/general-quote-form\/\">Obtenir un devis<\/option><!-- [et_pb_line_break_holder] --><option value=\"\/instruments\/spohr\/contact-form\/\">Envoyez-moi des informations<\/option><!-- [et_pb_line_break_holder] --><option value=\"\/instruments\/spohr\/rentals\/\">Location Spohr<\/option><!-- [et_pb_line_break_holder] --><\/select>[\/et_pb_code][\/et_pb_column][\/et_pb_row][\/et_pb_section][et_pb_section fb_built=\u00a0\u00bb1&Prime; specialty=\u00a0\u00bbon\u00a0\u00bb _builder_version=\u00a0\u00bb4.27.2&Prime; _module_preset=\u00a0\u00bb5a5bca26-a9a5-4e6c-8fca-d64da3bdcd40&Prime; global_colors_info=\u00a0\u00bb{}\u00a0\u00bb][et_pb_column type=\u00a0\u00bb1_4&Prime; _builder_version=\u00a0\u00bb4.16&Prime; custom_padding=\u00a0\u00bb|||\u00a0\u00bb global_colors_info=\u00a0\u00bb{}\u00a0\u00bb custom_padding__hover=\u00a0\u00bb|||\u00a0\u00bb][et_pb_menu menu_id=\u00a0\u00bb239&Prime; admin_label=\u00a0\u00bbSpohr Main Nav\u00a0\u00bb _builder_version=\u00a0\u00bb4.27.4&Prime; _module_preset=\u00a0\u00bb242faa89-ac4f-4e46-90fe-505e8c1eab79&Prime; global_module=\u00a0\u00bb36361&Prime; saved_tabs=\u00a0\u00bball\u00a0\u00bb global_colors_info=\u00a0\u00bb{}\u00a0\u00bb][\/et_pb_menu][et_pb_text _builder_version=\u00a0\u00bb4.27.4&Prime; _module_preset=\u00a0\u00bbdefault\u00a0\u00bb custom_margin=\u00a0\u00bb20px||||false|false\u00a0\u00bb global_module=\u00a0\u00bb48131&Prime; global_colors_info=\u00a0\u00bb{}\u00a0\u00bb]<\/p>\n<p><a href=\"https:\/\/solinst.com\/spohr\" title=\"Spohr Messtechnik\"><strong><img loading=\"lazy\" decoding=\"async\" src=\"https:\/\/www.solinst.com\/wp-content\/uploads\/2025\/01\/spohr-logo-1200x403-1.webp\" width=\"200\" height=\"63\" alt=\"spohr messtechnik hydrometric instruments\" class=\"wp-image-35906 alignnone size-full\" \/><\/strong><\/a><\/p>\n<p><strong>Spohr-Messtechnik GmbH<\/strong><br \/>L\u00e4nderweg 37<br \/>D-60599 Frankfurt a.M.<br \/>Germany<\/p>\n<p>Tel: 069 622860<br \/>Fax: 069 620455<br \/><a href=\"mailto:info@spohr-messtechnik.de\">info@spohr-messtechnik.de<\/a><\/p>\n<p>[\/et_pb_text][\/et_pb_column][et_pb_column type=\u00a0\u00bb3_4&Prime; specialty_columns=\u00a0\u00bb3&Prime; _builder_version=\u00a0\u00bb4.16&Prime; custom_padding=\u00a0\u00bb|||\u00a0\u00bb global_colors_info=\u00a0\u00bb{}\u00a0\u00bb custom_padding__hover=\u00a0\u00bb|||\u00a0\u00bb][et_pb_row_inner _builder_version=\u00a0\u00bb4.27.4&Prime; _module_preset=\u00a0\u00bbdefault\u00a0\u00bb custom_margin=\u00a0\u00bb0px||1em||false|false\u00a0\u00bb custom_padding=\u00a0\u00bb0px||0px||false|false\u00a0\u00bb global_colors_info=\u00a0\u00bb{}\u00a0\u00bb][et_pb_column_inner saved_specialty_column_type=\u00a0\u00bb3_4&Prime; _builder_version=\u00a0\u00bb4.27.2&Prime; _module_preset=\u00a0\u00bbdefault\u00a0\u00bb global_colors_info=\u00a0\u00bb{}\u00a0\u00bb][et_pb_text _builder_version=\u00a0\u00bb4.27.4&Prime; _module_preset=\u00a0\u00bbdefault\u00a0\u00bb global_colors_info=\u00a0\u00bb{}\u00a0\u00bb]<\/p>\n<p>Nous vous remercions de votre demande de devis. Un de nos repr\u00e9sentants technico-commerciaux vous contactera dans les plus brefs d\u00e9lais. Si votre demande est urgente, veuillez envoyer un courriel \u00e0 <a href=\"mailto:info@spohr-messtechnik.de\">info@spohr-messtechnik.de<\/a>. Merci.  <\/p>\n<p>[\/et_pb_text][\/et_pb_column_inner][\/et_pb_row_inner][\/et_pb_column][\/et_pb_section][et_pb_section fb_built=\u00a0\u00bb1&Prime; admin_label=\u00a0\u00bbAdobe Analytics Code\u00a0\u00bb _builder_version=\u00a0\u00bb4.27.0&Prime; _module_preset=\u00a0\u00bbdefault\u00a0\u00bb custom_padding=\u00a0\u00bb||4px|||\u00a0\u00bb global_colors_info=\u00a0\u00bb{}\u00a0\u00bb][et_pb_row _builder_version=\u00a0\u00bb4.27.2&Prime; _module_preset=\u00a0\u00bbdefault\u00a0\u00bb global_colors_info=\u00a0\u00bb{}\u00a0\u00bb][et_pb_column type=\u00a0\u00bb4_4&Prime; _builder_version=\u00a0\u00bb4.27.0&Prime; _module_preset=\u00a0\u00bbdefault\u00a0\u00bb global_colors_info=\u00a0\u00bb{}\u00a0\u00bb][et_pb_code admin_label=\u00a0\u00bbCode AA pour cette page\u00a0\u00bb _builder_version=\u00a0\u00bb4.27.4&Prime; _module_preset=\u00a0\u00bbdefault\u00a0\u00bb hover_enabled=\u00a0\u00bb0&Prime; global_colors_info=\u00a0\u00bb{}\u00a0\u00bb sticky_enabled=\u00a0\u00bb0&Prime;]<!-- SiteCatalyst code version: H.21. Copyright 1996-2010 Adobe, Inc. All Rights Reserved More info available at http:\/\/www.omniture.com --><!-- [et_pb_line_break_holder] --><script language=\"JavaScript\" type=\"text\/javascript\" src=\"\/\/www.solinst.com\/s_code.js\"><\/script><!-- [et_pb_line_break_holder] --><script language=\"JavaScript\" type=\"text\/javascript\"><!--<!-- [et_pb_line_break_holder] -->s.pageName=\"spohr rentals thank you\"<!-- [et_pb_line_break_holder] -->s.server=\"\"<!-- [et_pb_line_break_holder] -->s.channel=\"products\"<!-- [et_pb_line_break_holder] -->s.pageType=\"\"<!-- [et_pb_line_break_holder] -->s.prop1=\"spohr\"<!-- [et_pb_line_break_holder] -->s.prop2=\"spohr rentals thank you\"<!-- [et_pb_line_break_holder] -->s.prop3=\"\"<!-- [et_pb_line_break_holder] -->s.prop4=\"\"<!-- [et_pb_line_break_holder] -->s.prop5=\"\"<!-- [et_pb_line_break_holder] -->s.prop6=\"\"<!-- [et_pb_line_break_holder] -->s.prop7=\"\"<!-- [et_pb_line_break_holder] -->s.prop8=\"\"<!-- [et_pb_line_break_holder] -->s.prop9=\"\"<!-- [et_pb_line_break_holder] -->s.prop10=\"\"<!-- [et_pb_line_break_holder] -->s.prop11=\"\"<!-- [et_pb_line_break_holder] -->s.prop12=\"\"<!-- [et_pb_line_break_holder] -->s.prop13=\"\"<!-- [et_pb_line_break_holder] -->s.prop14=\"\"<!-- [et_pb_line_break_holder] -->s.prop15=\"\"<!-- [et_pb_line_break_holder] -->s.prop16=\"\"<!-- [et_pb_line_break_holder] -->s.prop17=\"\"<!-- [et_pb_line_break_holder] -->s.prop18=\"\"<!-- [et_pb_line_break_holder] -->s.prop19=\"\"<!-- [et_pb_line_break_holder] -->s.prop20=\"\"<!-- [et_pb_line_break_holder] -->s.prop21=\"\"<!-- [et_pb_line_break_holder] -->s.prop22=\"\"<!-- [et_pb_line_break_holder] -->s.prop23=\"\"<!-- [et_pb_line_break_holder] -->s.prop24=\"\"<!-- [et_pb_line_break_holder] -->s.prop25=\"\"<!-- [et_pb_line_break_holder] -->s.prop26=\"\"<!-- [et_pb_line_break_holder] -->s.prop27=\"\"<!-- [et_pb_line_break_holder] -->s.prop28=\"\"<!-- [et_pb_line_break_holder] -->s.prop29=\"\"<!-- [et_pb_line_break_holder] -->s.prop30=\"\"<!-- [et_pb_line_break_holder] -->s.prop31=\"\"<!-- [et_pb_line_break_holder] -->s.prop32=\"\"<!-- [et_pb_line_break_holder] -->s.prop33=\"\"<!-- [et_pb_line_break_holder] -->s.hier1=\"solinst:products:spohr:spohr rentals thank you\"<!-- [et_pb_line_break_holder] --><!-- [et_pb_line_break_holder] -->\/* Conversion Variables *\/<!-- [et_pb_line_break_holder] -->s.campaign=\"\"<!-- [et_pb_line_break_holder] -->s.events=\"event2:1\"<!-- [et_pb_line_break_holder] -->s.eVar1=\"spohr rentals thank you\"<!-- [et_pb_line_break_holder] -->s.eVar2=\"\"<!-- [et_pb_line_break_holder] -->s.eVar3=\"\"<!-- [et_pb_line_break_holder] -->s.eVar4=\"\"<!-- [et_pb_line_break_holder] -->s.eVar5=\"\"<!-- [et_pb_line_break_holder] -->s.eVar6=\"\"<!-- [et_pb_line_break_holder] -->s.eVar7=\"\"<!-- [et_pb_line_break_holder] -->s.eVar8=\"\"<!-- [et_pb_line_break_holder] -->s.eVar9=\"\"<!-- [et_pb_line_break_holder] -->s.eVar10=\"\"<!-- [et_pb_line_break_holder] -->s.eVar11=\"\"<!-- [et_pb_line_break_holder] -->s.eVar12=\"\"<!-- [et_pb_line_break_holder] -->s.eVar13=\"\"<!-- [et_pb_line_break_holder] -->s.eVar14=\"\"<!-- [et_pb_line_break_holder] -->s.eVar15=\"\"<!-- [et_pb_line_break_holder] -->s.eVar16=\"\"<!-- [et_pb_line_break_holder] -->s.eVar17=\"spohr rentals thank you\"<!-- [et_pb_line_break_holder] -->s.state=\"\"<!-- [et_pb_line_break_holder] -->s.zip=\"\"<!-- [et_pb_line_break_holder] -->\/************* DO NOT ALTER ANYTHING BELOW THIS LINE ! **************\/<!-- [et_pb_line_break_holder] -->var s_code=s.t();if(s_code)document.write(s_code)\/\/--><\/script><!-- [et_pb_line_break_holder] --><script language=\"JavaScript\" type=\"text\/javascript\"><!--<!-- [et_pb_line_break_holder] -->if(navigator.appVersion.indexOf('MSIE')>=0)document.write(unescape('%3C')+'!-'+'-')<!-- [et_pb_line_break_holder] -->\/\/--><\/script><noscript><a href=\"https:\/\/www.omniture.com\" title=\"Analyse du Web\"><img loading=\"lazy\" decoding=\"async\" src=\"https:\/\/solinst.d2.sc.omtrdc.net\/b\/ss\/solinst-prod\/1\/H.21--NS\/0\" height=\"1\" width=\"1\" border=\"0\" alt=\"\"><\/a><\/noscript><!--\/DO NOT REMOVE\/--><!-- [et_pb_line_break_holder] --><!-- End SiteCatalyst code version: H.21. -->[\/et_pb_code][\/et_pb_column][\/et_pb_row][\/et_pb_section]<\/p>\n","protected":false},"excerpt":{"rendered":"<p>Location Spohr-Messtechnik : Merci<div class=\"et_pb_module dsm_breadcrumbs dsm_breadcrumbs_0\">\n\t\t\t\t\n\t\t\t\t\n\t\t\t\t\n\t\t\t\t\n\t\t\t\t\n\t\t\t\t\n\t\t\t\t<div class=\"et_pb_module_inner\">\n\t\t\t\t\t<nav class=\"dsm_breadcrumbs_wrap\">\n\t\t\t\t<ul class=\"dsm_breadcrumbs\" itemscope itemtype=\"https:\/\/schema.org\/BreadcrumbList\">\t\t\t<li class=\"dsm_breadcrumbs_item dsm_home_item dsm_home_item_custom\" itemprop=\"itemListElement\" itemscope\n\t\t\titemtype=\"https:\/\/schema.org\/ListItem\">\n\t\t\t\t<a href=\"https:\/\/www.solinst.com\/fr\/\" itemprop=\"item\" target=\"\">\n\t\t\t\t\t<span class='dsm_home_text_wrapper'>\n\t\t\t\t\t\t\t\t\t\t\t\t\t<span class=\"et-pb-icon dsm_home_icon\">\ue009<\/span>\n\t\t\t\t\t\t\t\t\t\t\t\t\t<span class=\"dsm_home_text\" itemprop=\"name\">\n\t\t\t\t\t\t\t\tHome\t\t\t\t\t\t\t<\/span>\n\t\t\t\t\t<\/span>\n\t\t\t\t<\/a>\n\t\t\t\t<meta itemprop=\"position\" content=\"1\" \/>\n\t\t\t<\/li>\n\n\t\t<li class=\"dsm_breadcrumbs_separator\"> <span class=\"et-pb-icon dsm_separator_icon\">5<\/span><\/li><\/ul>\n\t\t\t<\/nav>\n\t\t\t\t<\/div>\n\t\t\t<\/div> Spohr-Messtechnik GmbHL\u00e4nderweg 37D-60599 Frankfurt a.M.Germany Tel: 069 622860Fax: 069 620455info@spohr-messtechnik.de Nous vous remercions de votre demande de devis. Un de nos repr\u00e9sentants technico-commerciaux vous contactera dans les plus brefs d\u00e9lais. Si votre demande est urgente, veuillez envoyer un courriel \u00e0 info@spohr-messtechnik.de. Merci.<\/p>\n","protected":false},"author":3,"featured_media":0,"parent":36054,"menu_order":0,"comment_status":"closed","ping_status":"closed","template":"","meta":{"_et_pb_use_builder":"on","_et_pb_old_content":"","_et_gb_content_width":"","footnotes":""},"folder":[246],"class_list":["post-41395","page","type-page","status-publish","hentry"],"yoast_head":"<!-- This site is optimized with the Yoast SEO Premium plugin v27.2 (Yoast SEO v27.2) - https:\/\/yoast.com\/product\/yoast-seo-premium-wordpress\/ -->\n<title>Spohr Rentals Merci<\/title>\n<meta name=\"description\" content=\"Location de Spohr : merci.\" \/>\n<meta name=\"robots\" content=\"noindex, nofollow\" \/>\n<meta property=\"og:locale\" content=\"fr_FR\" \/>\n<meta property=\"og:type\" content=\"article\" \/>\n<meta property=\"og:title\" content=\"Spohr Rentals Merci\" \/>\n<meta property=\"og:description\" content=\"Location de Spohr : merci.\" \/>\n<meta property=\"og:url\" content=\"https:\/\/www.solinst.com\/fr\/produits\/spohr-messtechnik\/spohr-rentals-merci\/\" \/>\n<meta property=\"og:site_name\" content=\"Solinst Groundwater and Surface Water Monitoring Instrumentation, Water Level Meters, Interface Meters, Dataloggers\" \/>\n<meta property=\"article:modified_time\" content=\"2025-02-18T22:05:14+00:00\" \/>\n<meta property=\"og:image\" content=\"https:\/\/www.solinst.com\/wp-content\/uploads\/2025\/01\/spohr-logo-1200x403-1.webp\" \/>\n\t<meta property=\"og:image:width\" content=\"1200\" \/>\n\t<meta property=\"og:image:height\" content=\"403\" \/>\n\t<meta property=\"og:image:type\" content=\"image\/webp\" \/>\n<meta name=\"twitter:card\" content=\"summary_large_image\" \/>\n<meta name=\"twitter:label1\" content=\"Dur\u00e9e de lecture estim\u00e9e\" \/>\n\t<meta name=\"twitter:data1\" content=\"4 minutes\" \/>\n<script type=\"application\/ld+json\" class=\"yoast-schema-graph\">{\"@context\":\"https:\/\/schema.org\",\"@graph\":[{\"@type\":\"WebPage\",\"@id\":\"https:\/\/www.solinst.com\/fr\/produits\/spohr-messtechnik\/spohr-rentals-merci\/\",\"url\":\"https:\/\/www.solinst.com\/fr\/produits\/spohr-messtechnik\/spohr-rentals-merci\/\",\"name\":\"Spohr Rentals Merci\",\"isPartOf\":{\"@id\":\"https:\/\/www.solinst.com\/fr\/#website\"},\"primaryImageOfPage\":{\"@id\":\"https:\/\/www.solinst.com\/fr\/produits\/spohr-messtechnik\/spohr-rentals-merci\/#primaryimage\"},\"image\":{\"@id\":\"https:\/\/www.solinst.com\/fr\/produits\/spohr-messtechnik\/spohr-rentals-merci\/#primaryimage\"},\"thumbnailUrl\":\"https:\/\/www.solinst.com\/wp-content\/uploads\/2025\/01\/spohr-logo-1200x403-1.webp\",\"datePublished\":\"2025-01-22T22:01:33+00:00\",\"dateModified\":\"2025-02-18T22:05:14+00:00\",\"description\":\"Location de Spohr : merci.\",\"breadcrumb\":{\"@id\":\"https:\/\/www.solinst.com\/fr\/produits\/spohr-messtechnik\/spohr-rentals-merci\/#breadcrumb\"},\"inLanguage\":\"fr-FR\",\"potentialAction\":[{\"@type\":\"ReadAction\",\"target\":[\"https:\/\/www.solinst.com\/fr\/produits\/spohr-messtechnik\/spohr-rentals-merci\/\"]}]},{\"@type\":\"ImageObject\",\"inLanguage\":\"fr-FR\",\"@id\":\"https:\/\/www.solinst.com\/fr\/produits\/spohr-messtechnik\/spohr-rentals-merci\/#primaryimage\",\"url\":\"https:\/\/www.solinst.com\/wp-content\/uploads\/2025\/01\/spohr-logo-1200x403-1.webp\",\"contentUrl\":\"https:\/\/www.solinst.com\/wp-content\/uploads\/2025\/01\/spohr-logo-1200x403-1.webp\"},{\"@type\":\"BreadcrumbList\",\"@id\":\"https:\/\/www.solinst.com\/fr\/produits\/spohr-messtechnik\/spohr-rentals-merci\/#breadcrumb\",\"itemListElement\":[{\"@type\":\"ListItem\",\"position\":1,\"name\":\"Home\",\"item\":\"https:\/\/www.solinst.com\/fr\/accueil\/\"},{\"@type\":\"ListItem\",\"position\":2,\"name\":\"Produits\",\"item\":\"https:\/\/www.solinst.com\/fr\/produits\/\"},{\"@type\":\"ListItem\",\"position\":3,\"name\":\"Spohr Messtechnik\",\"item\":\"https:\/\/www.solinst.com\/fr\/produits\/spohr-messtechnik\/\"},{\"@type\":\"ListItem\",\"position\":4,\"name\":\"Spohr Rentals Merci\"}]},{\"@type\":\"WebSite\",\"@id\":\"https:\/\/www.solinst.com\/fr\/#website\",\"url\":\"https:\/\/www.solinst.com\/fr\/\",\"name\":\"Solinst Groundwater and Surface Water Monitoring Instrumentation, Water Level Meters, Interface Meters, Dataloggers\",\"description\":\"High quality groundwater monitoring instruments and surface water monitoring instruments including water level meters, interface meters, groundwater samplers, dataloggers and more!\",\"potentialAction\":[{\"@type\":\"SearchAction\",\"target\":{\"@type\":\"EntryPoint\",\"urlTemplate\":\"https:\/\/www.solinst.com\/fr\/?s={search_term_string}\"},\"query-input\":{\"@type\":\"PropertyValueSpecification\",\"valueRequired\":true,\"valueName\":\"search_term_string\"}}],\"inLanguage\":\"fr-FR\"}]}<\/script>\n<!-- \/ Yoast SEO Premium plugin. -->","yoast_head_json":{"title":"Spohr Rentals Merci","description":"Location de Spohr : merci.","robots":{"index":"noindex","follow":"nofollow"},"og_locale":"fr_FR","og_type":"article","og_title":"Spohr Rentals Merci","og_description":"Location de Spohr : merci.","og_url":"https:\/\/www.solinst.com\/fr\/produits\/spohr-messtechnik\/spohr-rentals-merci\/","og_site_name":"Solinst Groundwater and Surface Water Monitoring Instrumentation, Water Level Meters, Interface Meters, Dataloggers","article_modified_time":"2025-02-18T22:05:14+00:00","og_image":[{"width":1200,"height":403,"url":"https:\/\/www.solinst.com\/wp-content\/uploads\/2025\/01\/spohr-logo-1200x403-1.webp","type":"image\/webp"}],"twitter_card":"summary_large_image","twitter_misc":{"Dur\u00e9e de lecture estim\u00e9e":"4 minutes"},"schema":{"@context":"https:\/\/schema.org","@graph":[{"@type":"WebPage","@id":"https:\/\/www.solinst.com\/fr\/produits\/spohr-messtechnik\/spohr-rentals-merci\/","url":"https:\/\/www.solinst.com\/fr\/produits\/spohr-messtechnik\/spohr-rentals-merci\/","name":"Spohr Rentals Merci","isPartOf":{"@id":"https:\/\/www.solinst.com\/fr\/#website"},"primaryImageOfPage":{"@id":"https:\/\/www.solinst.com\/fr\/produits\/spohr-messtechnik\/spohr-rentals-merci\/#primaryimage"},"image":{"@id":"https:\/\/www.solinst.com\/fr\/produits\/spohr-messtechnik\/spohr-rentals-merci\/#primaryimage"},"thumbnailUrl":"https:\/\/www.solinst.com\/wp-content\/uploads\/2025\/01\/spohr-logo-1200x403-1.webp","datePublished":"2025-01-22T22:01:33+00:00","dateModified":"2025-02-18T22:05:14+00:00","description":"Location de Spohr : merci.","breadcrumb":{"@id":"https:\/\/www.solinst.com\/fr\/produits\/spohr-messtechnik\/spohr-rentals-merci\/#breadcrumb"},"inLanguage":"fr-FR","potentialAction":[{"@type":"ReadAction","target":["https:\/\/www.solinst.com\/fr\/produits\/spohr-messtechnik\/spohr-rentals-merci\/"]}]},{"@type":"ImageObject","inLanguage":"fr-FR","@id":"https:\/\/www.solinst.com\/fr\/produits\/spohr-messtechnik\/spohr-rentals-merci\/#primaryimage","url":"https:\/\/www.solinst.com\/wp-content\/uploads\/2025\/01\/spohr-logo-1200x403-1.webp","contentUrl":"https:\/\/www.solinst.com\/wp-content\/uploads\/2025\/01\/spohr-logo-1200x403-1.webp"},{"@type":"BreadcrumbList","@id":"https:\/\/www.solinst.com\/fr\/produits\/spohr-messtechnik\/spohr-rentals-merci\/#breadcrumb","itemListElement":[{"@type":"ListItem","position":1,"name":"Home","item":"https:\/\/www.solinst.com\/fr\/accueil\/"},{"@type":"ListItem","position":2,"name":"Produits","item":"https:\/\/www.solinst.com\/fr\/produits\/"},{"@type":"ListItem","position":3,"name":"Spohr Messtechnik","item":"https:\/\/www.solinst.com\/fr\/produits\/spohr-messtechnik\/"},{"@type":"ListItem","position":4,"name":"Spohr Rentals Merci"}]},{"@type":"WebSite","@id":"https:\/\/www.solinst.com\/fr\/#website","url":"https:\/\/www.solinst.com\/fr\/","name":"Solinst Groundwater and Surface Water Monitoring Instrumentation, Water Level Meters, Interface Meters, Dataloggers","description":"High quality groundwater monitoring instruments and surface water monitoring instruments including water level meters, interface meters, groundwater samplers, dataloggers and more!","potentialAction":[{"@type":"SearchAction","target":{"@type":"EntryPoint","urlTemplate":"https:\/\/www.solinst.com\/fr\/?s={search_term_string}"},"query-input":{"@type":"PropertyValueSpecification","valueRequired":true,"valueName":"search_term_string"}}],"inLanguage":"fr-FR"}]}},"_links":{"self":[{"href":"https:\/\/www.solinst.com\/fr\/wp-json\/wp\/v2\/pages\/41395","targetHints":{"allow":["GET"]}}],"collection":[{"href":"https:\/\/www.solinst.com\/fr\/wp-json\/wp\/v2\/pages"}],"about":[{"href":"https:\/\/www.solinst.com\/fr\/wp-json\/wp\/v2\/types\/page"}],"author":[{"embeddable":true,"href":"https:\/\/www.solinst.com\/fr\/wp-json\/wp\/v2\/users\/3"}],"replies":[{"embeddable":true,"href":"https:\/\/www.solinst.com\/fr\/wp-json\/wp\/v2\/comments?post=41395"}],"version-history":[{"count":10,"href":"https:\/\/www.solinst.com\/fr\/wp-json\/wp\/v2\/pages\/41395\/revisions"}],"predecessor-version":[{"id":61601,"href":"https:\/\/www.solinst.com\/fr\/wp-json\/wp\/v2\/pages\/41395\/revisions\/61601"}],"up":[{"embeddable":true,"href":"https:\/\/www.solinst.com\/fr\/wp-json\/wp\/v2\/pages\/36054"}],"wp:attachment":[{"href":"https:\/\/www.solinst.com\/fr\/wp-json\/wp\/v2\/media?parent=41395"}],"wp:term":[{"taxonomy":"folder","embeddable":true,"href":"https:\/\/www.solinst.com\/fr\/wp-json\/wp\/v2\/folder?post=41395"}],"curies":[{"name":"wp","href":"https:\/\/api.w.org\/{rel}","templated":true}]}}