{"id":144016,"date":"2024-09-17T18:38:22","date_gmt":"2024-09-17T18:38:22","guid":{"rendered":"https:\/\/www.solinst.com\/earraid-404-nil-an-t-abhar-ann-a-thuilleadh\/"},"modified":"2024-09-17T18:38:22","modified_gmt":"2024-09-17T18:38:22","slug":"earraid-404-nil-an-t-abhar-ann-a-thuilleadh","status":"publish","type":"page","link":"https:\/\/www.solinst.com\/ga\/earraid-404-nil-an-t-abhar-ann-a-thuilleadh\/","title":{"rendered":"Earr\u00e1id 404, n\u00edl an t-\u00e1bhar ann a thuilleadh"},"content":{"rendered":"<div class=\"wall\" style=\"background-color: #F2F3F7; border: 30px solid #fff; width: 90%; height: 90%; margin: 0 auto;\">\n<h1 style=\"text-align: center; font-family:'open-sans', arial; color: #444; font-size: 60px; padding: 50px;\">EARR\u00c1ID 404<br \/> &#8211;<br \/> N\u00cdOR FHUARADH<\/h1>\n<p style=\"text-align: center; font-family:'open-sans', arial; color: #444; font-size: 40px; padding: 20px; line-height: 55px;\">\n  \/\/ B\u2019fh\u00e9idir gur chl\u00f3scr\u00edobh t\u00fa an URL go m\u00edcheart,<br \/> \/\/ N\u00f3 baineadh an leathanach,<br \/> \/\/ N\u00edl aon rud le feice\u00e1il anseo i nd\u00e1ir\u00edre&#8230;<\/p>\n<p style=\"text-align: center;\"><a style=\" font-family:'open-sans', arial; color: #444; font-size: 20px; padding: 20px; line-height: 30px; text-decoration: none;\" href=\"https:\/\/solinst.com\">&lt;&lt; T\u00e9igh ar ais go dt\u00ed an leathanach baile &gt;&gt;<\/a><\/p>\n<\/p><\/div>\n","protected":false},"excerpt":{"rendered":"<p>leathanach_metaseo_404<\/p>\n","protected":false},"author":1,"featured_media":0,"parent":0,"menu_order":0,"comment_status":"closed","ping_status":"closed","template":"","meta":{"_et_pb_use_builder":"","_et_pb_old_content":"","_et_gb_content_width":"","footnotes":""},"folder":[126],"class_list":["post-144016","page","type-page","status-publish","hentry"],"yoast_head":"<!-- This site is optimized with the Yoast SEO Premium plugin v27.2 (Yoast SEO v27.2) - https:\/\/yoast.com\/product\/yoast-seo-premium-wordpress\/ -->\n<title>Earr\u00e1id 404, n\u00edl an t-\u00e1bhar ann a thuilleadh - Solinst Groundwater and Surface Water Monitoring Instrumentation, Water Level Meters, Interface Meters, Dataloggers<\/title>\n<meta name=\"robots\" content=\"index, follow, max-snippet:-1, max-image-preview:large, max-video-preview:-1\" \/>\n<link rel=\"canonical\" href=\"https:\/\/www.solinst.com\/ga\/earraid-404-nil-an-t-abhar-ann-a-thuilleadh\/\" \/>\n<meta property=\"og:locale\" content=\"ga_IE\" \/>\n<meta property=\"og:type\" content=\"article\" \/>\n<meta property=\"og:title\" content=\"Earr\u00e1id 404, n\u00edl an t-\u00e1bhar ann a thuilleadh\" \/>\n<meta property=\"og:description\" content=\"leathanach_metaseo_404\" \/>\n<meta property=\"og:url\" content=\"https:\/\/www.solinst.com\/ga\/earraid-404-nil-an-t-abhar-ann-a-thuilleadh\/\" \/>\n<meta property=\"og:site_name\" content=\"Solinst Groundwater and Surface Water Monitoring Instrumentation, Water Level Meters, Interface Meters, Dataloggers\" \/>\n<meta name=\"twitter:card\" content=\"summary_large_image\" \/>\n<script type=\"application\/ld+json\" class=\"yoast-schema-graph\">{\"@context\":\"https:\/\/schema.org\",\"@graph\":[{\"@type\":\"WebPage\",\"@id\":\"https:\/\/www.solinst.com\/ga\/earraid-404-nil-an-t-abhar-ann-a-thuilleadh\/\",\"url\":\"https:\/\/www.solinst.com\/ga\/earraid-404-nil-an-t-abhar-ann-a-thuilleadh\/\",\"name\":\"Earr\u00e1id 404, n\u00edl an t-\u00e1bhar ann a thuilleadh - Solinst Groundwater and Surface Water Monitoring Instrumentation, Water Level Meters, Interface Meters, Dataloggers\",\"isPartOf\":{\"@id\":\"https:\/\/www.solinst.com\/ga\/#website\"},\"datePublished\":\"2024-09-17T18:38:22+00:00\",\"breadcrumb\":{\"@id\":\"https:\/\/www.solinst.com\/ga\/earraid-404-nil-an-t-abhar-ann-a-thuilleadh\/#breadcrumb\"},\"inLanguage\":\"ga-IE\",\"potentialAction\":[{\"@type\":\"ReadAction\",\"target\":[\"https:\/\/www.solinst.com\/ga\/earraid-404-nil-an-t-abhar-ann-a-thuilleadh\/\"]}]},{\"@type\":\"BreadcrumbList\",\"@id\":\"https:\/\/www.solinst.com\/ga\/earraid-404-nil-an-t-abhar-ann-a-thuilleadh\/#breadcrumb\",\"itemListElement\":[{\"@type\":\"ListItem\",\"position\":1,\"name\":\"Home\",\"item\":\"https:\/\/www.solinst.com\/ga\/baile\/\"},{\"@type\":\"ListItem\",\"position\":2,\"name\":\"Earr\u00e1id 404, n\u00edl an t-\u00e1bhar ann a thuilleadh\"}]},{\"@type\":\"WebSite\",\"@id\":\"https:\/\/www.solinst.com\/ga\/#website\",\"url\":\"https:\/\/www.solinst.com\/ga\/\",\"name\":\"Solinst Groundwater and Surface Water Monitoring Instrumentation, Water Level Meters, Interface Meters, Dataloggers\",\"description\":\"High quality groundwater monitoring instruments and surface water monitoring instruments including water level meters, interface meters, groundwater samplers, dataloggers and more!\",\"potentialAction\":[{\"@type\":\"SearchAction\",\"target\":{\"@type\":\"EntryPoint\",\"urlTemplate\":\"https:\/\/www.solinst.com\/ga\/?s={search_term_string}\"},\"query-input\":{\"@type\":\"PropertyValueSpecification\",\"valueRequired\":true,\"valueName\":\"search_term_string\"}}],\"inLanguage\":\"ga-IE\"}]}<\/script>\n<!-- \/ Yoast SEO Premium plugin. -->","yoast_head_json":{"title":"Earr\u00e1id 404, n\u00edl an t-\u00e1bhar ann a thuilleadh - Solinst Groundwater and Surface Water Monitoring Instrumentation, Water Level Meters, Interface Meters, Dataloggers","robots":{"index":"index","follow":"follow","max-snippet":"max-snippet:-1","max-image-preview":"max-image-preview:large","max-video-preview":"max-video-preview:-1"},"canonical":"https:\/\/www.solinst.com\/ga\/earraid-404-nil-an-t-abhar-ann-a-thuilleadh\/","og_locale":"ga_IE","og_type":"article","og_title":"Earr\u00e1id 404, n\u00edl an t-\u00e1bhar ann a thuilleadh","og_description":"leathanach_metaseo_404","og_url":"https:\/\/www.solinst.com\/ga\/earraid-404-nil-an-t-abhar-ann-a-thuilleadh\/","og_site_name":"Solinst Groundwater and Surface Water Monitoring Instrumentation, Water Level Meters, Interface Meters, Dataloggers","twitter_card":"summary_large_image","schema":{"@context":"https:\/\/schema.org","@graph":[{"@type":"WebPage","@id":"https:\/\/www.solinst.com\/ga\/earraid-404-nil-an-t-abhar-ann-a-thuilleadh\/","url":"https:\/\/www.solinst.com\/ga\/earraid-404-nil-an-t-abhar-ann-a-thuilleadh\/","name":"Earr\u00e1id 404, n\u00edl an t-\u00e1bhar ann a thuilleadh - Solinst Groundwater and Surface Water Monitoring Instrumentation, Water Level Meters, Interface Meters, Dataloggers","isPartOf":{"@id":"https:\/\/www.solinst.com\/ga\/#website"},"datePublished":"2024-09-17T18:38:22+00:00","breadcrumb":{"@id":"https:\/\/www.solinst.com\/ga\/earraid-404-nil-an-t-abhar-ann-a-thuilleadh\/#breadcrumb"},"inLanguage":"ga-IE","potentialAction":[{"@type":"ReadAction","target":["https:\/\/www.solinst.com\/ga\/earraid-404-nil-an-t-abhar-ann-a-thuilleadh\/"]}]},{"@type":"BreadcrumbList","@id":"https:\/\/www.solinst.com\/ga\/earraid-404-nil-an-t-abhar-ann-a-thuilleadh\/#breadcrumb","itemListElement":[{"@type":"ListItem","position":1,"name":"Home","item":"https:\/\/www.solinst.com\/ga\/baile\/"},{"@type":"ListItem","position":2,"name":"Earr\u00e1id 404, n\u00edl an t-\u00e1bhar ann a thuilleadh"}]},{"@type":"WebSite","@id":"https:\/\/www.solinst.com\/ga\/#website","url":"https:\/\/www.solinst.com\/ga\/","name":"Solinst Groundwater and Surface Water Monitoring Instrumentation, Water Level Meters, Interface Meters, Dataloggers","description":"High quality groundwater monitoring instruments and surface water monitoring instruments including water level meters, interface meters, groundwater samplers, dataloggers and more!","potentialAction":[{"@type":"SearchAction","target":{"@type":"EntryPoint","urlTemplate":"https:\/\/www.solinst.com\/ga\/?s={search_term_string}"},"query-input":{"@type":"PropertyValueSpecification","valueRequired":true,"valueName":"search_term_string"}}],"inLanguage":"ga-IE"}]}},"_links":{"self":[{"href":"https:\/\/www.solinst.com\/ga\/wp-json\/wp\/v2\/pages\/144016","targetHints":{"allow":["GET"]}}],"collection":[{"href":"https:\/\/www.solinst.com\/ga\/wp-json\/wp\/v2\/pages"}],"about":[{"href":"https:\/\/www.solinst.com\/ga\/wp-json\/wp\/v2\/types\/page"}],"author":[{"embeddable":true,"href":"https:\/\/www.solinst.com\/ga\/wp-json\/wp\/v2\/users\/1"}],"replies":[{"embeddable":true,"href":"https:\/\/www.solinst.com\/ga\/wp-json\/wp\/v2\/comments?post=144016"}],"version-history":[{"count":0,"href":"https:\/\/www.solinst.com\/ga\/wp-json\/wp\/v2\/pages\/144016\/revisions"}],"wp:attachment":[{"href":"https:\/\/www.solinst.com\/ga\/wp-json\/wp\/v2\/media?parent=144016"}],"wp:term":[{"taxonomy":"folder","embeddable":true,"href":"https:\/\/www.solinst.com\/ga\/wp-json\/wp\/v2\/folder?post=144016"}],"curies":[{"name":"wp","href":"https:\/\/api.w.org\/{rel}","templated":true}]}}