{"id":145665,"date":"2025-04-09T12:47:26","date_gmt":"2025-04-09T12:47:26","guid":{"rendered":"https:\/\/www.solinst.com\/monatoireacht-ar-chailiocht-uisce-i-gcian\/"},"modified":"2025-12-22T22:02:44","modified_gmt":"2025-12-22T22:02:44","slug":"monatoireacht-ar-chailiocht-uisce-i-gcian","status":"publish","type":"page","link":"https:\/\/www.solinst.com\/ga\/tairgi\/solinst-eureka\/gleasanna-agus-aipeanna-allamuigh-garbha\/monatoireacht-ar-chailiocht-uisce-i-gcian\/","title":{"rendered":"Monat\u00f3ireacht ar Ch\u00e1il\u00edocht Uisce i gCian"},"content":{"rendered":"","protected":false},"excerpt":{"rendered":"","protected":false},"author":1,"featured_media":145668,"parent":145796,"menu_order":0,"comment_status":"closed","ping_status":"closed","template":"","meta":{"_et_pb_use_builder":"on","_et_pb_old_content":"","_et_gb_content_width":"","footnotes":""},"folder":[321],"class_list":["post-145665","page","type-page","status-publish","has-post-thumbnail","hentry"],"yoast_head":"<!-- This site is optimized with the Yoast SEO Premium plugin v27.2 (Yoast SEO v27.2) - https:\/\/yoast.com\/product\/yoast-seo-premium-wordpress\/ -->\n<title>Monat\u00f3ireacht ar Ch\u00e1il\u00edocht Uisce i gCian<\/title>\n<meta name=\"description\" content=\"Monat\u00f3ireacht ar Ch\u00e1il\u00edocht Uisce i gCianriocht. Cuireann Solinst Eureka r\u00e9imse r\u00e9iteach teileamaitreachta ar f\u00e1il le haghaidh monat\u00f3ireachta f\u00edor-ama iarg\u00falta.\" \/>\n<meta name=\"robots\" content=\"index, follow, max-snippet:-1, max-image-preview:large, max-video-preview:-1\" \/>\n<link rel=\"canonical\" href=\"https:\/\/www.solinst.com\/ga\/tairgi\/solinst-eureka\/gleasanna-agus-aipeanna-allamuigh-garbha\/monatoireacht-ar-chailiocht-uisce-i-gcian\/\" \/>\n<meta property=\"og:locale\" content=\"ga_IE\" \/>\n<meta property=\"og:type\" content=\"article\" \/>\n<meta property=\"og:title\" content=\"Monat\u00f3ireacht ar Ch\u00e1il\u00edocht Uisce i gCian\" \/>\n<meta property=\"og:description\" content=\"Monat\u00f3ireacht ar Ch\u00e1il\u00edocht Uisce i gCianriocht. Cuireann Solinst Eureka r\u00e9imse r\u00e9iteach teileamaitreachta ar f\u00e1il le haghaidh monat\u00f3ireachta f\u00edor-ama iarg\u00falta.\" \/>\n<meta property=\"og:url\" content=\"https:\/\/www.solinst.com\/ga\/tairgi\/solinst-eureka\/gleasanna-agus-aipeanna-allamuigh-garbha\/monatoireacht-ar-chailiocht-uisce-i-gcian\/\" \/>\n<meta property=\"og:site_name\" content=\"Solinst Groundwater and Surface Water Monitoring Instrumentation, Water Level Meters, Interface Meters, Dataloggers\" \/>\n<meta property=\"article:modified_time\" content=\"2025-12-22T22:02:44+00:00\" \/>\n<meta property=\"og:image\" content=\"https:\/\/www.solinst.com\/wp-content\/uploads\/2025\/11\/featureimages-eureka-remote-monitoring-demo.webp\" \/>\n\t<meta property=\"og:image:width\" content=\"1200\" \/>\n\t<meta property=\"og:image:height\" content=\"675\" \/>\n\t<meta property=\"og:image:type\" content=\"image\/webp\" \/>\n<meta name=\"twitter:card\" content=\"summary_large_image\" \/>\n<meta name=\"twitter:description\" content=\"Monat\u00f3ireacht ar Ch\u00e1il\u00edocht Uisce i gCianriocht. Cuireann Solinst Eureka r\u00e9imse r\u00e9iteach teileamaitreachta ar f\u00e1il le haghaidh monat\u00f3ireachta f\u00edor-ama iarg\u00falta.\" \/>\n<script type=\"application\/ld+json\" class=\"yoast-schema-graph\">{\"@context\":\"https:\/\/schema.org\",\"@graph\":[{\"@type\":\"WebPage\",\"@id\":\"https:\/\/www.solinst.com\/ga\/tairgi\/solinst-eureka\/gleasanna-agus-aipeanna-allamuigh-garbha\/monatoireacht-ar-chailiocht-uisce-i-gcian\/\",\"url\":\"https:\/\/www.solinst.com\/ga\/tairgi\/solinst-eureka\/gleasanna-agus-aipeanna-allamuigh-garbha\/monatoireacht-ar-chailiocht-uisce-i-gcian\/\",\"name\":\"Monat\u00f3ireacht ar Ch\u00e1il\u00edocht Uisce i gCian\",\"isPartOf\":{\"@id\":\"https:\/\/www.solinst.com\/ga\/#website\"},\"primaryImageOfPage\":{\"@id\":\"https:\/\/www.solinst.com\/ga\/tairgi\/solinst-eureka\/gleasanna-agus-aipeanna-allamuigh-garbha\/monatoireacht-ar-chailiocht-uisce-i-gcian\/#primaryimage\"},\"image\":{\"@id\":\"https:\/\/www.solinst.com\/ga\/tairgi\/solinst-eureka\/gleasanna-agus-aipeanna-allamuigh-garbha\/monatoireacht-ar-chailiocht-uisce-i-gcian\/#primaryimage\"},\"thumbnailUrl\":\"https:\/\/www.solinst.com\/wp-content\/uploads\/2025\/11\/featureimages-eureka-remote-monitoring-demo.webp\",\"datePublished\":\"2025-04-09T12:47:26+00:00\",\"dateModified\":\"2025-12-22T22:02:44+00:00\",\"description\":\"Monat\u00f3ireacht ar Ch\u00e1il\u00edocht Uisce i gCianriocht. Cuireann Solinst Eureka r\u00e9imse r\u00e9iteach teileamaitreachta ar f\u00e1il le haghaidh monat\u00f3ireachta f\u00edor-ama iarg\u00falta.\",\"breadcrumb\":{\"@id\":\"https:\/\/www.solinst.com\/ga\/tairgi\/solinst-eureka\/gleasanna-agus-aipeanna-allamuigh-garbha\/monatoireacht-ar-chailiocht-uisce-i-gcian\/#breadcrumb\"},\"inLanguage\":\"ga-IE\",\"potentialAction\":[{\"@type\":\"ReadAction\",\"target\":[\"https:\/\/www.solinst.com\/ga\/tairgi\/solinst-eureka\/gleasanna-agus-aipeanna-allamuigh-garbha\/monatoireacht-ar-chailiocht-uisce-i-gcian\/\"]}]},{\"@type\":\"ImageObject\",\"inLanguage\":\"ga-IE\",\"@id\":\"https:\/\/www.solinst.com\/ga\/tairgi\/solinst-eureka\/gleasanna-agus-aipeanna-allamuigh-garbha\/monatoireacht-ar-chailiocht-uisce-i-gcian\/#primaryimage\",\"url\":\"https:\/\/www.solinst.com\/wp-content\/uploads\/2025\/11\/featureimages-eureka-remote-monitoring-demo.webp\",\"contentUrl\":\"https:\/\/www.solinst.com\/wp-content\/uploads\/2025\/11\/featureimages-eureka-remote-monitoring-demo.webp\",\"width\":1200,\"height\":675},{\"@type\":\"BreadcrumbList\",\"@id\":\"https:\/\/www.solinst.com\/ga\/tairgi\/solinst-eureka\/gleasanna-agus-aipeanna-allamuigh-garbha\/monatoireacht-ar-chailiocht-uisce-i-gcian\/#breadcrumb\",\"itemListElement\":[{\"@type\":\"ListItem\",\"position\":1,\"name\":\"Home\",\"item\":\"https:\/\/www.solinst.com\/ga\/baile\/\"},{\"@type\":\"ListItem\",\"position\":2,\"name\":\"Gl\u00e9asanna agus Aipeanna Allamuigh Garbha\",\"item\":\"https:\/\/www.solinst.com\/ga\/tairgi\/solinst-eureka\/gleasanna-agus-aipeanna-allamuigh-garbha\/\"},{\"@type\":\"ListItem\",\"position\":3,\"name\":\"Monat\u00f3ireacht ar Ch\u00e1il\u00edocht Uisce i gCian\"}]},{\"@type\":\"WebSite\",\"@id\":\"https:\/\/www.solinst.com\/ga\/#website\",\"url\":\"https:\/\/www.solinst.com\/ga\/\",\"name\":\"Solinst Groundwater and Surface Water Monitoring Instrumentation, Water Level Meters, Interface Meters, Dataloggers\",\"description\":\"High quality groundwater monitoring instruments and surface water monitoring instruments including water level meters, interface meters, groundwater samplers, dataloggers and more!\",\"potentialAction\":[{\"@type\":\"SearchAction\",\"target\":{\"@type\":\"EntryPoint\",\"urlTemplate\":\"https:\/\/www.solinst.com\/ga\/?s={search_term_string}\"},\"query-input\":{\"@type\":\"PropertyValueSpecification\",\"valueRequired\":true,\"valueName\":\"search_term_string\"}}],\"inLanguage\":\"ga-IE\"}]}<\/script>\n<!-- \/ Yoast SEO Premium plugin. -->","yoast_head_json":{"title":"Monat\u00f3ireacht ar Ch\u00e1il\u00edocht Uisce i gCian","description":"Monat\u00f3ireacht ar Ch\u00e1il\u00edocht Uisce i gCianriocht. Cuireann Solinst Eureka r\u00e9imse r\u00e9iteach teileamaitreachta ar f\u00e1il le haghaidh monat\u00f3ireachta f\u00edor-ama iarg\u00falta.","robots":{"index":"index","follow":"follow","max-snippet":"max-snippet:-1","max-image-preview":"max-image-preview:large","max-video-preview":"max-video-preview:-1"},"canonical":"https:\/\/www.solinst.com\/ga\/tairgi\/solinst-eureka\/gleasanna-agus-aipeanna-allamuigh-garbha\/monatoireacht-ar-chailiocht-uisce-i-gcian\/","og_locale":"ga_IE","og_type":"article","og_title":"Monat\u00f3ireacht ar Ch\u00e1il\u00edocht Uisce i gCian","og_description":"Monat\u00f3ireacht ar Ch\u00e1il\u00edocht Uisce i gCianriocht. Cuireann Solinst Eureka r\u00e9imse r\u00e9iteach teileamaitreachta ar f\u00e1il le haghaidh monat\u00f3ireachta f\u00edor-ama iarg\u00falta.","og_url":"https:\/\/www.solinst.com\/ga\/tairgi\/solinst-eureka\/gleasanna-agus-aipeanna-allamuigh-garbha\/monatoireacht-ar-chailiocht-uisce-i-gcian\/","og_site_name":"Solinst Groundwater and Surface Water Monitoring Instrumentation, Water Level Meters, Interface Meters, Dataloggers","article_modified_time":"2025-12-22T22:02:44+00:00","og_image":[{"width":1200,"height":675,"url":"https:\/\/www.solinst.com\/wp-content\/uploads\/2025\/11\/featureimages-eureka-remote-monitoring-demo.webp","type":"image\/webp"}],"twitter_card":"summary_large_image","twitter_description":"Monat\u00f3ireacht ar Ch\u00e1il\u00edocht Uisce i gCianriocht. Cuireann Solinst Eureka r\u00e9imse r\u00e9iteach teileamaitreachta ar f\u00e1il le haghaidh monat\u00f3ireachta f\u00edor-ama iarg\u00falta.","schema":{"@context":"https:\/\/schema.org","@graph":[{"@type":"WebPage","@id":"https:\/\/www.solinst.com\/ga\/tairgi\/solinst-eureka\/gleasanna-agus-aipeanna-allamuigh-garbha\/monatoireacht-ar-chailiocht-uisce-i-gcian\/","url":"https:\/\/www.solinst.com\/ga\/tairgi\/solinst-eureka\/gleasanna-agus-aipeanna-allamuigh-garbha\/monatoireacht-ar-chailiocht-uisce-i-gcian\/","name":"Monat\u00f3ireacht ar Ch\u00e1il\u00edocht Uisce i gCian","isPartOf":{"@id":"https:\/\/www.solinst.com\/ga\/#website"},"primaryImageOfPage":{"@id":"https:\/\/www.solinst.com\/ga\/tairgi\/solinst-eureka\/gleasanna-agus-aipeanna-allamuigh-garbha\/monatoireacht-ar-chailiocht-uisce-i-gcian\/#primaryimage"},"image":{"@id":"https:\/\/www.solinst.com\/ga\/tairgi\/solinst-eureka\/gleasanna-agus-aipeanna-allamuigh-garbha\/monatoireacht-ar-chailiocht-uisce-i-gcian\/#primaryimage"},"thumbnailUrl":"https:\/\/www.solinst.com\/wp-content\/uploads\/2025\/11\/featureimages-eureka-remote-monitoring-demo.webp","datePublished":"2025-04-09T12:47:26+00:00","dateModified":"2025-12-22T22:02:44+00:00","description":"Monat\u00f3ireacht ar Ch\u00e1il\u00edocht Uisce i gCianriocht. Cuireann Solinst Eureka r\u00e9imse r\u00e9iteach teileamaitreachta ar f\u00e1il le haghaidh monat\u00f3ireachta f\u00edor-ama iarg\u00falta.","breadcrumb":{"@id":"https:\/\/www.solinst.com\/ga\/tairgi\/solinst-eureka\/gleasanna-agus-aipeanna-allamuigh-garbha\/monatoireacht-ar-chailiocht-uisce-i-gcian\/#breadcrumb"},"inLanguage":"ga-IE","potentialAction":[{"@type":"ReadAction","target":["https:\/\/www.solinst.com\/ga\/tairgi\/solinst-eureka\/gleasanna-agus-aipeanna-allamuigh-garbha\/monatoireacht-ar-chailiocht-uisce-i-gcian\/"]}]},{"@type":"ImageObject","inLanguage":"ga-IE","@id":"https:\/\/www.solinst.com\/ga\/tairgi\/solinst-eureka\/gleasanna-agus-aipeanna-allamuigh-garbha\/monatoireacht-ar-chailiocht-uisce-i-gcian\/#primaryimage","url":"https:\/\/www.solinst.com\/wp-content\/uploads\/2025\/11\/featureimages-eureka-remote-monitoring-demo.webp","contentUrl":"https:\/\/www.solinst.com\/wp-content\/uploads\/2025\/11\/featureimages-eureka-remote-monitoring-demo.webp","width":1200,"height":675},{"@type":"BreadcrumbList","@id":"https:\/\/www.solinst.com\/ga\/tairgi\/solinst-eureka\/gleasanna-agus-aipeanna-allamuigh-garbha\/monatoireacht-ar-chailiocht-uisce-i-gcian\/#breadcrumb","itemListElement":[{"@type":"ListItem","position":1,"name":"Home","item":"https:\/\/www.solinst.com\/ga\/baile\/"},{"@type":"ListItem","position":2,"name":"Gl\u00e9asanna agus Aipeanna Allamuigh Garbha","item":"https:\/\/www.solinst.com\/ga\/tairgi\/solinst-eureka\/gleasanna-agus-aipeanna-allamuigh-garbha\/"},{"@type":"ListItem","position":3,"name":"Monat\u00f3ireacht ar Ch\u00e1il\u00edocht Uisce i gCian"}]},{"@type":"WebSite","@id":"https:\/\/www.solinst.com\/ga\/#website","url":"https:\/\/www.solinst.com\/ga\/","name":"Solinst Groundwater and Surface Water Monitoring Instrumentation, Water Level Meters, Interface Meters, Dataloggers","description":"High quality groundwater monitoring instruments and surface water monitoring instruments including water level meters, interface meters, groundwater samplers, dataloggers and more!","potentialAction":[{"@type":"SearchAction","target":{"@type":"EntryPoint","urlTemplate":"https:\/\/www.solinst.com\/ga\/?s={search_term_string}"},"query-input":{"@type":"PropertyValueSpecification","valueRequired":true,"valueName":"search_term_string"}}],"inLanguage":"ga-IE"}]}},"_links":{"self":[{"href":"https:\/\/www.solinst.com\/ga\/wp-json\/wp\/v2\/pages\/145665","targetHints":{"allow":["GET"]}}],"collection":[{"href":"https:\/\/www.solinst.com\/ga\/wp-json\/wp\/v2\/pages"}],"about":[{"href":"https:\/\/www.solinst.com\/ga\/wp-json\/wp\/v2\/types\/page"}],"author":[{"embeddable":true,"href":"https:\/\/www.solinst.com\/ga\/wp-json\/wp\/v2\/users\/1"}],"replies":[{"embeddable":true,"href":"https:\/\/www.solinst.com\/ga\/wp-json\/wp\/v2\/comments?post=145665"}],"version-history":[{"count":1,"href":"https:\/\/www.solinst.com\/ga\/wp-json\/wp\/v2\/pages\/145665\/revisions"}],"predecessor-version":[{"id":145804,"href":"https:\/\/www.solinst.com\/ga\/wp-json\/wp\/v2\/pages\/145665\/revisions\/145804"}],"up":[{"embeddable":true,"href":"https:\/\/www.solinst.com\/ga\/wp-json\/wp\/v2\/pages\/145796"}],"wp:featuredmedia":[{"embeddable":true,"href":"https:\/\/www.solinst.com\/ga\/wp-json\/wp\/v2\/media\/145668"}],"wp:attachment":[{"href":"https:\/\/www.solinst.com\/ga\/wp-json\/wp\/v2\/media?parent=145665"}],"wp:term":[{"taxonomy":"folder","embeddable":true,"href":"https:\/\/www.solinst.com\/ga\/wp-json\/wp\/v2\/folder?post=145665"}],"curies":[{"name":"wp","href":"https:\/\/api.w.org\/{rel}","templated":true}]}}