{"id":145960,"date":"2025-03-04T02:21:33","date_gmt":"2025-03-04T02:21:33","guid":{"rendered":"https:\/\/www.solinst.com\/braiteoir-teochta\/"},"modified":"2025-12-22T22:11:52","modified_gmt":"2025-12-22T22:11:52","slug":"braiteoir-teochta","status":"publish","type":"page","link":"https:\/\/www.solinst.com\/ga\/tairgi\/solinst-eureka\/braiteoiri-cailiochta-uisce\/braiteoir-teochta\/","title":{"rendered":"Braiteoir Teochta"},"content":{"rendered":"","protected":false},"excerpt":{"rendered":"","protected":false},"author":1,"featured_media":145964,"parent":145963,"menu_order":0,"comment_status":"closed","ping_status":"closed","template":"","meta":{"_et_pb_use_builder":"on","_et_pb_old_content":"","_et_gb_content_width":"","footnotes":""},"folder":[298],"class_list":["post-145960","page","type-page","status-publish","has-post-thumbnail","hentry"],"yoast_head":"<!-- This site is optimized with the Yoast SEO Premium plugin v27.2 (Yoast SEO v27.2) - https:\/\/yoast.com\/product\/yoast-seo-premium-wordpress\/ -->\n<title>Braiteoir Teochta: T\u00f3iread\u00f3ir C\u00e1il\u00edochta Uisce<\/title>\n<meta name=\"description\" content=\"Braiteoir Teochta: T\u00f3iread\u00f3ir C\u00e1il\u00edochta Uisce, tomhaiseann s\u00e9 teocht le teirmeast\u00f3ir leathsheolt\u00f3ir beag a bhfuil a fhriota\u00edocht leictreach\" \/>\n<meta name=\"robots\" content=\"index, follow, max-snippet:-1, max-image-preview:large, max-video-preview:-1\" \/>\n<link rel=\"canonical\" href=\"https:\/\/www.solinst.com\/ga\/tairgi\/solinst-eureka\/braiteoiri-cailiochta-uisce\/braiteoir-teochta\/\" \/>\n<meta property=\"og:locale\" content=\"ga_IE\" \/>\n<meta property=\"og:type\" content=\"article\" \/>\n<meta property=\"og:title\" content=\"Braiteoir\u00ed Teochta Solinst Eureka\" \/>\n<meta property=\"og:description\" content=\"Fiosraigh conas is f\u00e9idir le braiteoir teochta feabhas a chur ar mhonat\u00f3ireacht ch\u00e1il\u00edochta uisce. Tuig a r\u00f3l i dtomhas teocht an uisce go h\u00e9ifeachtach.\" \/>\n<meta property=\"og:url\" content=\"https:\/\/www.solinst.com\/ga\/tairgi\/solinst-eureka\/braiteoiri-cailiochta-uisce\/braiteoir-teochta\/\" \/>\n<meta property=\"og:site_name\" content=\"Solinst Groundwater and Surface Water Monitoring Instrumentation, Water Level Meters, Interface Meters, Dataloggers\" \/>\n<meta property=\"article:modified_time\" content=\"2025-12-22T22:11:52+00:00\" \/>\n<meta property=\"og:image\" content=\"https:\/\/www.solinst.com\/wp-content\/uploads\/2025\/11\/featureimages-eureka-temperature-sensor.webp\" \/>\n\t<meta property=\"og:image:width\" content=\"1200\" \/>\n\t<meta property=\"og:image:height\" content=\"675\" \/>\n\t<meta property=\"og:image:type\" content=\"image\/webp\" \/>\n<meta name=\"twitter:card\" content=\"summary_large_image\" \/>\n<meta name=\"twitter:title\" content=\"Braiteoir\u00ed Teochta Solinst Eureka\" \/>\n<meta name=\"twitter:description\" content=\"Fiosraigh conas is f\u00e9idir le braiteoir teochta feabhas a chur ar mhonat\u00f3ireacht ch\u00e1il\u00edochta uisce. Tuig a r\u00f3l i dtomhas teocht an uisce go h\u00e9ifeachtach.\" \/>\n<script type=\"application\/ld+json\" class=\"yoast-schema-graph\">{\"@context\":\"https:\/\/schema.org\",\"@graph\":[{\"@type\":\"WebPage\",\"@id\":\"https:\/\/www.solinst.com\/ga\/tairgi\/solinst-eureka\/braiteoiri-cailiochta-uisce\/braiteoir-teochta\/\",\"url\":\"https:\/\/www.solinst.com\/ga\/tairgi\/solinst-eureka\/braiteoiri-cailiochta-uisce\/braiteoir-teochta\/\",\"name\":\"Braiteoir Teochta: T\u00f3iread\u00f3ir C\u00e1il\u00edochta Uisce\",\"isPartOf\":{\"@id\":\"https:\/\/www.solinst.com\/ga\/#website\"},\"primaryImageOfPage\":{\"@id\":\"https:\/\/www.solinst.com\/ga\/tairgi\/solinst-eureka\/braiteoiri-cailiochta-uisce\/braiteoir-teochta\/#primaryimage\"},\"image\":{\"@id\":\"https:\/\/www.solinst.com\/ga\/tairgi\/solinst-eureka\/braiteoiri-cailiochta-uisce\/braiteoir-teochta\/#primaryimage\"},\"thumbnailUrl\":\"https:\/\/www.solinst.com\/wp-content\/uploads\/2025\/11\/featureimages-eureka-temperature-sensor.webp\",\"datePublished\":\"2025-03-04T02:21:33+00:00\",\"dateModified\":\"2025-12-22T22:11:52+00:00\",\"description\":\"Braiteoir Teochta: T\u00f3iread\u00f3ir C\u00e1il\u00edochta Uisce, tomhaiseann s\u00e9 teocht le teirmeast\u00f3ir leathsheolt\u00f3ir beag a bhfuil a fhriota\u00edocht leictreach\",\"breadcrumb\":{\"@id\":\"https:\/\/www.solinst.com\/ga\/tairgi\/solinst-eureka\/braiteoiri-cailiochta-uisce\/braiteoir-teochta\/#breadcrumb\"},\"inLanguage\":\"ga-IE\",\"potentialAction\":[{\"@type\":\"ReadAction\",\"target\":[\"https:\/\/www.solinst.com\/ga\/tairgi\/solinst-eureka\/braiteoiri-cailiochta-uisce\/braiteoir-teochta\/\"]}]},{\"@type\":\"ImageObject\",\"inLanguage\":\"ga-IE\",\"@id\":\"https:\/\/www.solinst.com\/ga\/tairgi\/solinst-eureka\/braiteoiri-cailiochta-uisce\/braiteoir-teochta\/#primaryimage\",\"url\":\"https:\/\/www.solinst.com\/wp-content\/uploads\/2025\/11\/featureimages-eureka-temperature-sensor.webp\",\"contentUrl\":\"https:\/\/www.solinst.com\/wp-content\/uploads\/2025\/11\/featureimages-eureka-temperature-sensor.webp\",\"width\":1200,\"height\":675},{\"@type\":\"BreadcrumbList\",\"@id\":\"https:\/\/www.solinst.com\/ga\/tairgi\/solinst-eureka\/braiteoiri-cailiochta-uisce\/braiteoir-teochta\/#breadcrumb\",\"itemListElement\":[{\"@type\":\"ListItem\",\"position\":1,\"name\":\"Home\",\"item\":\"https:\/\/www.solinst.com\/ga\/baile\/\"},{\"@type\":\"ListItem\",\"position\":2,\"name\":\"T\u00e1irg\u00ed\",\"item\":\"https:\/\/www.solinst.com\/ga\/tairgi\/\"},{\"@type\":\"ListItem\",\"position\":3,\"name\":\"Solinst Eureka\",\"item\":\"https:\/\/www.solinst.com\/ga\/tairgi\/solinst-eureka\/\"},{\"@type\":\"ListItem\",\"position\":4,\"name\":\"Braiteoir\u00ed C\u00e1il\u00edochta Uisce\",\"item\":\"https:\/\/www.solinst.com\/ga\/tairgi\/solinst-eureka\/braiteoiri-cailiochta-uisce\/\"},{\"@type\":\"ListItem\",\"position\":5,\"name\":\"Braiteoir Teochta\"}]},{\"@type\":\"WebSite\",\"@id\":\"https:\/\/www.solinst.com\/ga\/#website\",\"url\":\"https:\/\/www.solinst.com\/ga\/\",\"name\":\"Solinst Groundwater and Surface Water Monitoring Instrumentation, Water Level Meters, Interface Meters, Dataloggers\",\"description\":\"High quality groundwater monitoring instruments and surface water monitoring instruments including water level meters, interface meters, groundwater samplers, dataloggers and more!\",\"potentialAction\":[{\"@type\":\"SearchAction\",\"target\":{\"@type\":\"EntryPoint\",\"urlTemplate\":\"https:\/\/www.solinst.com\/ga\/?s={search_term_string}\"},\"query-input\":{\"@type\":\"PropertyValueSpecification\",\"valueRequired\":true,\"valueName\":\"search_term_string\"}}],\"inLanguage\":\"ga-IE\"}]}<\/script>\n<!-- \/ Yoast SEO Premium plugin. -->","yoast_head_json":{"title":"Braiteoir Teochta: T\u00f3iread\u00f3ir C\u00e1il\u00edochta Uisce","description":"Braiteoir Teochta: T\u00f3iread\u00f3ir C\u00e1il\u00edochta Uisce, tomhaiseann s\u00e9 teocht le teirmeast\u00f3ir leathsheolt\u00f3ir beag a bhfuil a fhriota\u00edocht leictreach","robots":{"index":"index","follow":"follow","max-snippet":"max-snippet:-1","max-image-preview":"max-image-preview:large","max-video-preview":"max-video-preview:-1"},"canonical":"https:\/\/www.solinst.com\/ga\/tairgi\/solinst-eureka\/braiteoiri-cailiochta-uisce\/braiteoir-teochta\/","og_locale":"ga_IE","og_type":"article","og_title":"Braiteoir\u00ed Teochta Solinst Eureka","og_description":"Fiosraigh conas is f\u00e9idir le braiteoir teochta feabhas a chur ar mhonat\u00f3ireacht ch\u00e1il\u00edochta uisce. Tuig a r\u00f3l i dtomhas teocht an uisce go h\u00e9ifeachtach.","og_url":"https:\/\/www.solinst.com\/ga\/tairgi\/solinst-eureka\/braiteoiri-cailiochta-uisce\/braiteoir-teochta\/","og_site_name":"Solinst Groundwater and Surface Water Monitoring Instrumentation, Water Level Meters, Interface Meters, Dataloggers","article_modified_time":"2025-12-22T22:11:52+00:00","og_image":[{"width":1200,"height":675,"url":"https:\/\/www.solinst.com\/wp-content\/uploads\/2025\/11\/featureimages-eureka-temperature-sensor.webp","type":"image\/webp"}],"twitter_card":"summary_large_image","twitter_title":"Braiteoir\u00ed Teochta Solinst Eureka","twitter_description":"Fiosraigh conas is f\u00e9idir le braiteoir teochta feabhas a chur ar mhonat\u00f3ireacht ch\u00e1il\u00edochta uisce. Tuig a r\u00f3l i dtomhas teocht an uisce go h\u00e9ifeachtach.","schema":{"@context":"https:\/\/schema.org","@graph":[{"@type":"WebPage","@id":"https:\/\/www.solinst.com\/ga\/tairgi\/solinst-eureka\/braiteoiri-cailiochta-uisce\/braiteoir-teochta\/","url":"https:\/\/www.solinst.com\/ga\/tairgi\/solinst-eureka\/braiteoiri-cailiochta-uisce\/braiteoir-teochta\/","name":"Braiteoir Teochta: T\u00f3iread\u00f3ir C\u00e1il\u00edochta Uisce","isPartOf":{"@id":"https:\/\/www.solinst.com\/ga\/#website"},"primaryImageOfPage":{"@id":"https:\/\/www.solinst.com\/ga\/tairgi\/solinst-eureka\/braiteoiri-cailiochta-uisce\/braiteoir-teochta\/#primaryimage"},"image":{"@id":"https:\/\/www.solinst.com\/ga\/tairgi\/solinst-eureka\/braiteoiri-cailiochta-uisce\/braiteoir-teochta\/#primaryimage"},"thumbnailUrl":"https:\/\/www.solinst.com\/wp-content\/uploads\/2025\/11\/featureimages-eureka-temperature-sensor.webp","datePublished":"2025-03-04T02:21:33+00:00","dateModified":"2025-12-22T22:11:52+00:00","description":"Braiteoir Teochta: T\u00f3iread\u00f3ir C\u00e1il\u00edochta Uisce, tomhaiseann s\u00e9 teocht le teirmeast\u00f3ir leathsheolt\u00f3ir beag a bhfuil a fhriota\u00edocht leictreach","breadcrumb":{"@id":"https:\/\/www.solinst.com\/ga\/tairgi\/solinst-eureka\/braiteoiri-cailiochta-uisce\/braiteoir-teochta\/#breadcrumb"},"inLanguage":"ga-IE","potentialAction":[{"@type":"ReadAction","target":["https:\/\/www.solinst.com\/ga\/tairgi\/solinst-eureka\/braiteoiri-cailiochta-uisce\/braiteoir-teochta\/"]}]},{"@type":"ImageObject","inLanguage":"ga-IE","@id":"https:\/\/www.solinst.com\/ga\/tairgi\/solinst-eureka\/braiteoiri-cailiochta-uisce\/braiteoir-teochta\/#primaryimage","url":"https:\/\/www.solinst.com\/wp-content\/uploads\/2025\/11\/featureimages-eureka-temperature-sensor.webp","contentUrl":"https:\/\/www.solinst.com\/wp-content\/uploads\/2025\/11\/featureimages-eureka-temperature-sensor.webp","width":1200,"height":675},{"@type":"BreadcrumbList","@id":"https:\/\/www.solinst.com\/ga\/tairgi\/solinst-eureka\/braiteoiri-cailiochta-uisce\/braiteoir-teochta\/#breadcrumb","itemListElement":[{"@type":"ListItem","position":1,"name":"Home","item":"https:\/\/www.solinst.com\/ga\/baile\/"},{"@type":"ListItem","position":2,"name":"T\u00e1irg\u00ed","item":"https:\/\/www.solinst.com\/ga\/tairgi\/"},{"@type":"ListItem","position":3,"name":"Solinst Eureka","item":"https:\/\/www.solinst.com\/ga\/tairgi\/solinst-eureka\/"},{"@type":"ListItem","position":4,"name":"Braiteoir\u00ed C\u00e1il\u00edochta Uisce","item":"https:\/\/www.solinst.com\/ga\/tairgi\/solinst-eureka\/braiteoiri-cailiochta-uisce\/"},{"@type":"ListItem","position":5,"name":"Braiteoir Teochta"}]},{"@type":"WebSite","@id":"https:\/\/www.solinst.com\/ga\/#website","url":"https:\/\/www.solinst.com\/ga\/","name":"Solinst Groundwater and Surface Water Monitoring Instrumentation, Water Level Meters, Interface Meters, Dataloggers","description":"High quality groundwater monitoring instruments and surface water monitoring instruments including water level meters, interface meters, groundwater samplers, dataloggers and more!","potentialAction":[{"@type":"SearchAction","target":{"@type":"EntryPoint","urlTemplate":"https:\/\/www.solinst.com\/ga\/?s={search_term_string}"},"query-input":{"@type":"PropertyValueSpecification","valueRequired":true,"valueName":"search_term_string"}}],"inLanguage":"ga-IE"}]}},"_links":{"self":[{"href":"https:\/\/www.solinst.com\/ga\/wp-json\/wp\/v2\/pages\/145960","targetHints":{"allow":["GET"]}}],"collection":[{"href":"https:\/\/www.solinst.com\/ga\/wp-json\/wp\/v2\/pages"}],"about":[{"href":"https:\/\/www.solinst.com\/ga\/wp-json\/wp\/v2\/types\/page"}],"author":[{"embeddable":true,"href":"https:\/\/www.solinst.com\/ga\/wp-json\/wp\/v2\/users\/1"}],"replies":[{"embeddable":true,"href":"https:\/\/www.solinst.com\/ga\/wp-json\/wp\/v2\/comments?post=145960"}],"version-history":[{"count":1,"href":"https:\/\/www.solinst.com\/ga\/wp-json\/wp\/v2\/pages\/145960\/revisions"}],"predecessor-version":[{"id":145968,"href":"https:\/\/www.solinst.com\/ga\/wp-json\/wp\/v2\/pages\/145960\/revisions\/145968"}],"up":[{"embeddable":true,"href":"https:\/\/www.solinst.com\/ga\/wp-json\/wp\/v2\/pages\/145963"}],"wp:featuredmedia":[{"embeddable":true,"href":"https:\/\/www.solinst.com\/ga\/wp-json\/wp\/v2\/media\/145964"}],"wp:attachment":[{"href":"https:\/\/www.solinst.com\/ga\/wp-json\/wp\/v2\/media?parent=145960"}],"wp:term":[{"taxonomy":"folder","embeddable":true,"href":"https:\/\/www.solinst.com\/ga\/wp-json\/wp\/v2\/folder?post=145960"}],"curies":[{"name":"wp","href":"https:\/\/api.w.org\/{rel}","templated":true}]}}