{"id":146130,"date":"2025-01-22T21:52:09","date_gmt":"2025-01-22T21:52:09","guid":{"rendered":"https:\/\/www.solinst.com\/tairgi\/spohr-messtechnik\/ciosanna-spohr\/"},"modified":"2025-12-22T22:26:01","modified_gmt":"2025-12-22T22:26:01","slug":"ciosanna-spohr","status":"publish","type":"page","link":"https:\/\/www.solinst.com\/ga\/tairgi\/spohr-messtechnik\/ciosanna-spohr\/","title":{"rendered":"C\u00edosanna Spohr"},"content":{"rendered":"<p>[et_pb_section fb_built=&#8221;1&#8243; fullwidth=&#8221;on&#8221; _builder_version=&#8221;4.27.2&#8243; _module_preset=&#8221;default&#8221; global_colors_info=&#8221;{}&#8221;][et_pb_fullwidth_image src=&#8221;https:\/\/www.solinst.com\/wp-content\/uploads\/2025\/01\/spohr-messtechnik-1920&#215;500-1.webp&#8221; alt=&#8221;Spohr messtechnik ionstraim\u00ed hidrim\u00e9adracha&#8221; title_text=&#8221;Spohr Messtechnik Ionstraim\u00ed Hidrim\u00e9adracha&#8221; src_tablet=&#8221;https:\/\/www.solinst.com\/wp-content\/uploads\/2025\/01\/spohr-messtechnik-965&#215;500-1.webp&#8221; src_phone=&#8221;https:\/\/www.solinst.com\/wp-content\/uploads\/2025\/01\/spohr-messtechnik-965&#215;500-1.webp&#8221; src_last_edited=&#8221;on|phone&#8221; _builder_version=&#8221;4.27.4&#8243; _module_preset=&#8221;default&#8221; global_colors_info=&#8221;{}&#8221;][\/et_pb_fullwidth_image][\/et_pb_section][et_pb_section fb_built=&#8221;1&#8243; custom_padding_last_edited=&#8221;off|desktop&#8221; admin_label=&#8221;H1 and breadcrumbs&#8221; _builder_version=&#8221;4.27.4&#8243; _module_preset=&#8221;792ca5bd-0808-46bd-9ce7-3bcb8e74f4d3&#8243; global_colors_info=&#8221;{}&#8221;][et_pb_row _builder_version=&#8221;4.27.4&#8243; _module_preset=&#8221;4b28f470-0d73-4e9d-b92d-e6f41f2cea24&#8243; global_colors_info=&#8221;{}&#8221;][et_pb_column type=&#8221;4_4&#8243; _builder_version=&#8221;4.25.0&#8243; _module_preset=&#8221;default&#8221; global_colors_info=&#8221;{}&#8221;][et_pb_text _builder_version=&#8221;4.27.4&#8243; _module_preset=&#8221;3078f328-b50a-467d-9906-3143dabcd7ac&#8221; header_text_align_tablet=&#8221;&#8221; header_text_align_phone=&#8221;&#8221; header_text_align_last_edited=&#8221;on|desktop&#8221; header_font_size_tablet=&#8221;30px&#8221; header_font_size_phone=&#8221;26px&#8221; global_colors_info=&#8221;{}&#8221;]<\/p>\n<h1 role=\"heading\" aria-level=\"2\" data-uw-rm-heading=\"level\">C\u00edosanna Trealamh Spohr<\/h1>\n<p>[\/et_pb_text][dsm_breadcrumbs disabled_on=&#8221;on|off|off&#8221; _builder_version=&#8221;4.27.2&#8243; _module_preset=&#8221;default&#8221; home_icon_text_color=&#8221;#d6d6d6&#8243; global_colors_info=&#8221;{}&#8221;][\/dsm_breadcrumbs][\/et_pb_column][\/et_pb_row][\/et_pb_section][et_pb_section fb_built=&#8221;1&#8243; admin_label=&#8221;Mobile-Only Nav with Offset&#8221; _builder_version=&#8221;4.27.4&#8243; _module_preset=&#8221;4759a92f-4b27-4854-bb2c-299854634e93&#8243; sticky_offset_top=&#8221;127px&#8221; global_module=&#8221;36405&#8243; saved_tabs=&#8221;all&#8221; global_colors_info=&#8221;{}&#8221;][et_pb_row _builder_version=&#8221;4.27.4&#8243; _module_preset=&#8221;default&#8221; width=&#8221;90%&#8221; custom_margin=&#8221;0px||||false|false&#8221; custom_padding=&#8221;0px||||false|false&#8221; global_colors_info=&#8221;{}&#8221;][et_pb_column type=&#8221;4_4&#8243; _builder_version=&#8221;4.27.4&#8243; _module_preset=&#8221;default&#8221; global_colors_info=&#8221;{}&#8221;][et_pb_code admin_label=&#8221;Spohr Mobile Nav &#8211; Roghnaigh an Anuas&#8221; _builder_version=&#8221;4.27.4&#8243; _module_preset=&#8221;default&#8221; custom_css_free_form=&#8221;select {||||      font-size: 1em; \/* Adjust font size *\/||      padding: 10px;   \/* Optional: Increase padding for better spacing *\/||      width: 100%;||      box-sizing: border-box;\/* Optional: Adjust width to fit the container *\/||      height: 50px;||}||||    \/* Style for dropdown options (fallback if needed) *\/||select option {||      font-size: 1.2em; \/* Ensures option text matches select styling *\/||      width: 100%;||    }&#8221; global_colors_info=&#8221;{}&#8221;]<select name=\"dropdown\" onchange=\"location = this.value;\"><!-- [et_pb_line_break_holder] --><option value=\"\">Roghchl\u00e1r Spohr Messtechnik<\/option><!-- [et_pb_line_break_holder] --><option value=\"\/instruments\/spohr\/\">Pr\u00edomhleathanach Spohr Messtechnik<\/option><!-- [et_pb_line_break_holder] --><option value=\"\/instruments\/spohr\/lightweight-water-level-meter\/\">-M\u00e9adar Leibh\u00e9al Uisce \u00c9adrom Spohr<\/option><!-- [et_pb_line_break_holder] --><option value=\"\/instruments\/spohr\/lightweight-water-level-meter\/quote\/\">&#8211;Faigh Luachan<\/option><!-- [et_pb_line_break_holder] --><option value=\"\/instruments\/spohr\/lightweight-water-level-meter\/datasheet\/\">&#8211;Bileog Sonra\u00ed<\/option><!-- [et_pb_line_break_holder] --><option value=\"\/instruments\/spohr\/lightweight-water-level-meter\/operating-instructions\/\">&#8211;Treoracha<\/option><!-- [et_pb_line_break_holder] --><!-- [et_pb_line_break_holder] --><option value=\"\/instruments\/spohr\/water-level-meters\/\">-M\u00e9adair Leibh\u00e9al Uisce Spohr<\/option><!-- [et_pb_line_break_holder] --><option value=\"\/instruments\/spohr\/tag-line\/\">-L\u00edne Clibeanna Spohr<\/option><!-- [et_pb_line_break_holder] --><option value=\"\/instruments\/spohr\/staff-gauges\/\">-Tomhsair\u00ed Foirne Spohr<\/option><!-- [et_pb_line_break_holder] --><option value=\"\/instruments\/spohr\/well-whistle\/\">-Fead\u00f3g Thobar Spohr<\/option><!-- [et_pb_line_break_holder] --><option value=\"\/instruments\/spohr\/monitoring-well-caps\/\">Caip\u00edn\u00ed Tobar Monat\u00f3ireachta Spohr<\/option><!-- [et_pb_line_break_holder] -->    <!-- [et_pb_line_break_holder] --><option value=\"\/instruments\/spohr\/general-quote-form\/\">Faigh Luachan<\/option><!-- [et_pb_line_break_holder] --><option value=\"\/instruments\/spohr\/contact-form\/\">Seol Eolas Chugam<\/option><!-- [et_pb_line_break_holder] --><option value=\"\/instruments\/spohr\/rentals\/\">C\u00edosanna Spohr<\/option><!-- [et_pb_line_break_holder] --><\/select>[\/et_pb_code][\/et_pb_column][\/et_pb_row][\/et_pb_section][et_pb_section fb_built=&#8221;1&#8243; specialty=&#8221;on&#8221; _builder_version=&#8221;4.27.2&#8243; _module_preset=&#8221;5a5bca26-a9a5-4e6c-8fca-d64da3bdcd40&#8243; global_colors_info=&#8221;{}&#8221;][et_pb_column type=&#8221;1_4&#8243; _builder_version=&#8221;4.16&#8243; custom_padding=&#8221;|||&#8221; global_colors_info=&#8221;{}&#8221; custom_padding__hover=&#8221;|||&#8221;][et_pb_menu menu_id=&#8221;239&#8243; admin_label=&#8221;Spohr Main Nav&#8221; _builder_version=&#8221;4.27.4&#8243; _module_preset=&#8221;242faa89-ac4f-4e46-90fe-505e8c1eab79&#8243; global_module=&#8221;36361&#8243; saved_tabs=&#8221;all&#8221; global_colors_info=&#8221;{}&#8221;][\/et_pb_menu][et_pb_text _builder_version=&#8221;4.27.4&#8243; _module_preset=&#8221;default&#8221; custom_margin=&#8221;20px||||false|false&#8221; global_module=&#8221;48131&#8243; global_colors_info=&#8221;{}&#8221;]<\/p>\n<p><a href=\"https:\/\/solinst.com\/spohr\" title=\"Spohr Messtechnik\"><strong><img loading=\"lazy\" decoding=\"async\" src=\"https:\/\/www.solinst.com\/wp-content\/uploads\/2025\/01\/spohr-logo-1200x403-1.webp\" width=\"200\" height=\"63\" alt=\"spohr messtechnik hydrometric instruments\" class=\"wp-image-35906 alignnone size-full\" \/><\/strong><\/a><\/p>\n<p><strong>Spohr-Messtechnik GmbH<\/strong><br \/>L\u00e4nderweg 37<br \/>D-60599 Frankfurt a.M.<br \/>Germany<\/p>\n<p>Tel: 069 622860<br \/>Fax: 069 620455<br \/><a href=\"mailto:info@spohr-messtechnik.de\">info@spohr-messtechnik.de<\/a><\/p>\n<p>[\/et_pb_text][\/et_pb_column][et_pb_column type=&#8221;3_4&#8243; specialty_columns=&#8221;3&#8243; _builder_version=&#8221;4.16&#8243; custom_padding=&#8221;|||&#8221; global_colors_info=&#8221;{}&#8221; custom_padding__hover=&#8221;|||&#8221;][et_pb_row_inner _builder_version=&#8221;4.27.4&#8243; _module_preset=&#8221;default&#8221; custom_margin=&#8221;0px||1em||false|false&#8221; custom_padding=&#8221;0px||0px||false|false&#8221; global_colors_info=&#8221;{}&#8221;][et_pb_column_inner saved_specialty_column_type=&#8221;3_4&#8243; _builder_version=&#8221;4.27.2&#8243; _module_preset=&#8221;default&#8221; global_colors_info=&#8221;{}&#8221;][et_pb_code _builder_version=&#8221;4.27.4&#8243; _module_preset=&#8221;default&#8221; global_colors_info=&#8221;{}&#8221;]<!-- [et_pb_line_break_holder] -->    <iframe id=\"JotFormIFrame-243323130906245\" title=\"Iarratas ar Luachan C\u00edosa Spohr Gearm\u00e1inise\/B\u00e9arla - 1 leathanach\" onload=\"window.parent.scrollTo(0,0)\" allowtransparency=\"true\" allow=\"geolocation; microphone; camera; fullscreen\" src=\"https:\/\/form.jotform.com\/243323130906245\" frameborder=\"0\" style=\"min-width:100%;max-width:100%;height:539px;border:none;\" scrolling=\"no\"><!-- [et_pb_line_break_holder] -->    <\/iframe><!-- [et_pb_line_break_holder] -->    <script src=\"https:\/\/cdn.jotfor.ms\/s\/umd\/latest\/for-form-embed-handler.js\"><\/script><!-- [et_pb_line_break_holder] -->    <script>window.jotformEmbedHandler(\"iframe[id='JotFormIFrame-243323130906245']\", \"https:\/\/form.jotform.com\/\")<\/script><!-- [et_pb_line_break_holder] -->    [\/et_pb_code][\/et_pb_column_inner][\/et_pb_row_inner][\/et_pb_column][\/et_pb_section][et_pb_section fb_built=&#8221;1&#8243; admin_label=&#8221;Adobe Analytics Code&#8221; _builder_version=&#8221;4.27.0&#8243; _module_preset=&#8221;default&#8221; custom_padding=&#8221;||4px|||&#8221; global_colors_info=&#8221;{}&#8221;][et_pb_row _builder_version=&#8221;4.27.2&#8243; _module_preset=&#8221;default&#8221; global_colors_info=&#8221;{}&#8221;][et_pb_column type=&#8221;4_4&#8243; _builder_version=&#8221;4.27.0&#8243; _module_preset=&#8221;default&#8221; global_colors_info=&#8221;{}&#8221;][et_pb_code admin_label=&#8221;C\u00f3d AA don leathanach seo&#8221; _builder_version=&#8221;4.27.4&#8243; _module_preset=&#8221;default&#8221; hover_enabled=&#8221;0&#8243; global_colors_info=&#8221;{}&#8221; sticky_enabled=&#8221;0&#8243;]<!-- SiteCatalyst code version: H.21. Copyright 1996-2010 Adobe, Inc. All Rights Reserved More info available at http:\/\/www.omniture.com --><!-- [et_pb_line_break_holder] --><script language=\"JavaScript\" type=\"text\/javascript\" src=\"\/\/www.solinst.com\/s_code.js\"><\/script><!-- [et_pb_line_break_holder] --><script language=\"JavaScript\" type=\"text\/javascript\"><!--<!-- [et_pb_line_break_holder] -->s.pageName=\"spohr rentals form\"<!-- [et_pb_line_break_holder] -->s.server=\"\"<!-- [et_pb_line_break_holder] -->s.channel=\"products\"<!-- [et_pb_line_break_holder] -->s.pageType=\"\"<!-- [et_pb_line_break_holder] -->s.prop1=\"spohr\"<!-- [et_pb_line_break_holder] -->s.prop2=\"spohr rentals form\"<!-- [et_pb_line_break_holder] -->s.prop3=\"\"<!-- [et_pb_line_break_holder] -->s.prop4=\"\"<!-- [et_pb_line_break_holder] -->s.prop5=\"\"<!-- [et_pb_line_break_holder] -->s.prop6=\"\"<!-- [et_pb_line_break_holder] -->s.prop7=\"\"<!-- [et_pb_line_break_holder] -->s.prop8=\"\"<!-- [et_pb_line_break_holder] -->s.prop9=\"\"<!-- [et_pb_line_break_holder] -->s.prop10=\"\"<!-- [et_pb_line_break_holder] -->s.prop11=\"\"<!-- [et_pb_line_break_holder] -->s.prop12=\"\"<!-- [et_pb_line_break_holder] -->s.prop13=\"\"<!-- [et_pb_line_break_holder] -->s.prop14=\"\"<!-- [et_pb_line_break_holder] -->s.prop15=\"\"<!-- [et_pb_line_break_holder] -->s.prop16=\"\"<!-- [et_pb_line_break_holder] -->s.prop17=\"\"<!-- [et_pb_line_break_holder] -->s.prop18=\"\"<!-- [et_pb_line_break_holder] -->s.prop19=\"\"<!-- [et_pb_line_break_holder] -->s.prop20=\"\"<!-- [et_pb_line_break_holder] -->s.prop21=\"\"<!-- [et_pb_line_break_holder] -->s.prop22=\"\"<!-- [et_pb_line_break_holder] -->s.prop23=\"\"<!-- [et_pb_line_break_holder] -->s.prop24=\"\"<!-- [et_pb_line_break_holder] -->s.prop25=\"\"<!-- [et_pb_line_break_holder] -->s.prop26=\"\"<!-- [et_pb_line_break_holder] -->s.prop27=\"\"<!-- [et_pb_line_break_holder] -->s.prop28=\"\"<!-- [et_pb_line_break_holder] -->s.prop29=\"\"<!-- [et_pb_line_break_holder] -->s.prop30=\"\"<!-- [et_pb_line_break_holder] -->s.prop31=\"\"<!-- [et_pb_line_break_holder] -->s.prop32=\"\"<!-- [et_pb_line_break_holder] -->s.prop33=\"\"<!-- [et_pb_line_break_holder] -->s.hier1=\"solinst:products:spohr:spohr rentals form\"<!-- [et_pb_line_break_holder] --><!-- [et_pb_line_break_holder] -->\/* Conversion Variables *\/<!-- [et_pb_line_break_holder] -->s.campaign=\"\"<!-- [et_pb_line_break_holder] -->s.events=\"event1:1\"<!-- [et_pb_line_break_holder] -->s.eVar1=\"spohr rentals form\"<!-- [et_pb_line_break_holder] -->s.eVar2=\"\"<!-- [et_pb_line_break_holder] -->s.eVar3=\"\"<!-- [et_pb_line_break_holder] -->s.eVar4=\"\"<!-- [et_pb_line_break_holder] -->s.eVar5=\"\"<!-- [et_pb_line_break_holder] -->s.eVar6=\"\"<!-- [et_pb_line_break_holder] -->s.eVar7=\"\"<!-- [et_pb_line_break_holder] -->s.eVar8=\"\"<!-- [et_pb_line_break_holder] -->s.eVar9=\"\"<!-- [et_pb_line_break_holder] -->s.eVar10=\"\"<!-- [et_pb_line_break_holder] -->s.eVar11=\"\"<!-- [et_pb_line_break_holder] -->s.eVar12=\"\"<!-- [et_pb_line_break_holder] -->s.eVar13=\"\"<!-- [et_pb_line_break_holder] -->s.eVar14=\"\"<!-- [et_pb_line_break_holder] -->s.eVar15=\"\"<!-- [et_pb_line_break_holder] -->s.eVar16=\"\"<!-- [et_pb_line_break_holder] -->s.eVar17=\"spohr rentals form\"<!-- [et_pb_line_break_holder] -->s.state=\"\"<!-- [et_pb_line_break_holder] -->s.zip=\"\"<!-- [et_pb_line_break_holder] -->\/************* DO NOT ALTER ANYTHING BELOW THIS LINE ! **************\/<!-- [et_pb_line_break_holder] -->var s_code=s.t();if(s_code)document.write(s_code)\/\/--><\/script><!-- [et_pb_line_break_holder] --><script language=\"JavaScript\" type=\"text\/javascript\"><!--<!-- [et_pb_line_break_holder] -->if(navigator.appVersion.indexOf('MSIE')>=0)document.write(unescape('%3C')+'!-'+'-')<!-- [et_pb_line_break_holder] -->\/\/--><\/script><noscript><a href=\"https:\/\/www.omniture.com\" title=\"Anail\u00eds\u00edocht Gr\u00e9as\u00e1in\"><img loading=\"lazy\" decoding=\"async\" src=\"https:\/\/solinst.d2.sc.omtrdc.net\/b\/ss\/solinst-prod\/1\/H.21--NS\/0\" height=\"1\" width=\"1\" border=\"0\" alt=\"\"><\/a><\/noscript><!--\/DO NOT REMOVE\/--><!-- [et_pb_line_break_holder] --><!-- End SiteCatalyst code version: H.21. -->[\/et_pb_code][\/et_pb_column][\/et_pb_row][\/et_pb_section]<\/p>\n","protected":false},"excerpt":{"rendered":"<p>C\u00edosanna Trealamh Spohr<div class=\"et_pb_module dsm_breadcrumbs dsm_breadcrumbs_0\">\n\t\t\t\t\n\t\t\t\t\n\t\t\t\t\n\t\t\t\t\n\t\t\t\t\n\t\t\t\t\n\t\t\t\t<div class=\"et_pb_module_inner\">\n\t\t\t\t\t<nav class=\"dsm_breadcrumbs_wrap\">\n\t\t\t\t<ul class=\"dsm_breadcrumbs\" itemscope itemtype=\"https:\/\/schema.org\/BreadcrumbList\">\t\t\t<li class=\"dsm_breadcrumbs_item dsm_home_item dsm_home_item_custom\" itemprop=\"itemListElement\" itemscope\n\t\t\titemtype=\"https:\/\/schema.org\/ListItem\">\n\t\t\t\t<a href=\"https:\/\/www.solinst.com\/ga\/\" itemprop=\"item\" target=\"\">\n\t\t\t\t\t<span class='dsm_home_text_wrapper'>\n\t\t\t\t\t\t\t\t\t\t\t\t\t<span class=\"et-pb-icon dsm_home_icon\">\ue009<\/span>\n\t\t\t\t\t\t\t\t\t\t\t\t\t<span class=\"dsm_home_text\" itemprop=\"name\">\n\t\t\t\t\t\t\t\tHome\t\t\t\t\t\t\t<\/span>\n\t\t\t\t\t<\/span>\n\t\t\t\t<\/a>\n\t\t\t\t<meta itemprop=\"position\" content=\"1\" \/>\n\t\t\t<\/li>\n\n\t\t<li class=\"dsm_breadcrumbs_separator\"> <span class=\"et-pb-icon dsm_separator_icon\">5<\/span><\/li><\/ul>\n\t\t\t<\/nav>\n\t\t\t\t<\/div>\n\t\t\t<\/div> Spohr-Messtechnik GmbHL\u00e4nderweg 37D-60599 Frankfurt a.M.Germany Tel: 069 622860Fax: 069 620455info@spohr-messtechnik.de<\/p>\n","protected":false},"author":3,"featured_media":146135,"parent":146093,"menu_order":0,"comment_status":"closed","ping_status":"closed","template":"","meta":{"_et_pb_use_builder":"on","_et_pb_old_content":"","_et_gb_content_width":"","footnotes":""},"folder":[246],"class_list":["post-146130","page","type-page","status-publish","has-post-thumbnail","hentry"],"yoast_head":"<!-- This site is optimized with the Yoast SEO Premium plugin v27.2 (Yoast SEO v27.2) - https:\/\/yoast.com\/product\/yoast-seo-premium-wordpress\/ -->\n<title>C\u00edosanna Spohr<\/title>\n<meta name=\"description\" content=\"C\u00edosanna Trealamh Spohr lena n-\u00e1ir\u00edtear Leveloggers agus Caid\u00e9il Peristaltacha.\" \/>\n<meta name=\"robots\" content=\"index, follow, max-snippet:-1, max-image-preview:large, max-video-preview:-1\" \/>\n<link rel=\"canonical\" href=\"https:\/\/www.solinst.com\/ga\/tairgi\/spohr-messtechnik\/ciosanna-spohr\/\" \/>\n<meta property=\"og:locale\" content=\"ga_IE\" \/>\n<meta property=\"og:type\" content=\"article\" \/>\n<meta property=\"og:title\" content=\"Trealamh C\u00edosa Spohr\" \/>\n<meta property=\"og:description\" content=\"Cuireann Spohr Rentals rogha de mh\u00e9adair leibh\u00e9al uisce \u00e9adroma, Leveloggers agus caid\u00e9il peristaltacha ar f\u00e1il. Aimsigh an uirlis foirfe chun freastal ar do riachtanais tomhais.\" \/>\n<meta property=\"og:url\" content=\"https:\/\/www.solinst.com\/ga\/tairgi\/spohr-messtechnik\/ciosanna-spohr\/\" \/>\n<meta property=\"og:site_name\" content=\"Solinst Groundwater and Surface Water Monitoring Instrumentation, Water Level Meters, Interface Meters, Dataloggers\" \/>\n<meta property=\"article:modified_time\" content=\"2025-12-22T22:26:01+00:00\" \/>\n<meta property=\"og:image\" content=\"https:\/\/www.solinst.com\/wp-content\/uploads\/2025\/02\/featureimage-spohr-rental.jpg\" \/>\n\t<meta property=\"og:image:width\" content=\"1200\" \/>\n\t<meta property=\"og:image:height\" content=\"675\" \/>\n\t<meta property=\"og:image:type\" content=\"image\/jpeg\" \/>\n<meta name=\"twitter:card\" content=\"summary_large_image\" \/>\n<meta name=\"twitter:title\" content=\"Trealamh C\u00edosa Spohr\" \/>\n<meta name=\"twitter:description\" content=\"Cuireann Spohr Rentals rogha de mh\u00e9adair leibh\u00e9al uisce \u00e9adroma, Leveloggers agus caid\u00e9il peristaltacha ar f\u00e1il. Aimsigh an uirlis foirfe chun freastal ar do riachtanais tomhais.\" \/>\n<meta name=\"twitter:label1\" content=\"Est. reading time\" \/>\n\t<meta name=\"twitter:data1\" content=\"4 minutes\" \/>\n<script type=\"application\/ld+json\" class=\"yoast-schema-graph\">{\"@context\":\"https:\/\/schema.org\",\"@graph\":[{\"@type\":\"WebPage\",\"@id\":\"https:\/\/www.solinst.com\/ga\/tairgi\/spohr-messtechnik\/ciosanna-spohr\/\",\"url\":\"https:\/\/www.solinst.com\/ga\/tairgi\/spohr-messtechnik\/ciosanna-spohr\/\",\"name\":\"C\u00edosanna Spohr\",\"isPartOf\":{\"@id\":\"https:\/\/www.solinst.com\/ga\/#website\"},\"primaryImageOfPage\":{\"@id\":\"https:\/\/www.solinst.com\/ga\/tairgi\/spohr-messtechnik\/ciosanna-spohr\/#primaryimage\"},\"image\":{\"@id\":\"https:\/\/www.solinst.com\/ga\/tairgi\/spohr-messtechnik\/ciosanna-spohr\/#primaryimage\"},\"thumbnailUrl\":\"https:\/\/www.solinst.com\/wp-content\/uploads\/2025\/02\/featureimage-spohr-rental.jpg\",\"datePublished\":\"2025-01-22T21:52:09+00:00\",\"dateModified\":\"2025-12-22T22:26:01+00:00\",\"description\":\"C\u00edosanna Trealamh Spohr lena n-\u00e1ir\u00edtear Leveloggers agus Caid\u00e9il Peristaltacha.\",\"breadcrumb\":{\"@id\":\"https:\/\/www.solinst.com\/ga\/tairgi\/spohr-messtechnik\/ciosanna-spohr\/#breadcrumb\"},\"inLanguage\":\"ga-IE\",\"potentialAction\":[{\"@type\":\"ReadAction\",\"target\":[\"https:\/\/www.solinst.com\/ga\/tairgi\/spohr-messtechnik\/ciosanna-spohr\/\"]}]},{\"@type\":\"ImageObject\",\"inLanguage\":\"ga-IE\",\"@id\":\"https:\/\/www.solinst.com\/ga\/tairgi\/spohr-messtechnik\/ciosanna-spohr\/#primaryimage\",\"url\":\"https:\/\/www.solinst.com\/wp-content\/uploads\/2025\/02\/featureimage-spohr-rental.jpg\",\"contentUrl\":\"https:\/\/www.solinst.com\/wp-content\/uploads\/2025\/02\/featureimage-spohr-rental.jpg\",\"width\":1200,\"height\":675},{\"@type\":\"BreadcrumbList\",\"@id\":\"https:\/\/www.solinst.com\/ga\/tairgi\/spohr-messtechnik\/ciosanna-spohr\/#breadcrumb\",\"itemListElement\":[{\"@type\":\"ListItem\",\"position\":1,\"name\":\"Home\",\"item\":\"https:\/\/www.solinst.com\/ga\/baile\/\"},{\"@type\":\"ListItem\",\"position\":2,\"name\":\"T\u00e1irg\u00ed\",\"item\":\"https:\/\/www.solinst.com\/ga\/tairgi\/\"},{\"@type\":\"ListItem\",\"position\":3,\"name\":\"Spohr Messtechnik\",\"item\":\"https:\/\/www.solinst.com\/ga\/tairgi\/spohr-messtechnik\/\"},{\"@type\":\"ListItem\",\"position\":4,\"name\":\"C\u00edosanna Spohr\"}]},{\"@type\":\"WebSite\",\"@id\":\"https:\/\/www.solinst.com\/ga\/#website\",\"url\":\"https:\/\/www.solinst.com\/ga\/\",\"name\":\"Solinst Groundwater and Surface Water Monitoring Instrumentation, Water Level Meters, Interface Meters, Dataloggers\",\"description\":\"High quality groundwater monitoring instruments and surface water monitoring instruments including water level meters, interface meters, groundwater samplers, dataloggers and more!\",\"potentialAction\":[{\"@type\":\"SearchAction\",\"target\":{\"@type\":\"EntryPoint\",\"urlTemplate\":\"https:\/\/www.solinst.com\/ga\/?s={search_term_string}\"},\"query-input\":{\"@type\":\"PropertyValueSpecification\",\"valueRequired\":true,\"valueName\":\"search_term_string\"}}],\"inLanguage\":\"ga-IE\"}]}<\/script>\n<!-- \/ Yoast SEO Premium plugin. -->","yoast_head_json":{"title":"C\u00edosanna Spohr","description":"C\u00edosanna Trealamh Spohr lena n-\u00e1ir\u00edtear Leveloggers agus Caid\u00e9il Peristaltacha.","robots":{"index":"index","follow":"follow","max-snippet":"max-snippet:-1","max-image-preview":"max-image-preview:large","max-video-preview":"max-video-preview:-1"},"canonical":"https:\/\/www.solinst.com\/ga\/tairgi\/spohr-messtechnik\/ciosanna-spohr\/","og_locale":"ga_IE","og_type":"article","og_title":"Trealamh C\u00edosa Spohr","og_description":"Cuireann Spohr Rentals rogha de mh\u00e9adair leibh\u00e9al uisce \u00e9adroma, Leveloggers agus caid\u00e9il peristaltacha ar f\u00e1il. Aimsigh an uirlis foirfe chun freastal ar do riachtanais tomhais.","og_url":"https:\/\/www.solinst.com\/ga\/tairgi\/spohr-messtechnik\/ciosanna-spohr\/","og_site_name":"Solinst Groundwater and Surface Water Monitoring Instrumentation, Water Level Meters, Interface Meters, Dataloggers","article_modified_time":"2025-12-22T22:26:01+00:00","og_image":[{"width":1200,"height":675,"url":"https:\/\/www.solinst.com\/wp-content\/uploads\/2025\/02\/featureimage-spohr-rental.jpg","type":"image\/jpeg"}],"twitter_card":"summary_large_image","twitter_title":"Trealamh C\u00edosa Spohr","twitter_description":"Cuireann Spohr Rentals rogha de mh\u00e9adair leibh\u00e9al uisce \u00e9adroma, Leveloggers agus caid\u00e9il peristaltacha ar f\u00e1il. Aimsigh an uirlis foirfe chun freastal ar do riachtanais tomhais.","twitter_misc":{"Est. reading time":"4 minutes"},"schema":{"@context":"https:\/\/schema.org","@graph":[{"@type":"WebPage","@id":"https:\/\/www.solinst.com\/ga\/tairgi\/spohr-messtechnik\/ciosanna-spohr\/","url":"https:\/\/www.solinst.com\/ga\/tairgi\/spohr-messtechnik\/ciosanna-spohr\/","name":"C\u00edosanna Spohr","isPartOf":{"@id":"https:\/\/www.solinst.com\/ga\/#website"},"primaryImageOfPage":{"@id":"https:\/\/www.solinst.com\/ga\/tairgi\/spohr-messtechnik\/ciosanna-spohr\/#primaryimage"},"image":{"@id":"https:\/\/www.solinst.com\/ga\/tairgi\/spohr-messtechnik\/ciosanna-spohr\/#primaryimage"},"thumbnailUrl":"https:\/\/www.solinst.com\/wp-content\/uploads\/2025\/02\/featureimage-spohr-rental.jpg","datePublished":"2025-01-22T21:52:09+00:00","dateModified":"2025-12-22T22:26:01+00:00","description":"C\u00edosanna Trealamh Spohr lena n-\u00e1ir\u00edtear Leveloggers agus Caid\u00e9il Peristaltacha.","breadcrumb":{"@id":"https:\/\/www.solinst.com\/ga\/tairgi\/spohr-messtechnik\/ciosanna-spohr\/#breadcrumb"},"inLanguage":"ga-IE","potentialAction":[{"@type":"ReadAction","target":["https:\/\/www.solinst.com\/ga\/tairgi\/spohr-messtechnik\/ciosanna-spohr\/"]}]},{"@type":"ImageObject","inLanguage":"ga-IE","@id":"https:\/\/www.solinst.com\/ga\/tairgi\/spohr-messtechnik\/ciosanna-spohr\/#primaryimage","url":"https:\/\/www.solinst.com\/wp-content\/uploads\/2025\/02\/featureimage-spohr-rental.jpg","contentUrl":"https:\/\/www.solinst.com\/wp-content\/uploads\/2025\/02\/featureimage-spohr-rental.jpg","width":1200,"height":675},{"@type":"BreadcrumbList","@id":"https:\/\/www.solinst.com\/ga\/tairgi\/spohr-messtechnik\/ciosanna-spohr\/#breadcrumb","itemListElement":[{"@type":"ListItem","position":1,"name":"Home","item":"https:\/\/www.solinst.com\/ga\/baile\/"},{"@type":"ListItem","position":2,"name":"T\u00e1irg\u00ed","item":"https:\/\/www.solinst.com\/ga\/tairgi\/"},{"@type":"ListItem","position":3,"name":"Spohr Messtechnik","item":"https:\/\/www.solinst.com\/ga\/tairgi\/spohr-messtechnik\/"},{"@type":"ListItem","position":4,"name":"C\u00edosanna Spohr"}]},{"@type":"WebSite","@id":"https:\/\/www.solinst.com\/ga\/#website","url":"https:\/\/www.solinst.com\/ga\/","name":"Solinst Groundwater and Surface Water Monitoring Instrumentation, Water Level Meters, Interface Meters, Dataloggers","description":"High quality groundwater monitoring instruments and surface water monitoring instruments including water level meters, interface meters, groundwater samplers, dataloggers and more!","potentialAction":[{"@type":"SearchAction","target":{"@type":"EntryPoint","urlTemplate":"https:\/\/www.solinst.com\/ga\/?s={search_term_string}"},"query-input":{"@type":"PropertyValueSpecification","valueRequired":true,"valueName":"search_term_string"}}],"inLanguage":"ga-IE"}]}},"_links":{"self":[{"href":"https:\/\/www.solinst.com\/ga\/wp-json\/wp\/v2\/pages\/146130","targetHints":{"allow":["GET"]}}],"collection":[{"href":"https:\/\/www.solinst.com\/ga\/wp-json\/wp\/v2\/pages"}],"about":[{"href":"https:\/\/www.solinst.com\/ga\/wp-json\/wp\/v2\/types\/page"}],"author":[{"embeddable":true,"href":"https:\/\/www.solinst.com\/ga\/wp-json\/wp\/v2\/users\/3"}],"replies":[{"embeddable":true,"href":"https:\/\/www.solinst.com\/ga\/wp-json\/wp\/v2\/comments?post=146130"}],"version-history":[{"count":1,"href":"https:\/\/www.solinst.com\/ga\/wp-json\/wp\/v2\/pages\/146130\/revisions"}],"predecessor-version":[{"id":146143,"href":"https:\/\/www.solinst.com\/ga\/wp-json\/wp\/v2\/pages\/146130\/revisions\/146143"}],"up":[{"embeddable":true,"href":"https:\/\/www.solinst.com\/ga\/wp-json\/wp\/v2\/pages\/146093"}],"wp:featuredmedia":[{"embeddable":true,"href":"https:\/\/www.solinst.com\/ga\/wp-json\/wp\/v2\/media\/146135"}],"wp:attachment":[{"href":"https:\/\/www.solinst.com\/ga\/wp-json\/wp\/v2\/media?parent=146130"}],"wp:term":[{"taxonomy":"folder","embeddable":true,"href":"https:\/\/www.solinst.com\/ga\/wp-json\/wp\/v2\/folder?post=146130"}],"curies":[{"name":"wp","href":"https:\/\/api.w.org\/{rel}","templated":true}]}}