{"id":88684,"date":"2025-04-17T20:21:10","date_gmt":"2025-04-17T20:21:10","guid":{"rendered":"https:\/\/www.solinst.com\/distributori-solinst\/formazione-per-distributori-solinst-si-partecipo\/"},"modified":"2025-04-21T12:14:58","modified_gmt":"2025-04-21T12:14:58","slug":"formazione-per-distributori-solinst-si-partecipo","status":"publish","type":"page","link":"https:\/\/www.solinst.com\/it\/distributori-solinst\/formazione-per-distributori-solinst-si-partecipo\/","title":{"rendered":"Formazione per Distributori Solinst &#8211; S\u00ec, partecipo"},"content":{"rendered":"<p>[et_pb_section fb_built=&#8221;1&#8243; custom_padding_last_edited=&#8221;off|desktop&#8221; admin_label=&#8221;H1 and breadcrumbs&#8221; _builder_version=&#8221;4.27.4&#8243; _module_preset=&#8221;792ca5bd-0808-46bd-9ce7-3bcb8e74f4d3&#8243; sticky_limit_bottom=&#8221;body&#8221; global_colors_info=&#8221;{}&#8221; theme_builder_area=&#8221;post_content&#8221;][et_pb_row _builder_version=&#8221;4.27.4&#8243; _module_preset=&#8221;4b28f470-0d73-4e9d-b92d-e6f41f2cea24&#8243; sticky_position=&#8221;none&#8221; global_colors_info=&#8221;{}&#8221; theme_builder_area=&#8221;post_content&#8221;][et_pb_column type=&#8221;4_4&#8243; _builder_version=&#8221;4.25.0&#8243; _module_preset=&#8221;default&#8221; global_colors_info=&#8221;{}&#8221; theme_builder_area=&#8221;post_content&#8221;][et_pb_text _builder_version=&#8221;4.27.4&#8243; _module_preset=&#8221;3078f328-b50a-467d-9906-3143dabcd7ac&#8221; header_text_align_tablet=&#8221;&#8221; header_text_align_phone=&#8221;&#8221; header_text_align_last_edited=&#8221;on|desktop&#8221; header_font_size_tablet=&#8221;30px&#8221; header_font_size_phone=&#8221;26px&#8221; global_colors_info=&#8221;{}&#8221; theme_builder_area=&#8221;post_content&#8221;]<\/p>\n<h1 role=\"heading\" aria-level=\"2\" data-uw-rm-heading=\"level\">Conferenza dei distributori Solinst 2025<\/h1>\n<p>[\/et_pb_text][dsm_breadcrumbs disabled_on=&#8221;on|off|off&#8221; _builder_version=&#8221;4.27.4&#8243; _module_preset=&#8221;default&#8221; home_icon_text_color=&#8221;#d6d6d6&#8243; global_colors_info=&#8221;{}&#8221; theme_builder_area=&#8221;post_content&#8221;][\/dsm_breadcrumbs][\/et_pb_column][\/et_pb_row][\/et_pb_section][et_pb_section fb_built=&#8221;1&#8243; _builder_version=&#8221;4.27.4&#8243; _module_preset=&#8221;default&#8221; global_colors_info=&#8221;{}&#8221; theme_builder_area=&#8221;post_content&#8221;][et_pb_row _builder_version=&#8221;4.27.4&#8243; _module_preset=&#8221;default&#8221; global_colors_info=&#8221;{}&#8221; theme_builder_area=&#8221;post_content&#8221;][et_pb_column type=&#8221;4_4&#8243; _builder_version=&#8221;4.27.4&#8243; _module_preset=&#8221;default&#8221; global_colors_info=&#8221;{}&#8221; theme_builder_area=&#8221;post_content&#8221;][et_pb_image src=&#8221;https:\/\/www.solinst.com\/wp-content\/uploads\/2025\/04\/sdc-25-logo.webp&#8221; alt=&#8221;sdc 25 conferenza dei distributori solisti 2025&#8243; title_text=&#8221;SDC 25 Conferenza dei Distributori Solinst 2025&#8243; _builder_version=&#8221;4.27.4&#8243; _module_preset=&#8221;default&#8221; global_colors_info=&#8221;{}&#8221; theme_builder_area=&#8221;post_content&#8221;][\/et_pb_image][et_pb_text _builder_version=&#8221;4.27.4&#8243; _module_preset=&#8221;default&#8221; header_2_font_size=&#8221;28px&#8221; header_2_line_height=&#8221;1.2em&#8221; hover_enabled=&#8221;0&#8243; global_colors_info=&#8221;{}&#8221; theme_builder_area=&#8221;post_content&#8221; sticky_enabled=&#8221;0&#8243;]<\/p>\n<h2><strong>Grazie per averci segnalato la tua partecipazione alla DSC-25, siamo entusiasti della tua presenza quest&#8217;anno.<\/strong><\/h2>\n<p>Ti inviamo un&#8217;e-mail di conferma per confermare la tua partecipazione alla nostra prossima conferenza Solinstutor SDC-25 che si terr\u00e0 dal 7 al 9 ottobre 2025 presso Solinst Canada Ltd.  <\/p>\n<p>Confermando la tua partecipazione, ci permetterai di procedere con la prenotazione degli alloggi e di tenerti aggiornato con gli orari e i dettagli dell&#8217;evento man mano che ci avviciniamo alla DSC-25.<a href=\"mailto:distributorsupport@solinst.com\"><\/a><\/p>\n<p>Grazie<\/p>\n<p>[\/et_pb_text][\/et_pb_column][\/et_pb_row][\/et_pb_section][et_pb_section fb_built=&#8221;1&#8243; admin_label=&#8221;Adobe Analytics Code&#8221; _builder_version=&#8221;4.27.0&#8243; _module_preset=&#8221;default&#8221; custom_padding=&#8221;||4px|||&#8221; global_colors_info=&#8221;{}&#8221; theme_builder_area=&#8221;post_content&#8221;][et_pb_row _builder_version=&#8221;4.27.2&#8243; _module_preset=&#8221;default&#8221; global_colors_info=&#8221;{}&#8221; theme_builder_area=&#8221;post_content&#8221;][et_pb_column type=&#8221;4_4&#8243; _builder_version=&#8221;4.27.0&#8243; _module_preset=&#8221;default&#8221; global_colors_info=&#8221;{}&#8221; theme_builder_area=&#8221;post_content&#8221;][et_pb_code admin_label=&#8221;Codice AA per questa pagina&#8221; _builder_version=&#8221;4.27.4&#8243; _module_preset=&#8221;default&#8221; hover_enabled=&#8221;0&#8243; global_colors_info=&#8221;{}&#8221; theme_builder_area=&#8221;post_content&#8221; sticky_enabled=&#8221;0&#8243;]<!-- SiteCatalyst code version: H.21. Copyright 1996-2010 Adobe, Inc. All Rights Reserved More info available at http:\/\/www.omniture.com --><!-- [et_pb_line_break_holder] --><script language=\"JavaScript\" type=\"text\/javascript\" src=\"\/\/www.solinst.com\/s_code.js\"><\/script><!-- [et_pb_line_break_holder] --><script language=\"JavaScript\" type=\"text\/javascript\"><!--<!-- [et_pb_line_break_holder] -->s.pageName=\"distributor training yes\"<!-- [et_pb_line_break_holder] -->s.server=\"\"<!-- [et_pb_line_break_holder] -->s.channel=\"solinst\"<!-- [et_pb_line_break_holder] -->s.pageType=\"\"<!-- [et_pb_line_break_holder] -->s.prop1=\"distributor\"<!-- [et_pb_line_break_holder] -->s.prop2=\"distributor training yes\"<!-- [et_pb_line_break_holder] -->s.prop3=\"\"<!-- [et_pb_line_break_holder] -->s.prop4=\"\"<!-- [et_pb_line_break_holder] -->s.prop5=\"\"<!-- [et_pb_line_break_holder] -->s.prop6=\"\"<!-- [et_pb_line_break_holder] -->s.prop7=\"\"<!-- [et_pb_line_break_holder] -->s.prop8=\"\"<!-- [et_pb_line_break_holder] -->s.prop9=\"\"<!-- [et_pb_line_break_holder] -->s.prop10=\"\"<!-- [et_pb_line_break_holder] -->s.prop11=\"\"<!-- [et_pb_line_break_holder] -->s.prop12=\"\"<!-- [et_pb_line_break_holder] -->s.prop13=\"\"<!-- [et_pb_line_break_holder] -->s.prop14=\"\"<!-- [et_pb_line_break_holder] -->s.prop15=\"\"<!-- [et_pb_line_break_holder] -->s.prop16=\"\"<!-- [et_pb_line_break_holder] -->s.prop17=\"\"<!-- [et_pb_line_break_holder] -->s.prop18=\"\"<!-- [et_pb_line_break_holder] -->s.prop19=\"\"<!-- [et_pb_line_break_holder] -->s.prop20=\"\"<!-- [et_pb_line_break_holder] -->s.prop21=\"\"<!-- [et_pb_line_break_holder] -->s.prop22=\"\"<!-- [et_pb_line_break_holder] -->s.prop23=\"\"<!-- [et_pb_line_break_holder] -->s.prop24=\"\"<!-- [et_pb_line_break_holder] -->s.prop25=\"\"<!-- [et_pb_line_break_holder] -->s.prop26=\"\"<!-- [et_pb_line_break_holder] -->s.prop27=\"\"<!-- [et_pb_line_break_holder] -->s.prop28=\"\"<!-- [et_pb_line_break_holder] -->s.prop29=\"\"<!-- [et_pb_line_break_holder] -->s.prop30=\"\"<!-- [et_pb_line_break_holder] -->s.prop31=\"\"<!-- [et_pb_line_break_holder] -->s.prop32=\"\"<!-- [et_pb_line_break_holder] -->s.prop33=\"\"<!-- [et_pb_line_break_holder] -->s.hier1=\"solinst:distributor:distributor training yes\"<!-- [et_pb_line_break_holder] --><!-- [et_pb_line_break_holder] -->\/* Conversion Variables *\/<!-- [et_pb_line_break_holder] -->s.campaign=\"\"<!-- [et_pb_line_break_holder] -->s.events=\"\"<!-- [et_pb_line_break_holder] -->s.eVar1=\"\"<!-- [et_pb_line_break_holder] -->s.eVar2=\"\"<!-- [et_pb_line_break_holder] -->s.eVar3=\"\"<!-- [et_pb_line_break_holder] -->s.eVar4=\"\"<!-- [et_pb_line_break_holder] -->s.eVar5=\"\"<!-- [et_pb_line_break_holder] -->s.eVar6=\"\"<!-- [et_pb_line_break_holder] -->s.eVar7=\"\"<!-- [et_pb_line_break_holder] -->s.eVar8=\"\"<!-- [et_pb_line_break_holder] -->s.eVar9=\"\"<!-- [et_pb_line_break_holder] -->s.eVar10=\"\"<!-- [et_pb_line_break_holder] -->s.eVar11=\"\"<!-- [et_pb_line_break_holder] -->s.eVar12=\"\"<!-- [et_pb_line_break_holder] -->s.eVar13=\"\"<!-- [et_pb_line_break_holder] -->s.eVar14=\"\"<!-- [et_pb_line_break_holder] -->s.eVar15=\"\"<!-- [et_pb_line_break_holder] -->s.eVar16=\"\"<!-- [et_pb_line_break_holder] -->s.eVar17=\"\"<!-- [et_pb_line_break_holder] -->s.state=\"\"<!-- [et_pb_line_break_holder] -->s.zip=\"\"<!-- [et_pb_line_break_holder] -->\/************* DO NOT ALTER ANYTHING BELOW THIS LINE ! **************\/<!-- [et_pb_line_break_holder] -->var s_code=s.t();if(s_code)document.write(s_code)\/\/--><\/script><!-- [et_pb_line_break_holder] --><script language=\"JavaScript\" type=\"text\/javascript\"><!--<!-- [et_pb_line_break_holder] -->if(navigator.appVersion.indexOf('MSIE')>=0)document.write(unescape('%3C')+'!-'+'-')<!-- [et_pb_line_break_holder] -->\/\/--><\/script><noscript><a href=\"https:\/\/www.omniture.com\" title=\"Analisi web\"><img loading=\"lazy\" decoding=\"async\" src=\"https:\/\/solinst.d2.sc.omtrdc.net\/b\/ss\/solinst-prod\/1\/H.21--NS\/0\" height=\"1\" width=\"1\" border=\"0\" alt=\"\"><\/a><\/noscript><!--\/DO NOT REMOVE\/--><!-- [et_pb_line_break_holder] --><!-- End SiteCatalyst code version: H.21. -->[\/et_pb_code][\/et_pb_column][\/et_pb_row][\/et_pb_section]<\/p>\n","protected":false},"excerpt":{"rendered":"<p>Conferenza dei distributori Solinst 2025<div class=\"et_pb_module dsm_breadcrumbs dsm_breadcrumbs_0\">\n\t\t\t\t\n\t\t\t\t\n\t\t\t\t\n\t\t\t\t\n\t\t\t\t\n\t\t\t\t\n\t\t\t\t<div class=\"et_pb_module_inner\">\n\t\t\t\t\t<nav class=\"dsm_breadcrumbs_wrap\">\n\t\t\t\t<ul class=\"dsm_breadcrumbs\" itemscope itemtype=\"https:\/\/schema.org\/BreadcrumbList\">\t\t\t<li class=\"dsm_breadcrumbs_item dsm_home_item dsm_home_item_custom\" itemprop=\"itemListElement\" itemscope\n\t\t\titemtype=\"https:\/\/schema.org\/ListItem\">\n\t\t\t\t<a href=\"https:\/\/www.solinst.com\/it\/\" itemprop=\"item\" target=\"\">\n\t\t\t\t\t<span class='dsm_home_text_wrapper'>\n\t\t\t\t\t\t\t\t\t\t\t\t\t<span class=\"et-pb-icon dsm_home_icon\">\ue009<\/span>\n\t\t\t\t\t\t\t\t\t\t\t\t\t<span class=\"dsm_home_text\" itemprop=\"name\">\n\t\t\t\t\t\t\t\tHome\t\t\t\t\t\t\t<\/span>\n\t\t\t\t\t<\/span>\n\t\t\t\t<\/a>\n\t\t\t\t<meta itemprop=\"position\" content=\"1\" \/>\n\t\t\t<\/li>\n\n\t\t<li class=\"dsm_breadcrumbs_separator\"> <span class=\"et-pb-icon dsm_separator_icon\">5<\/span><\/li><\/ul>\n\t\t\t<\/nav>\n\t\t\t\t<\/div>\n\t\t\t<\/div>Grazie per averci segnalato la tua partecipazione alla DSC-25, siamo entusiasti della tua presenza quest&#8217;anno. Ti inviamo un&#8217;e-mail di conferma per confermare la tua partecipazione alla nostra prossima conferenza Solinstutor SDC-25 che si terr\u00e0 dal 7 al 9 ottobre 2025 presso Solinst Canada Ltd. Confermando la tua partecipazione, ci permetterai di procedere con la prenotazione degli alloggi e di tenerti aggiornato con gli orari e i dettagli dell&#8217;evento man mano che ci avviciniamo alla DSC-25. Grazie<\/p>\n","protected":false},"author":1,"featured_media":0,"parent":52231,"menu_order":0,"comment_status":"closed","ping_status":"closed","template":"","meta":{"_et_pb_use_builder":"on","_et_pb_old_content":"","_et_gb_content_width":"","footnotes":""},"folder":[264],"class_list":["post-88684","page","type-page","status-publish","hentry"],"yoast_head":"<!-- This site is optimized with the Yoast SEO Premium plugin v27.2 (Yoast SEO v27.2) - https:\/\/yoast.com\/product\/yoast-seo-premium-wordpress\/ -->\n<title>S\u00ec, sto partecipando alla formazione per distributori Solinst<\/title>\n<meta name=\"description\" content=\"S\u00ec, parteciper\u00f2 al prossimo evento di formazione per distributori Solinst che si terr\u00e0 presso Solinst Canada Ltd. a Georgetown Ontario.\" \/>\n<meta name=\"robots\" content=\"noindex, nofollow\" \/>\n<meta property=\"og:locale\" content=\"it_IT\" \/>\n<meta property=\"og:type\" content=\"article\" \/>\n<meta property=\"og:title\" content=\"Formazione per Distributori Solinst - S\u00ec, partecipo\" \/>\n<meta property=\"og:description\" content=\"S\u00ec, parteciper\u00f2 al prossimo evento di formazione per distributori Solinst che si terr\u00e0 presso Solinst Canada Ltd. a Georgetown Ontario.\" \/>\n<meta property=\"og:url\" content=\"https:\/\/www.solinst.com\/it\/distributori-solinst\/formazione-per-distributori-solinst-si-partecipo\/\" \/>\n<meta property=\"og:site_name\" content=\"Solinst Groundwater and Surface Water Monitoring Instrumentation, Water Level Meters, Interface Meters, Dataloggers\" \/>\n<meta property=\"article:modified_time\" content=\"2025-04-21T12:14:58+00:00\" \/>\n<meta property=\"og:image\" content=\"https:\/\/solinst.d2.sc.omtrdc.net\/b\/ss\/solinst-prod\/1\/H.21--NS\/0\" \/>\n<meta name=\"twitter:card\" content=\"summary_large_image\" \/>\n<meta name=\"twitter:label1\" content=\"Tempo di lettura stimato\" \/>\n\t<meta name=\"twitter:data1\" content=\"2 minuti\" \/>\n<script type=\"application\/ld+json\" class=\"yoast-schema-graph\">{\"@context\":\"https:\/\/schema.org\",\"@graph\":[{\"@type\":\"WebPage\",\"@id\":\"https:\/\/www.solinst.com\/it\/distributori-solinst\/formazione-per-distributori-solinst-si-partecipo\/\",\"url\":\"https:\/\/www.solinst.com\/it\/distributori-solinst\/formazione-per-distributori-solinst-si-partecipo\/\",\"name\":\"S\u00ec, sto partecipando alla formazione per distributori Solinst\",\"isPartOf\":{\"@id\":\"https:\/\/www.solinst.com\/it\/#website\"},\"primaryImageOfPage\":{\"@id\":\"https:\/\/www.solinst.com\/it\/distributori-solinst\/formazione-per-distributori-solinst-si-partecipo\/#primaryimage\"},\"image\":{\"@id\":\"https:\/\/www.solinst.com\/it\/distributori-solinst\/formazione-per-distributori-solinst-si-partecipo\/#primaryimage\"},\"thumbnailUrl\":\"https:\/\/solinst.d2.sc.omtrdc.net\/b\/ss\/solinst-prod\/1\/H.21--NS\/0\",\"datePublished\":\"2025-04-17T20:21:10+00:00\",\"dateModified\":\"2025-04-21T12:14:58+00:00\",\"description\":\"S\u00ec, parteciper\u00f2 al prossimo evento di formazione per distributori Solinst che si terr\u00e0 presso Solinst Canada Ltd. a Georgetown Ontario.\",\"breadcrumb\":{\"@id\":\"https:\/\/www.solinst.com\/it\/distributori-solinst\/formazione-per-distributori-solinst-si-partecipo\/#breadcrumb\"},\"inLanguage\":\"it-IT\",\"potentialAction\":[{\"@type\":\"ReadAction\",\"target\":[\"https:\/\/www.solinst.com\/it\/distributori-solinst\/formazione-per-distributori-solinst-si-partecipo\/\"]}]},{\"@type\":\"ImageObject\",\"inLanguage\":\"it-IT\",\"@id\":\"https:\/\/www.solinst.com\/it\/distributori-solinst\/formazione-per-distributori-solinst-si-partecipo\/#primaryimage\",\"url\":\"https:\/\/solinst.d2.sc.omtrdc.net\/b\/ss\/solinst-prod\/1\/H.21--NS\/0\",\"contentUrl\":\"https:\/\/solinst.d2.sc.omtrdc.net\/b\/ss\/solinst-prod\/1\/H.21--NS\/0\"},{\"@type\":\"BreadcrumbList\",\"@id\":\"https:\/\/www.solinst.com\/it\/distributori-solinst\/formazione-per-distributori-solinst-si-partecipo\/#breadcrumb\",\"itemListElement\":[{\"@type\":\"ListItem\",\"position\":1,\"name\":\"Home\",\"item\":\"https:\/\/www.solinst.com\/it\/casa\/\"},{\"@type\":\"ListItem\",\"position\":2,\"name\":\"Distributori Solinst\",\"item\":\"https:\/\/www.solinst.com\/it\/distributori-solinst\/\"},{\"@type\":\"ListItem\",\"position\":3,\"name\":\"Formazione per Distributori Solinst &#8211; S\u00ec, partecipo\"}]},{\"@type\":\"WebSite\",\"@id\":\"https:\/\/www.solinst.com\/it\/#website\",\"url\":\"https:\/\/www.solinst.com\/it\/\",\"name\":\"Solinst Groundwater and Surface Water Monitoring Instrumentation, Water Level Meters, Interface Meters, Dataloggers\",\"description\":\"High quality groundwater monitoring instruments and surface water monitoring instruments including water level meters, interface meters, groundwater samplers, dataloggers and more!\",\"potentialAction\":[{\"@type\":\"SearchAction\",\"target\":{\"@type\":\"EntryPoint\",\"urlTemplate\":\"https:\/\/www.solinst.com\/it\/?s={search_term_string}\"},\"query-input\":{\"@type\":\"PropertyValueSpecification\",\"valueRequired\":true,\"valueName\":\"search_term_string\"}}],\"inLanguage\":\"it-IT\"}]}<\/script>\n<!-- \/ Yoast SEO Premium plugin. -->","yoast_head_json":{"title":"S\u00ec, sto partecipando alla formazione per distributori Solinst","description":"S\u00ec, parteciper\u00f2 al prossimo evento di formazione per distributori Solinst che si terr\u00e0 presso Solinst Canada Ltd. a Georgetown Ontario.","robots":{"index":"noindex","follow":"nofollow"},"og_locale":"it_IT","og_type":"article","og_title":"Formazione per Distributori Solinst - S\u00ec, partecipo","og_description":"S\u00ec, parteciper\u00f2 al prossimo evento di formazione per distributori Solinst che si terr\u00e0 presso Solinst Canada Ltd. a Georgetown Ontario.","og_url":"https:\/\/www.solinst.com\/it\/distributori-solinst\/formazione-per-distributori-solinst-si-partecipo\/","og_site_name":"Solinst Groundwater and Surface Water Monitoring Instrumentation, Water Level Meters, Interface Meters, Dataloggers","article_modified_time":"2025-04-21T12:14:58+00:00","og_image":[{"url":"https:\/\/solinst.d2.sc.omtrdc.net\/b\/ss\/solinst-prod\/1\/H.21--NS\/0","type":"","width":"","height":""}],"twitter_card":"summary_large_image","twitter_misc":{"Tempo di lettura stimato":"2 minuti"},"schema":{"@context":"https:\/\/schema.org","@graph":[{"@type":"WebPage","@id":"https:\/\/www.solinst.com\/it\/distributori-solinst\/formazione-per-distributori-solinst-si-partecipo\/","url":"https:\/\/www.solinst.com\/it\/distributori-solinst\/formazione-per-distributori-solinst-si-partecipo\/","name":"S\u00ec, sto partecipando alla formazione per distributori Solinst","isPartOf":{"@id":"https:\/\/www.solinst.com\/it\/#website"},"primaryImageOfPage":{"@id":"https:\/\/www.solinst.com\/it\/distributori-solinst\/formazione-per-distributori-solinst-si-partecipo\/#primaryimage"},"image":{"@id":"https:\/\/www.solinst.com\/it\/distributori-solinst\/formazione-per-distributori-solinst-si-partecipo\/#primaryimage"},"thumbnailUrl":"https:\/\/solinst.d2.sc.omtrdc.net\/b\/ss\/solinst-prod\/1\/H.21--NS\/0","datePublished":"2025-04-17T20:21:10+00:00","dateModified":"2025-04-21T12:14:58+00:00","description":"S\u00ec, parteciper\u00f2 al prossimo evento di formazione per distributori Solinst che si terr\u00e0 presso Solinst Canada Ltd. a Georgetown Ontario.","breadcrumb":{"@id":"https:\/\/www.solinst.com\/it\/distributori-solinst\/formazione-per-distributori-solinst-si-partecipo\/#breadcrumb"},"inLanguage":"it-IT","potentialAction":[{"@type":"ReadAction","target":["https:\/\/www.solinst.com\/it\/distributori-solinst\/formazione-per-distributori-solinst-si-partecipo\/"]}]},{"@type":"ImageObject","inLanguage":"it-IT","@id":"https:\/\/www.solinst.com\/it\/distributori-solinst\/formazione-per-distributori-solinst-si-partecipo\/#primaryimage","url":"https:\/\/solinst.d2.sc.omtrdc.net\/b\/ss\/solinst-prod\/1\/H.21--NS\/0","contentUrl":"https:\/\/solinst.d2.sc.omtrdc.net\/b\/ss\/solinst-prod\/1\/H.21--NS\/0"},{"@type":"BreadcrumbList","@id":"https:\/\/www.solinst.com\/it\/distributori-solinst\/formazione-per-distributori-solinst-si-partecipo\/#breadcrumb","itemListElement":[{"@type":"ListItem","position":1,"name":"Home","item":"https:\/\/www.solinst.com\/it\/casa\/"},{"@type":"ListItem","position":2,"name":"Distributori Solinst","item":"https:\/\/www.solinst.com\/it\/distributori-solinst\/"},{"@type":"ListItem","position":3,"name":"Formazione per Distributori Solinst &#8211; S\u00ec, partecipo"}]},{"@type":"WebSite","@id":"https:\/\/www.solinst.com\/it\/#website","url":"https:\/\/www.solinst.com\/it\/","name":"Solinst Groundwater and Surface Water Monitoring Instrumentation, Water Level Meters, Interface Meters, Dataloggers","description":"High quality groundwater monitoring instruments and surface water monitoring instruments including water level meters, interface meters, groundwater samplers, dataloggers and more!","potentialAction":[{"@type":"SearchAction","target":{"@type":"EntryPoint","urlTemplate":"https:\/\/www.solinst.com\/it\/?s={search_term_string}"},"query-input":{"@type":"PropertyValueSpecification","valueRequired":true,"valueName":"search_term_string"}}],"inLanguage":"it-IT"}]}},"_links":{"self":[{"href":"https:\/\/www.solinst.com\/it\/wp-json\/wp\/v2\/pages\/88684","targetHints":{"allow":["GET"]}}],"collection":[{"href":"https:\/\/www.solinst.com\/it\/wp-json\/wp\/v2\/pages"}],"about":[{"href":"https:\/\/www.solinst.com\/it\/wp-json\/wp\/v2\/types\/page"}],"author":[{"embeddable":true,"href":"https:\/\/www.solinst.com\/it\/wp-json\/wp\/v2\/users\/1"}],"replies":[{"embeddable":true,"href":"https:\/\/www.solinst.com\/it\/wp-json\/wp\/v2\/comments?post=88684"}],"version-history":[{"count":10,"href":"https:\/\/www.solinst.com\/it\/wp-json\/wp\/v2\/pages\/88684\/revisions"}],"predecessor-version":[{"id":88758,"href":"https:\/\/www.solinst.com\/it\/wp-json\/wp\/v2\/pages\/88684\/revisions\/88758"}],"up":[{"embeddable":true,"href":"https:\/\/www.solinst.com\/it\/wp-json\/wp\/v2\/pages\/52231"}],"wp:attachment":[{"href":"https:\/\/www.solinst.com\/it\/wp-json\/wp\/v2\/media?parent=88684"}],"wp:term":[{"taxonomy":"folder","embeddable":true,"href":"https:\/\/www.solinst.com\/it\/wp-json\/wp\/v2\/folder?post=88684"}],"curies":[{"name":"wp","href":"https:\/\/api.w.org\/{rel}","templated":true}]}}