{"id":79435,"date":"2025-02-18T22:11:43","date_gmt":"2025-02-18T22:11:43","guid":{"rendered":"https:\/\/www.solinst.com\/tack-for-att-du-kontaktade-solinst-eureka\/"},"modified":"2025-04-04T20:45:01","modified_gmt":"2025-04-04T20:45:01","slug":"tack-for-att-du-kontaktade-solinst-eureka","status":"publish","type":"page","link":"https:\/\/www.solinst.com\/sv\/produkter\/solinst-eureka\/kontakta-solinst-eureka\/tack-for-att-du-kontaktade-solinst-eureka\/","title":{"rendered":"Tack f\u00f6r att du kontaktade Solinst Eureka"},"content":{"rendered":"<p>[et_pb_section fb_built=&#8221;1&#8243; fullwidth=&#8221;on&#8221; disabled_on=&#8221;off|off|off&#8221; _builder_version=&#8221;4.27.4&#8243; _module_preset=&#8221;default&#8221; hover_enabled=&#8221;0&#8243; global_colors_info=&#8221;{}&#8221; sticky_enabled=&#8221;0&#8243;][et_pb_fullwidth_image src=&#8221;https:\/\/www.solinst.com\/wp-content\/uploads\/2025\/02\/contact-solinst-eureka-1920&#215;500-1.webp&#8221; alt=&#8221;kontakt solinst eureka&#8221; title_text=&#8221;Kontakta Solinst Eureka&#8221; src_tablet=&#8221;https:\/\/www.solinst.com\/wp-content\/uploads\/2025\/02\/contact-solinst-eureka-965&#215;500-1.webp&#8221; src_phone=&#8221;https:\/\/www.solinst.com\/wp-content\/uploads\/2025\/02\/contact-solinst-eureka-965&#215;500-1.webp&#8221; src_last_edited=&#8221;on|phone&#8221; _builder_version=&#8221;4.27.4&#8243; _module_preset=&#8221;default&#8221; hover_enabled=&#8221;0&#8243; global_colors_info=&#8221;{}&#8221; sticky_enabled=&#8221;0&#8243;][\/et_pb_fullwidth_image][\/et_pb_section][et_pb_section fb_built=&#8221;1&#8243; admin_label=&#8221;H1 and breadcrumbs&#8221; _builder_version=&#8221;4.27.2&#8243; _module_preset=&#8221;792ca5bd-0808-46bd-9ce7-3bcb8e74f4d3&#8243; global_colors_info=&#8221;{}&#8221;][et_pb_row _builder_version=&#8221;4.27.2&#8243; _module_preset=&#8221;4b28f470-0d73-4e9d-b92d-e6f41f2cea24&#8243; global_colors_info=&#8221;{}&#8221;][et_pb_column type=&#8221;4_4&#8243; _builder_version=&#8221;4.25.0&#8243; _module_preset=&#8221;default&#8221; global_colors_info=&#8221;{}&#8221;][et_pb_text _builder_version=&#8221;4.27.4&#8243; _module_preset=&#8221;3078f328-b50a-467d-9906-3143dabcd7ac&#8221; header_text_align_tablet=&#8221;&#8221; header_text_align_phone=&#8221;&#8221; header_text_align_last_edited=&#8221;on|desktop&#8221; header_font_size_tablet=&#8221;30px&#8221; header_font_size_phone=&#8221;26px&#8221; global_colors_info=&#8221;{}&#8221;]<\/p>\n<h1 role=\"heading\" aria-level=\"2\" data-uw-rm-heading=\"level\">Tack f\u00f6r att du kontaktade Solinst Eureka<\/h1>\n<p>[\/et_pb_text][dsm_breadcrumbs disabled_on=&#8221;on|off|off&#8221; _builder_version=&#8221;4.27.2&#8243; _module_preset=&#8221;default&#8221; home_icon_text_color=&#8221;#d6d6d6&#8243; global_colors_info=&#8221;{}&#8221;][\/dsm_breadcrumbs][\/et_pb_column][\/et_pb_row][\/et_pb_section][et_pb_section fb_built=&#8221;1&#8243; admin_label=&#8221;Mobile-Only Nav with Offset&#8221; _builder_version=&#8221;4.27.4&#8243; _module_preset=&#8221;4759a92f-4b27-4854-bb2c-299854634e93&#8243; sticky_offset_top=&#8221;127px&#8221; global_module=&#8221;45704&#8243; saved_tabs=&#8221;all&#8221; global_colors_info=&#8221;{}&#8221;][et_pb_row _builder_version=&#8221;4.27.4&#8243; _module_preset=&#8221;default&#8221; width=&#8221;90%&#8221; custom_margin=&#8221;0px||||false|false&#8221; custom_padding=&#8221;0px||||false|false&#8221; global_colors_info=&#8221;{}&#8221;][et_pb_column type=&#8221;4_4&#8243; _builder_version=&#8221;4.27.4&#8243; _module_preset=&#8221;default&#8221; global_colors_info=&#8221;{}&#8221;][et_pb_code admin_label=&#8221;Eureka Mobile Nav &#8211; V\u00e4lj rullgardinsmeny&#8221; _builder_version=&#8221;4.27.4&#8243; _module_preset=&#8221;default&#8221; custom_css_free_form=&#8221;select {||||      font-size: 1em; \/* Adjust font size *\/||      padding: 10px;   \/* Optional: Increase padding for better spacing *\/||      width: 100%;||      box-sizing: border-box;\/* Optional: Adjust width to fit the container *\/||      height: 50px;||}||||    \/* Style for dropdown options (fallback if needed) *\/||select option {||      font-size: 1.2em; \/* Ensures option text matches select styling *\/||      width: 100%;||    }&#8221; global_colors_info=&#8221;{}&#8221;]<select name=\"dropdown\" onchange=\"location = this.value;\"><!-- [et_pb_line_break_holder] --><option value=\"\">Solinst Eureka Meny<\/option><!-- [et_pb_line_break_holder] --><option value=\"https:\/\/www.solinst.com\/instruments\/solinst-eureka\/\">Solinst Eureka Huvudsida<\/option><!-- [et_pb_line_break_holder] --><\/select>[\/et_pb_code][\/et_pb_column][\/et_pb_row][\/et_pb_section][et_pb_section fb_built=&#8221;1&#8243; specialty=&#8221;on&#8221; _builder_version=&#8221;4.27.2&#8243; _module_preset=&#8221;5a5bca26-a9a5-4e6c-8fca-d64da3bdcd40&#8243; global_colors_info=&#8221;{}&#8221;][et_pb_column type=&#8221;1_4&#8243; _builder_version=&#8221;4.16&#8243; custom_padding=&#8221;|||&#8221; global_colors_info=&#8221;{}&#8221; custom_padding__hover=&#8221;|||&#8221;][et_pb_menu menu_id=&#8221;252&#8243; admin_label=&#8221;Eureka Main Nav&#8221; _builder_version=&#8221;4.27.4&#8243; _module_preset=&#8221;242faa89-ac4f-4e46-90fe-505e8c1eab79&#8243; global_module=&#8221;45700&#8243; saved_tabs=&#8221;all&#8221; global_colors_info=&#8221;{}&#8221;][\/et_pb_menu][et_pb_text _builder_version=&#8221;4.27.4&#8243; _module_preset=&#8221;default&#8221; custom_margin=&#8221;10px||||false|false&#8221; global_module=&#8221;46733&#8243; saved_tabs=&#8221;all&#8221; global_colors_info=&#8221;{}&#8221;]<\/p>\n<p><a href=\"https:\/\/solinst.com\/eureka\" title=\"Solinst Eureka\"><strong><img loading=\"lazy\" decoding=\"async\" src=\"https:\/\/www.solinst.com\/wp-content\/uploads\/2025\/01\/solinst-eureka-logo-800w.webp\" width=\"271\" height=\"49\" alt=\"solinst eureka logo\" class=\"wp-image-44307 alignnone size-full\" \/><\/strong><\/a><\/p>\n<p><strong>Solinst Eureka<\/strong><br \/>2113 Wells Branch Pkwy, Suite 4400<br \/>Austin, TX, USA<br \/>78728<\/p>\n<p>Tel: +1 512-302-4333<br \/>Fax: +1 512-251-6842<br \/>email: <a href=\"mailto:eureka@solinst.com\">eureka@solinst.com<\/a><\/p>\n<p>[\/et_pb_text][\/et_pb_column][et_pb_column type=&#8221;3_4&#8243; specialty_columns=&#8221;3&#8243; _builder_version=&#8221;4.16&#8243; custom_padding=&#8221;|||&#8221; global_colors_info=&#8221;{}&#8221; custom_padding__hover=&#8221;|||&#8221;][et_pb_row_inner _builder_version=&#8221;4.27.2&#8243; _module_preset=&#8221;default&#8221; custom_margin=&#8221;0px||||false|false&#8221; custom_padding=&#8221;0px||18px||false|false&#8221; global_colors_info=&#8221;{}&#8221;][et_pb_column_inner saved_specialty_column_type=&#8221;3_4&#8243; _builder_version=&#8221;4.27.2&#8243; _module_preset=&#8221;default&#8221; global_colors_info=&#8221;{}&#8221;][et_pb_text _builder_version=&#8221;4.27.4&#8243; _module_preset=&#8221;default&#8221; header_2_font_size=&#8221;24px&#8221; width=&#8221;100%&#8221; global_colors_info=&#8221;{}&#8221;]<\/p>\n<h2><strong>Tack s\u00e5 mycket<br \/><\/strong><\/h2>\n<p data-pm-slice=\"0 0 []\">Vi har mottagit din f\u00f6rfr\u00e5gan, tack f\u00f6r att du kontaktade Solinst Eureka. N\u00e5gon i v\u00e5rt team kommer att kontakta dig inom kort. Om detta \u00e4r br\u00e5dskande, v\u00e4nligen maila oss p\u00e5 <a href=\"mailto:eureka@solinst.co\">eureka@solinst.com<\/a> eller ring oss p\u00e5 +1 512-302-4333  <\/p>\n<p>[\/et_pb_text][\/et_pb_column_inner][\/et_pb_row_inner][\/et_pb_column][\/et_pb_section][et_pb_section fb_built=&#8221;1&#8243; admin_label=&#8221;Adobe Analytics Code&#8221; _builder_version=&#8221;4.27.0&#8243; _module_preset=&#8221;default&#8221; custom_padding=&#8221;||4px|||&#8221; global_colors_info=&#8221;{}&#8221;][et_pb_row _builder_version=&#8221;4.27.2&#8243; _module_preset=&#8221;default&#8221; global_colors_info=&#8221;{}&#8221;][et_pb_column type=&#8221;4_4&#8243; _builder_version=&#8221;4.27.0&#8243; _module_preset=&#8221;default&#8221; global_colors_info=&#8221;{}&#8221;][et_pb_code admin_label=&#8221;AA-kod f\u00f6r denna sida&#8221; _builder_version=&#8221;4.27.4&#8243; _module_preset=&#8221;default&#8221; global_colors_info=&#8221;{}&#8221;]<!-- SiteCatalyst code version: H.21. Copyright 1996-2010 Adobe, Inc. All Rights Reserved More info available at http:\/\/www.omniture.com --><!-- [et_pb_line_break_holder] --><script language=\"JavaScript\" type=\"text\/javascript\" src=\"\/\/www.solinst.com\/s_code.js\"><\/script><!-- [et_pb_line_break_holder] --><script language=\"JavaScript\" type=\"text\/javascript\"><!--<!-- [et_pb_line_break_holder] -->s.pageName=\"solinst eureka contact form thank you\"<!-- [et_pb_line_break_holder] -->s.server=\"\"<!-- [et_pb_line_break_holder] -->s.channel=\"products\"<!-- [et_pb_line_break_holder] -->s.pageType=\"\"<!-- [et_pb_line_break_holder] -->s.prop1=\"solinst eureka\"<!-- [et_pb_line_break_holder] -->s.prop2=\"solinst eureka contact form thank you\"<!-- [et_pb_line_break_holder] -->s.prop3=\"\"<!-- [et_pb_line_break_holder] -->s.prop4=\"\"<!-- [et_pb_line_break_holder] -->s.prop5=\"\"<!-- [et_pb_line_break_holder] -->s.prop6=\"\"<!-- [et_pb_line_break_holder] -->s.prop7=\"\"<!-- [et_pb_line_break_holder] -->s.prop8=\"\"<!-- [et_pb_line_break_holder] -->s.prop9=\"\"<!-- [et_pb_line_break_holder] -->s.prop10=\"\"<!-- [et_pb_line_break_holder] -->s.prop11=\"\"<!-- [et_pb_line_break_holder] -->s.prop12=\"\"<!-- [et_pb_line_break_holder] -->s.prop13=\"\"<!-- [et_pb_line_break_holder] -->s.prop14=\"\"<!-- [et_pb_line_break_holder] -->s.prop15=\"\"<!-- [et_pb_line_break_holder] -->s.prop16=\"\"<!-- [et_pb_line_break_holder] -->s.prop17=\"\"<!-- [et_pb_line_break_holder] -->s.prop18=\"\"<!-- [et_pb_line_break_holder] -->s.prop19=\"\"<!-- [et_pb_line_break_holder] -->s.prop20=\"\"<!-- [et_pb_line_break_holder] -->s.prop21=\"\"<!-- [et_pb_line_break_holder] -->s.prop22=\"\"<!-- [et_pb_line_break_holder] -->s.prop23=\"\"<!-- [et_pb_line_break_holder] -->s.prop24=\"\"<!-- [et_pb_line_break_holder] -->s.prop25=\"\"<!-- [et_pb_line_break_holder] -->s.prop26=\"\"<!-- [et_pb_line_break_holder] -->s.prop27=\"\"<!-- [et_pb_line_break_holder] -->s.prop28=\"\"<!-- [et_pb_line_break_holder] -->s.prop29=\"\"<!-- [et_pb_line_break_holder] -->s.prop30=\"\"<!-- [et_pb_line_break_holder] -->s.prop31=\"\"<!-- [et_pb_line_break_holder] -->s.prop32=\"\"<!-- [et_pb_line_break_holder] -->s.prop33=\"\"<!-- [et_pb_line_break_holder] -->s.hier1=\"solinst:products:solinst eureka:solinst eureka contact form thank you\"<!-- [et_pb_line_break_holder] --><!-- [et_pb_line_break_holder] -->\/* Conversion Variables *\/<!-- [et_pb_line_break_holder] -->s.campaign=\"\"<!-- [et_pb_line_break_holder] -->s.events=\"event2:1\"<!-- [et_pb_line_break_holder] -->s.eVar1=\"solinst eureka contact form thank you\"<!-- [et_pb_line_break_holder] -->s.eVar2=\"\"<!-- [et_pb_line_break_holder] -->s.eVar3=\"\"<!-- [et_pb_line_break_holder] -->s.eVar4=\"\"<!-- [et_pb_line_break_holder] -->s.eVar5=\"\"<!-- [et_pb_line_break_holder] -->s.eVar6=\"\"<!-- [et_pb_line_break_holder] -->s.eVar7=\"\"<!-- [et_pb_line_break_holder] -->s.eVar8=\"\"<!-- [et_pb_line_break_holder] -->s.eVar9=\"\"<!-- [et_pb_line_break_holder] -->s.eVar10=\"\"<!-- [et_pb_line_break_holder] -->s.eVar11=\"\"<!-- [et_pb_line_break_holder] -->s.eVar12=\"\"<!-- [et_pb_line_break_holder] -->s.eVar13=\"\"<!-- [et_pb_line_break_holder] -->s.eVar14=\"\"<!-- [et_pb_line_break_holder] -->s.eVar15=\"\"<!-- [et_pb_line_break_holder] -->s.eVar16=\"\"<!-- [et_pb_line_break_holder] -->s.eVar17=\"solinst eureka contact form thank you\"<!-- [et_pb_line_break_holder] -->s.state=\"\"<!-- [et_pb_line_break_holder] -->s.zip=\"\"<!-- [et_pb_line_break_holder] -->\/************* DO NOT ALTER ANYTHING BELOW THIS LINE ! **************\/<!-- [et_pb_line_break_holder] -->var s_code=s.t();if(s_code)document.write(s_code)\/\/--><\/script><!-- [et_pb_line_break_holder] --><script language=\"JavaScript\" type=\"text\/javascript\"><!--<!-- [et_pb_line_break_holder] -->if(navigator.appVersion.indexOf('MSIE')>=0)document.write(unescape('%3C')+'!-'+'-')<!-- [et_pb_line_break_holder] -->\/\/--><\/script><noscript><a href=\"https:\/\/www.omniture.com\" title=\"Webbanalys\"><img loading=\"lazy\" decoding=\"async\" src=\"https:\/\/solinst.d2.sc.omtrdc.net\/b\/ss\/solinst-prod\/1\/H.21--NS\/0\" height=\"1\" width=\"1\" border=\"0\" alt=\"\"><\/a><\/noscript><!--\/DO NOT REMOVE\/--><!-- [et_pb_line_break_holder] --><!-- End SiteCatalyst code version: H.21. -->[\/et_pb_code][\/et_pb_column][\/et_pb_row][\/et_pb_section]<\/p>\n","protected":false},"excerpt":{"rendered":"<p>Tack f\u00f6r att du kontaktade Solinst Eureka<div class=\"et_pb_module dsm_breadcrumbs dsm_breadcrumbs_0\">\n\t\t\t\t\n\t\t\t\t\n\t\t\t\t\n\t\t\t\t\n\t\t\t\t\n\t\t\t\t\n\t\t\t\t<div class=\"et_pb_module_inner\">\n\t\t\t\t\t<nav class=\"dsm_breadcrumbs_wrap\">\n\t\t\t\t<ul class=\"dsm_breadcrumbs\" itemscope itemtype=\"https:\/\/schema.org\/BreadcrumbList\">\t\t\t<li class=\"dsm_breadcrumbs_item dsm_home_item dsm_home_item_custom\" itemprop=\"itemListElement\" itemscope\n\t\t\titemtype=\"https:\/\/schema.org\/ListItem\">\n\t\t\t\t<a href=\"https:\/\/www.solinst.com\/sv\/\" itemprop=\"item\" target=\"\">\n\t\t\t\t\t<span class='dsm_home_text_wrapper'>\n\t\t\t\t\t\t\t\t\t\t\t\t\t<span class=\"et-pb-icon dsm_home_icon\">\ue009<\/span>\n\t\t\t\t\t\t\t\t\t\t\t\t\t<span class=\"dsm_home_text\" itemprop=\"name\">\n\t\t\t\t\t\t\t\tHome\t\t\t\t\t\t\t<\/span>\n\t\t\t\t\t<\/span>\n\t\t\t\t<\/a>\n\t\t\t\t<meta itemprop=\"position\" content=\"1\" \/>\n\t\t\t<\/li>\n\n\t\t<li class=\"dsm_breadcrumbs_separator\"> <span class=\"et-pb-icon dsm_separator_icon\">5<\/span><\/li><\/ul>\n\t\t\t<\/nav>\n\t\t\t\t<\/div>\n\t\t\t<\/div> Solinst Eureka2113 Wells Branch Pkwy, Suite 4400Austin, TX, USA78728 Tel: +1 512-302-4333Fax: +1 512-251-6842email: eureka@solinst.com Tack s\u00e5 mycket Vi har mottagit din f\u00f6rfr\u00e5gan, tack f\u00f6r att du kontaktade Solinst Eureka. N\u00e5gon i v\u00e5rt team kommer att kontakta dig inom kort. Om detta \u00e4r br\u00e5dskande, v\u00e4nligen maila oss p\u00e5 eureka@solinst.com eller ring oss p\u00e5 +1 512-302-4333<\/p>\n","protected":false},"author":1,"featured_media":0,"parent":79478,"menu_order":0,"comment_status":"closed","ping_status":"closed","template":"","meta":{"_et_pb_use_builder":"on","_et_pb_old_content":"","_et_gb_content_width":"","footnotes":""},"folder":[269],"class_list":["post-79435","page","type-page","status-publish","hentry"],"yoast_head":"<!-- This site is optimized with the Yoast SEO Premium plugin v27.2 (Yoast SEO v27.2) - https:\/\/yoast.com\/product\/yoast-seo-premium-wordpress\/ -->\n<title>Tack f\u00f6r att du kontaktade Solinst Eureka<\/title>\n<meta name=\"description\" content=\"Tack f\u00f6r att du kontaktade Solinst Eureka Water Quality Probes. N\u00e5gon i v\u00e5rt team kommer att svara p\u00e5 din f\u00f6rfr\u00e5gan inom kort.\" \/>\n<meta name=\"robots\" content=\"noindex, follow\" \/>\n<meta property=\"og:locale\" content=\"sv_SE\" \/>\n<meta property=\"og:type\" content=\"article\" \/>\n<meta property=\"og:title\" content=\"Tack f\u00f6r att du kontaktade Solinst Eureka\" \/>\n<meta property=\"og:description\" content=\"Tack f\u00f6r att du kontaktade Solinst Eureka Water Quality Probes. N\u00e5gon i v\u00e5rt team kommer att svara p\u00e5 din f\u00f6rfr\u00e5gan inom kort.\" \/>\n<meta property=\"og:url\" content=\"https:\/\/www.solinst.com\/sv\/produkter\/solinst-eureka\/kontakta-solinst-eureka\/tack-for-att-du-kontaktade-solinst-eureka\/\" \/>\n<meta property=\"og:site_name\" content=\"Solinst Groundwater and Surface Water Monitoring Instrumentation, Water Level Meters, Interface Meters, Dataloggers\" \/>\n<meta property=\"article:modified_time\" content=\"2025-04-04T20:45:01+00:00\" \/>\n<meta property=\"og:image\" content=\"https:\/\/www.solinst.com\/wp-content\/uploads\/2025\/01\/solinst-eureka-logo-800w.webp\" \/>\n\t<meta property=\"og:image:width\" content=\"800\" \/>\n\t<meta property=\"og:image:height\" content=\"129\" \/>\n\t<meta property=\"og:image:type\" content=\"image\/webp\" \/>\n<meta name=\"twitter:card\" content=\"summary_large_image\" \/>\n<meta name=\"twitter:label1\" content=\"Ber\u00e4knad l\u00e4stid\" \/>\n\t<meta name=\"twitter:data1\" content=\"4 minuter\" \/>\n<script type=\"application\/ld+json\" class=\"yoast-schema-graph\">{\"@context\":\"https:\/\/schema.org\",\"@graph\":[{\"@type\":\"WebPage\",\"@id\":\"https:\/\/www.solinst.com\/sv\/produkter\/solinst-eureka\/kontakta-solinst-eureka\/tack-for-att-du-kontaktade-solinst-eureka\/\",\"url\":\"https:\/\/www.solinst.com\/sv\/produkter\/solinst-eureka\/kontakta-solinst-eureka\/tack-for-att-du-kontaktade-solinst-eureka\/\",\"name\":\"Tack f\u00f6r att du kontaktade Solinst Eureka\",\"isPartOf\":{\"@id\":\"https:\/\/www.solinst.com\/sv\/#website\"},\"primaryImageOfPage\":{\"@id\":\"https:\/\/www.solinst.com\/sv\/produkter\/solinst-eureka\/kontakta-solinst-eureka\/tack-for-att-du-kontaktade-solinst-eureka\/#primaryimage\"},\"image\":{\"@id\":\"https:\/\/www.solinst.com\/sv\/produkter\/solinst-eureka\/kontakta-solinst-eureka\/tack-for-att-du-kontaktade-solinst-eureka\/#primaryimage\"},\"thumbnailUrl\":\"https:\/\/www.solinst.com\/wp-content\/uploads\/2025\/01\/solinst-eureka-logo-800w.webp\",\"datePublished\":\"2025-02-18T22:11:43+00:00\",\"dateModified\":\"2025-04-04T20:45:01+00:00\",\"description\":\"Tack f\u00f6r att du kontaktade Solinst Eureka Water Quality Probes. N\u00e5gon i v\u00e5rt team kommer att svara p\u00e5 din f\u00f6rfr\u00e5gan inom kort.\",\"breadcrumb\":{\"@id\":\"https:\/\/www.solinst.com\/sv\/produkter\/solinst-eureka\/kontakta-solinst-eureka\/tack-for-att-du-kontaktade-solinst-eureka\/#breadcrumb\"},\"inLanguage\":\"sv-SE\",\"potentialAction\":[{\"@type\":\"ReadAction\",\"target\":[\"https:\/\/www.solinst.com\/sv\/produkter\/solinst-eureka\/kontakta-solinst-eureka\/tack-for-att-du-kontaktade-solinst-eureka\/\"]}]},{\"@type\":\"ImageObject\",\"inLanguage\":\"sv-SE\",\"@id\":\"https:\/\/www.solinst.com\/sv\/produkter\/solinst-eureka\/kontakta-solinst-eureka\/tack-for-att-du-kontaktade-solinst-eureka\/#primaryimage\",\"url\":\"https:\/\/www.solinst.com\/wp-content\/uploads\/2025\/01\/solinst-eureka-logo-800w.webp\",\"contentUrl\":\"https:\/\/www.solinst.com\/wp-content\/uploads\/2025\/01\/solinst-eureka-logo-800w.webp\"},{\"@type\":\"BreadcrumbList\",\"@id\":\"https:\/\/www.solinst.com\/sv\/produkter\/solinst-eureka\/kontakta-solinst-eureka\/tack-for-att-du-kontaktade-solinst-eureka\/#breadcrumb\",\"itemListElement\":[{\"@type\":\"ListItem\",\"position\":1,\"name\":\"Home\",\"item\":\"https:\/\/www.solinst.com\/sv\/hem\/\"},{\"@type\":\"ListItem\",\"position\":2,\"name\":\"Produkter\",\"item\":\"https:\/\/www.solinst.com\/sv\/produkter\/\"},{\"@type\":\"ListItem\",\"position\":3,\"name\":\"Solinst Eureka\",\"item\":\"https:\/\/www.solinst.com\/sv\/produkter\/solinst-eureka\/\"},{\"@type\":\"ListItem\",\"position\":4,\"name\":\"Kontakta Solinst Eureka\",\"item\":\"https:\/\/www.solinst.com\/sv\/produkter\/solinst-eureka\/kontakta-solinst-eureka\/\"},{\"@type\":\"ListItem\",\"position\":5,\"name\":\"Tack f\u00f6r att du kontaktade Solinst Eureka\"}]},{\"@type\":\"WebSite\",\"@id\":\"https:\/\/www.solinst.com\/sv\/#website\",\"url\":\"https:\/\/www.solinst.com\/sv\/\",\"name\":\"Solinst Groundwater and Surface Water Monitoring Instrumentation, Water Level Meters, Interface Meters, Dataloggers\",\"description\":\"High quality groundwater monitoring instruments and surface water monitoring instruments including water level meters, interface meters, groundwater samplers, dataloggers and more!\",\"potentialAction\":[{\"@type\":\"SearchAction\",\"target\":{\"@type\":\"EntryPoint\",\"urlTemplate\":\"https:\/\/www.solinst.com\/sv\/?s={search_term_string}\"},\"query-input\":{\"@type\":\"PropertyValueSpecification\",\"valueRequired\":true,\"valueName\":\"search_term_string\"}}],\"inLanguage\":\"sv-SE\"}]}<\/script>\n<!-- \/ Yoast SEO Premium plugin. -->","yoast_head_json":{"title":"Tack f\u00f6r att du kontaktade Solinst Eureka","description":"Tack f\u00f6r att du kontaktade Solinst Eureka Water Quality Probes. N\u00e5gon i v\u00e5rt team kommer att svara p\u00e5 din f\u00f6rfr\u00e5gan inom kort.","robots":{"index":"noindex","follow":"follow"},"og_locale":"sv_SE","og_type":"article","og_title":"Tack f\u00f6r att du kontaktade Solinst Eureka","og_description":"Tack f\u00f6r att du kontaktade Solinst Eureka Water Quality Probes. N\u00e5gon i v\u00e5rt team kommer att svara p\u00e5 din f\u00f6rfr\u00e5gan inom kort.","og_url":"https:\/\/www.solinst.com\/sv\/produkter\/solinst-eureka\/kontakta-solinst-eureka\/tack-for-att-du-kontaktade-solinst-eureka\/","og_site_name":"Solinst Groundwater and Surface Water Monitoring Instrumentation, Water Level Meters, Interface Meters, Dataloggers","article_modified_time":"2025-04-04T20:45:01+00:00","og_image":[{"width":800,"height":129,"url":"https:\/\/www.solinst.com\/wp-content\/uploads\/2025\/01\/solinst-eureka-logo-800w.webp","type":"image\/webp"}],"twitter_card":"summary_large_image","twitter_misc":{"Ber\u00e4knad l\u00e4stid":"4 minuter"},"schema":{"@context":"https:\/\/schema.org","@graph":[{"@type":"WebPage","@id":"https:\/\/www.solinst.com\/sv\/produkter\/solinst-eureka\/kontakta-solinst-eureka\/tack-for-att-du-kontaktade-solinst-eureka\/","url":"https:\/\/www.solinst.com\/sv\/produkter\/solinst-eureka\/kontakta-solinst-eureka\/tack-for-att-du-kontaktade-solinst-eureka\/","name":"Tack f\u00f6r att du kontaktade Solinst Eureka","isPartOf":{"@id":"https:\/\/www.solinst.com\/sv\/#website"},"primaryImageOfPage":{"@id":"https:\/\/www.solinst.com\/sv\/produkter\/solinst-eureka\/kontakta-solinst-eureka\/tack-for-att-du-kontaktade-solinst-eureka\/#primaryimage"},"image":{"@id":"https:\/\/www.solinst.com\/sv\/produkter\/solinst-eureka\/kontakta-solinst-eureka\/tack-for-att-du-kontaktade-solinst-eureka\/#primaryimage"},"thumbnailUrl":"https:\/\/www.solinst.com\/wp-content\/uploads\/2025\/01\/solinst-eureka-logo-800w.webp","datePublished":"2025-02-18T22:11:43+00:00","dateModified":"2025-04-04T20:45:01+00:00","description":"Tack f\u00f6r att du kontaktade Solinst Eureka Water Quality Probes. N\u00e5gon i v\u00e5rt team kommer att svara p\u00e5 din f\u00f6rfr\u00e5gan inom kort.","breadcrumb":{"@id":"https:\/\/www.solinst.com\/sv\/produkter\/solinst-eureka\/kontakta-solinst-eureka\/tack-for-att-du-kontaktade-solinst-eureka\/#breadcrumb"},"inLanguage":"sv-SE","potentialAction":[{"@type":"ReadAction","target":["https:\/\/www.solinst.com\/sv\/produkter\/solinst-eureka\/kontakta-solinst-eureka\/tack-for-att-du-kontaktade-solinst-eureka\/"]}]},{"@type":"ImageObject","inLanguage":"sv-SE","@id":"https:\/\/www.solinst.com\/sv\/produkter\/solinst-eureka\/kontakta-solinst-eureka\/tack-for-att-du-kontaktade-solinst-eureka\/#primaryimage","url":"https:\/\/www.solinst.com\/wp-content\/uploads\/2025\/01\/solinst-eureka-logo-800w.webp","contentUrl":"https:\/\/www.solinst.com\/wp-content\/uploads\/2025\/01\/solinst-eureka-logo-800w.webp"},{"@type":"BreadcrumbList","@id":"https:\/\/www.solinst.com\/sv\/produkter\/solinst-eureka\/kontakta-solinst-eureka\/tack-for-att-du-kontaktade-solinst-eureka\/#breadcrumb","itemListElement":[{"@type":"ListItem","position":1,"name":"Home","item":"https:\/\/www.solinst.com\/sv\/hem\/"},{"@type":"ListItem","position":2,"name":"Produkter","item":"https:\/\/www.solinst.com\/sv\/produkter\/"},{"@type":"ListItem","position":3,"name":"Solinst Eureka","item":"https:\/\/www.solinst.com\/sv\/produkter\/solinst-eureka\/"},{"@type":"ListItem","position":4,"name":"Kontakta Solinst Eureka","item":"https:\/\/www.solinst.com\/sv\/produkter\/solinst-eureka\/kontakta-solinst-eureka\/"},{"@type":"ListItem","position":5,"name":"Tack f\u00f6r att du kontaktade Solinst Eureka"}]},{"@type":"WebSite","@id":"https:\/\/www.solinst.com\/sv\/#website","url":"https:\/\/www.solinst.com\/sv\/","name":"Solinst Groundwater and Surface Water Monitoring Instrumentation, Water Level Meters, Interface Meters, Dataloggers","description":"High quality groundwater monitoring instruments and surface water monitoring instruments including water level meters, interface meters, groundwater samplers, dataloggers and more!","potentialAction":[{"@type":"SearchAction","target":{"@type":"EntryPoint","urlTemplate":"https:\/\/www.solinst.com\/sv\/?s={search_term_string}"},"query-input":{"@type":"PropertyValueSpecification","valueRequired":true,"valueName":"search_term_string"}}],"inLanguage":"sv-SE"}]}},"_links":{"self":[{"href":"https:\/\/www.solinst.com\/sv\/wp-json\/wp\/v2\/pages\/79435","targetHints":{"allow":["GET"]}}],"collection":[{"href":"https:\/\/www.solinst.com\/sv\/wp-json\/wp\/v2\/pages"}],"about":[{"href":"https:\/\/www.solinst.com\/sv\/wp-json\/wp\/v2\/types\/page"}],"author":[{"embeddable":true,"href":"https:\/\/www.solinst.com\/sv\/wp-json\/wp\/v2\/users\/1"}],"replies":[{"embeddable":true,"href":"https:\/\/www.solinst.com\/sv\/wp-json\/wp\/v2\/comments?post=79435"}],"version-history":[{"count":1,"href":"https:\/\/www.solinst.com\/sv\/wp-json\/wp\/v2\/pages\/79435\/revisions"}],"predecessor-version":[{"id":79441,"href":"https:\/\/www.solinst.com\/sv\/wp-json\/wp\/v2\/pages\/79435\/revisions\/79441"}],"up":[{"embeddable":true,"href":"https:\/\/www.solinst.com\/sv\/wp-json\/wp\/v2\/pages\/79478"}],"wp:attachment":[{"href":"https:\/\/www.solinst.com\/sv\/wp-json\/wp\/v2\/media?parent=79435"}],"wp:term":[{"taxonomy":"folder","embeddable":true,"href":"https:\/\/www.solinst.com\/sv\/wp-json\/wp\/v2\/folder?post=79435"}],"curies":[{"name":"wp","href":"https:\/\/api.w.org\/{rel}","templated":true}]}}